{"id":34530,"date":"2026-04-01T13:48:14","date_gmt":"2026-04-01T11:48:14","guid":{"rendered":"https:\/\/hosbirger.dk\/?post_type=product&#038;p=34530"},"modified":"2026-04-04T11:52:56","modified_gmt":"2026-04-04T09:52:56","slug":"sunwill-blazer-in-moderner-passform-mit-grosem-karo-und-hellem","status":"publish","type":"product","link":"https:\/\/hosbirger.dk\/de\/produkt\/sunwill-blazer-in-moderner-passform-mit-grosem-karo-und-hellem\/","title":{"rendered":"Sunwill Blazer in Modern Fit mit gro\u00dfem Karo und hellgr\u00fcn"},"content":{"rendered":"<div class=\"xs_social_share_widget xs_share_url after_content \t\tmain_content  wslu-style-1 wslu-share-box-shaped wslu-fill-colored wslu-none wslu-share-horizontal wslu-theme-font-no wslu-main_content\">\n\n\t\t\n        <ul>\n\t\t\t        <\/ul>\n    <\/div>","protected":false},"excerpt":{"rendered":"<p>Sunwill Blazer in Modern Fit mit gro\u00dfem Karo und hellgr\u00fcn<br \/>\nBLAZER IN MODERNER PASSFORM<br \/>\nModern geschnittener Blazer mit klassischem gro\u00dfen Karomuster. Er ist aus einer leichten Woll-Leinen-Mischung gefertigt, die sowohl Struktur als auch Atmungsaktivit\u00e4t bietet. Der Blazer hat ein teilweise gemustertes Futter, das ein subtiles Detail darstellt. Er verf\u00fcgt \u00fcber eine Brusttasche mit integriertem Einstecktuch und Leistentaschen mit Klappen. Ein moderner Blazer mit komfortablen Materialien und funktionellen Details f\u00fcr einen l\u00e4ssigen und dennoch stilvollen Look.<\/p>\n<p>Wenn Sie einen vielseitigen Blazer suchen, dann ist ein Sunwill-Blazer, den Sie zu allem tragen k\u00f6nnen, die beste Wahl f\u00fcr Sie.<\/p>\n<div class=\"stack stack--one-and-a-half-spacing\">\n<p class=\"product-details__description\">Modern Fit Blazer mit kleinem Karomuster aus einer leichten Woll-Leinen-Mischung.<\/p>\n<\/div>\n<div class=\"stack\">\n<div class=\"usp\" data-v-780270bd=\"\">\n<ul class=\"usp__list\" data-v-780270bd=\"\">\n<li class=\"usp__item\" data-v-780270bd=\"\">Blazer in taillierter Passform<\/li>\n<li class=\"usp__item\" data-v-780270bd=\"\">Leichte und atmungsaktive Leinenqualit\u00e4t<\/li>\n<li class=\"usp__item\" data-v-780270bd=\"\">Stretch f\u00fcr zus\u00e4tzliche Flexibilit\u00e4t<\/li>\n<li class=\"usp__item\" data-v-780270bd=\"\">Dezentes kariertes Karomuster<\/li>\n<li class=\"usp__item\" data-v-780270bd=\"\">Halb gef\u00fcttert f\u00fcr ein leichtes und luftiges Gef\u00fchl<\/li>\n<li class=\"usp__item\" data-v-780270bd=\"\">Durchdachte Innenausstattung mit stilvollem Futter<\/li>\n<li class=\"usp__item\" data-v-780270bd=\"\">Passporttaschen mit Brusttasche mit Patte<\/li>\n<li class=\"usp__item\" data-v-780270bd=\"\">Integriertes Taschentuch, das versteckt oder nach vorne gefaltet werden kann<\/li>\n<li class=\"usp__item\" data-v-780270bd=\"\"><\/li>\n<\/ul>\n<\/div>\n<\/div>\n<p>Blazer in moderner Passform<br \/>\nHalbgef\u00fcttert f\u00fcr mehr Komfort und Bewegungsfreiheit<br \/>\nSuper Stretch<br \/>\nRecyceltes Polyester<\/p>\n<p>44% Tencel \/ 21% Wolle \/ 35% Leinen<\/p>\n<p>Reinigung: chemisch reinigen<\/p>\n<p>Jacke, Weste und Hose k\u00f6nnen in der gleichen Farbe gekauft werden.<\/p>\n<p>Kostenloser Versand bei einem Einkauf \u00fcber \u20ac100,-<\/p>","protected":false},"featured_media":34543,"comment_status":"open","ping_status":"closed","template":"","meta":{"postBodyCss":"","postBodyMargin":[],"postBodyPadding":[],"postBodyBackground":{"backgroundType":"classic","gradient":""},"site-sidebar-layout":"default","site-content-layout":"","ast-site-content-layout":"default","site-content-style":"default","site-sidebar-style":"default","ast-global-header-display":"","ast-banner-title-visibility":"","ast-main-header-display":"","ast-hfb-above-header-display":"","ast-hfb-below-header-display":"","ast-hfb-mobile-header-display":"","site-post-title":"","ast-breadcrumbs-content":"","ast-featured-img":"","footer-sml-layout":"","ast-disable-related-posts":"","theme-transparent-header-meta":"default","adv-header-id-meta":"","stick-header-meta":"","header-above-stick-meta":"","header-main-stick-meta":"","header-below-stick-meta":"","astra-migrate-meta-layouts":"set","ast-page-background-enabled":"default","ast-page-background-meta":{"desktop":{"background-color":"var(--ast-global-color-5)","background-image":"","background-repeat":"repeat","background-position":"center center","background-size":"auto","background-attachment":"scroll","background-type":"","background-media":"","overlay-type":"","overlay-color":"","overlay-opacity":"","overlay-gradient":""},"tablet":{"background-color":"","background-image":"","background-repeat":"repeat","background-position":"center center","background-size":"auto","background-attachment":"scroll","background-type":"","background-media":"","overlay-type":"","overlay-color":"","overlay-opacity":"","overlay-gradient":""},"mobile":{"background-color":"","background-image":"","background-repeat":"repeat","background-position":"center center","background-size":"auto","background-attachment":"scroll","background-type":"","background-media":"","overlay-type":"","overlay-color":"","overlay-opacity":"","overlay-gradient":""}},"ast-content-background-meta":{"desktop":{"background-color":"var(--ast-global-color-4)","background-image":"","background-repeat":"repeat","background-position":"center center","background-size":"auto","background-attachment":"scroll","background-type":"","background-media":"","overlay-type":"","overlay-color":"","overlay-opacity":"","overlay-gradient":""},"tablet":{"background-color":"var(--ast-global-color-4)","background-image":"","background-repeat":"repeat","background-position":"center center","background-size":"auto","background-attachment":"scroll","background-type":"","background-media":"","overlay-type":"","overlay-color":"","overlay-opacity":"","overlay-gradient":""},"mobile":{"background-color":"var(--ast-global-color-4)","background-image":"","background-repeat":"repeat","background-position":"center center","background-size":"auto","background-attachment":"scroll","background-type":"","background-media":"","overlay-type":"","overlay-color":"","overlay-opacity":"","overlay-gradient":""}}},"product_brand":[],"product_cat":[21,84,43],"product_tag":[],"class_list":{"0":"post-34530","1":"product","2":"type-product","3":"status-publish","4":"has-post-thumbnail","6":"product_cat-alle-varer","7":"product_cat-blazer","8":"product_cat-sunwill","9":"desktop-align-center","10":"tablet-align-left","11":"mobile-align-left","12":"ast-product-gallery-layout-horizontal-slider","13":"ast-product-single-variable","14":"ast-product-tabs-layout-horizontal","16":"first","17":"instock","18":"taxable","19":"shipping-taxable","20":"purchasable","21":"product-type-variable"},"_links":{"self":[{"href":"https:\/\/hosbirger.dk\/de\/wp-json\/wp\/v2\/product\/34530","targetHints":{"allow":["GET"]}}],"collection":[{"href":"https:\/\/hosbirger.dk\/de\/wp-json\/wp\/v2\/product"}],"about":[{"href":"https:\/\/hosbirger.dk\/de\/wp-json\/wp\/v2\/types\/product"}],"replies":[{"embeddable":true,"href":"https:\/\/hosbirger.dk\/de\/wp-json\/wp\/v2\/comments?post=34530"}],"wp:featuredmedia":[{"embeddable":true,"href":"https:\/\/hosbirger.dk\/de\/wp-json\/wp\/v2\/media\/34543"}],"wp:attachment":[{"href":"https:\/\/hosbirger.dk\/de\/wp-json\/wp\/v2\/media?parent=34530"}],"wp:term":[{"taxonomy":"product_brand","embeddable":true,"href":"https:\/\/hosbirger.dk\/de\/wp-json\/wp\/v2\/product_brand?post=34530"},{"taxonomy":"product_cat","embeddable":true,"href":"https:\/\/hosbirger.dk\/de\/wp-json\/wp\/v2\/product_cat?post=34530"},{"taxonomy":"product_tag","embeddable":true,"href":"https:\/\/hosbirger.dk\/de\/wp-json\/wp\/v2\/product_tag?post=34530"}],"curies":[{"name":"wp","href":"https:\/\/api.w.org\/{rel}","templated":true}]}}