{"id":34625,"date":"2026-04-09T15:36:23","date_gmt":"2026-04-09T13:36:23","guid":{"rendered":"https:\/\/hosbirger.dk\/?post_type=product&#038;p=34625"},"modified":"2026-04-09T15:46:37","modified_gmt":"2026-04-09T13:46:37","slug":"athletenkollektiv-baumwolle-overshirt-off-white","status":"publish","type":"product","link":"https:\/\/hosbirger.dk\/de\/produkt\/athletenkollektiv-baumwolle-overshirt-off-white\/","title":{"rendered":"Athletes Collective \u00dcberhemd I Baumwolle off white"},"content":{"rendered":"<div class=\"xs_social_share_widget xs_share_url after_content \t\tmain_content  wslu-style-1 wslu-share-box-shaped wslu-fill-colored wslu-none wslu-share-horizontal wslu-theme-font-no wslu-main_content\">\n\n\t\t\n        <ul>\n\t\t\t        <\/ul>\n    <\/div>","protected":false},"excerpt":{"rendered":"<p>Athletes Collective \u00dcberhemd I Baumwolle off white<\/p>\n<p id=\"tw-target-text\" class=\"tw-data-text tw-text-large tw-ta\" dir=\"ltr\" tabindex=\"-1\" role=\"text\" data-placeholder=\"Overs\u00e6ttelse\" data-ved=\"2ahUKEwi5q_GX5OCTAxVoHRAIHczNK98Q3ewLegQIDBAV\" aria-label=\"\u00dcbersetzter Text: Hemdjacke Monpellier. Entspannte Hemdjacke mit einer leichten Leinenstruktur. Diese Hose ist aus einem luftigen Stoff mit nat\u00fcrlicher Leinenoptik gefertigt und bietet au\u00dfergew\u00f6hnlichen Komfort und einen m\u00fchelosen Fall. Das geringe Gewicht macht sie ideal f\u00fcr w\u00e4rmere Tage, w\u00e4hrend die lockere Passform den ganzen Tag \u00fcber f\u00fcr Bewegungsfreiheit sorgt. Ein raffiniertes und doch l\u00e4ssiges Essential, das sowohl zu legeren Outfits als auch zu eleganteren Schichten passt.\"><span class=\"Y2IQFc\" lang=\"da\">\u00dcberhemd Monpellier. Entspanntes \u00dcberhemd mit einer leichten Leinenstruktur. Dieses \u00dcberhemd aus einem luftigen Stoff mit nat\u00fcrlicher Leinenoptik bietet au\u00dfergew\u00f6hnlichen Komfort und einen m\u00fchelosen Fall. Das leichte Tragegef\u00fchl macht es ideal f\u00fcr w\u00e4rmere Tage, w\u00e4hrend die lockere Passform den ganzen Tag \u00fcber f\u00fcr Bewegungsfreiheit sorgt. Ein raffiniertes, aber dennoch l\u00e4ssiges Essential, das sowohl zu legeren Outfits als auch zu eleganteren Schichten passt.<\/span><\/p>\n<p dir=\"ltr\" tabindex=\"-1\" role=\"text\" data-placeholder=\"Overs\u00e6ttelse\" data-ved=\"2ahUKEwi5q_GX5OCTAxVoHRAIHczNK98Q3ewLegQIDBAV\" aria-label=\"\u00dcbersetzter Text: Hemdjacke Monpellier. Entspannte Hemdjacke mit einer leichten Leinenstruktur. Diese Hose ist aus einem luftigen Stoff mit nat\u00fcrlicher Leinenoptik gefertigt und bietet au\u00dfergew\u00f6hnlichen Komfort und einen m\u00fchelosen Fall. Das geringe Gewicht macht sie ideal f\u00fcr w\u00e4rmere Tage, w\u00e4hrend die lockere Passform den ganzen Tag \u00fcber f\u00fcr Bewegungsfreiheit sorgt. Ein raffiniertes und doch l\u00e4ssiges Essential, das sowohl zu legeren Outfits als auch zu eleganteren Schichten passt.\">100% Baumwolle<\/p>\n<p>Waschen: 40\u00b0.<\/p>\n<p>Kostenloser Versand bei einem Einkauf \u00fcber \u20ac100,-<\/p>","protected":false},"featured_media":34637,"comment_status":"open","ping_status":"closed","template":"","meta":{"postBodyCss":"","postBodyMargin":[],"postBodyPadding":[],"postBodyBackground":{"backgroundType":"classic","gradient":""},"site-sidebar-layout":"default","site-content-layout":"","ast-site-content-layout":"default","site-content-style":"default","site-sidebar-style":"default","ast-global-header-display":"","ast-banner-title-visibility":"","ast-main-header-display":"","ast-hfb-above-header-display":"","ast-hfb-below-header-display":"","ast-hfb-mobile-header-display":"","site-post-title":"","ast-breadcrumbs-content":"","ast-featured-img":"","footer-sml-layout":"","ast-disable-related-posts":"","theme-transparent-header-meta":"default","adv-header-id-meta":"","stick-header-meta":"","header-above-stick-meta":"","header-main-stick-meta":"","header-below-stick-meta":"","astra-migrate-meta-layouts":"set","ast-page-background-enabled":"default","ast-page-background-meta":{"desktop":{"background-color":"var(--ast-global-color-5)","background-image":"","background-repeat":"repeat","background-position":"center center","background-size":"auto","background-attachment":"scroll","background-type":"","background-media":"","overlay-type":"","overlay-color":"","overlay-opacity":"","overlay-gradient":""},"tablet":{"background-color":"","background-image":"","background-repeat":"repeat","background-position":"center center","background-size":"auto","background-attachment":"scroll","background-type":"","background-media":"","overlay-type":"","overlay-color":"","overlay-opacity":"","overlay-gradient":""},"mobile":{"background-color":"","background-image":"","background-repeat":"repeat","background-position":"center center","background-size":"auto","background-attachment":"scroll","background-type":"","background-media":"","overlay-type":"","overlay-color":"","overlay-opacity":"","overlay-gradient":""}},"ast-content-background-meta":{"desktop":{"background-color":"var(--ast-global-color-4)","background-image":"","background-repeat":"repeat","background-position":"center center","background-size":"auto","background-attachment":"scroll","background-type":"","background-media":"","overlay-type":"","overlay-color":"","overlay-opacity":"","overlay-gradient":""},"tablet":{"background-color":"var(--ast-global-color-4)","background-image":"","background-repeat":"repeat","background-position":"center center","background-size":"auto","background-attachment":"scroll","background-type":"","background-media":"","overlay-type":"","overlay-color":"","overlay-opacity":"","overlay-gradient":""},"mobile":{"background-color":"var(--ast-global-color-4)","background-image":"","background-repeat":"repeat","background-position":"center center","background-size":"auto","background-attachment":"scroll","background-type":"","background-media":"","overlay-type":"","overlay-color":"","overlay-opacity":"","overlay-gradient":""}}},"product_brand":[],"product_cat":[21,308,84,58,42],"product_tag":[],"class_list":{"0":"post-34625","1":"product","2":"type-product","3":"status-publish","4":"has-post-thumbnail","6":"product_cat-alle-varer","7":"product_cat-athletes-collective","8":"product_cat-blazer","9":"product_cat-bluser","10":"product_cat-overtoej","11":"desktop-align-center","12":"tablet-align-left","13":"mobile-align-left","14":"ast-product-gallery-layout-horizontal-slider","15":"ast-product-gallery-with-no-image","16":"ast-product-single-variable","17":"ast-product-tabs-layout-horizontal","19":"first","20":"instock","21":"taxable","22":"shipping-taxable","23":"purchasable","24":"product-type-variable"},"_links":{"self":[{"href":"https:\/\/hosbirger.dk\/de\/wp-json\/wp\/v2\/product\/34625","targetHints":{"allow":["GET"]}}],"collection":[{"href":"https:\/\/hosbirger.dk\/de\/wp-json\/wp\/v2\/product"}],"about":[{"href":"https:\/\/hosbirger.dk\/de\/wp-json\/wp\/v2\/types\/product"}],"replies":[{"embeddable":true,"href":"https:\/\/hosbirger.dk\/de\/wp-json\/wp\/v2\/comments?post=34625"}],"wp:featuredmedia":[{"embeddable":true,"href":"https:\/\/hosbirger.dk\/de\/wp-json\/wp\/v2\/media\/34637"}],"wp:attachment":[{"href":"https:\/\/hosbirger.dk\/de\/wp-json\/wp\/v2\/media?parent=34625"}],"wp:term":[{"taxonomy":"product_brand","embeddable":true,"href":"https:\/\/hosbirger.dk\/de\/wp-json\/wp\/v2\/product_brand?post=34625"},{"taxonomy":"product_cat","embeddable":true,"href":"https:\/\/hosbirger.dk\/de\/wp-json\/wp\/v2\/product_cat?post=34625"},{"taxonomy":"product_tag","embeddable":true,"href":"https:\/\/hosbirger.dk\/de\/wp-json\/wp\/v2\/product_tag?post=34625"}],"curies":[{"name":"wp","href":"https:\/\/api.w.org\/{rel}","templated":true}]}}