{"id":34896,"date":"2026-04-20T16:54:25","date_gmt":"2026-04-20T14:54:25","guid":{"rendered":"https:\/\/hosbirger.dk\/?post_type=product&#038;p=34896"},"modified":"2026-04-20T16:59:05","modified_gmt":"2026-04-20T14:59:05","slug":"athleten-kollektiven-kurzarm-shirt-in-grun-m","status":"publish","type":"product","link":"https:\/\/hosbirger.dk\/de\/produkt\/athleten-kollektiven-kurzarm-shirt-in-grun-m\/","title":{"rendered":"Athletes Collective Kurzarm-Shirt in gr\u00fcn meliert"},"content":{"rendered":"<div class=\"xs_social_share_widget xs_share_url after_content \t\tmain_content  wslu-style-1 wslu-share-box-shaped wslu-fill-colored wslu-none wslu-share-horizontal wslu-theme-font-no wslu-main_content\">\n\n\t\t\n        <ul>\n\t\t\t        <\/ul>\n    <\/div>","protected":false},"excerpt":{"rendered":"<p>Athletes Collective Leinen\/Baumwolle Kurzarmhemd gr\u00fcn meliert<\/p>\n<p id=\"tw-target-text\" class=\"tw-data-text tw-text-large tw-ta\" dir=\"ltr\" tabindex=\"-1\" role=\"text\" data-placeholder=\"Overs\u00e6ttelse\" data-ved=\"2ahUKEwi5zcKg-PaTAxXJIhAIHVUjN1sQ3ewLegQIDBAV\" aria-label=\"Oversat tekst: Skjorte Sapri SS Hvor forretning m\u00f8der fritid Sapri-skjorten er din favorit til ubesv\u00e6ret sommerlig elegance. Den er lavet af en \u00e5ndbar blanding af h\u00f8r og bomuld, hvilket g\u00f8r den let, luftig og utrolig behagelig \u2013 perfekt til varme dage, uanset om du er p\u00e5 arbejde eller slapper af ved kysten. Med en afslappet Cuba-krave og et diskret print inspireret af havets liv, rammer den den perfekte balance mellem raffineret og afslappet. \u2022 55% h\u00f8r \/ 45% bomuld \u2022 Let og \u00e5ndbar \u2022 Normal pasform \u2022 Korte \u00e6rmer\"><span class=\"Y2IQFc\" lang=\"da\">Skjorte Sapri SS Hvor forretning m\u00f8der fritid Sapri skjorten er din favorit til ubesv\u00e6ret sommerlig elegance. Den er lavet af en \u00e5ndbar blanding af h\u00f8r og bomuld, hvilket g\u00f8r den let, luftig og utrolig behagelig \u2013 perfekt til varme dage, uanset om du er p\u00e5 arbejde eller slapper af ved kysten. Med en afslappet Cuba-krave og et diskret print inspireret af havets liv, rammer den den perfekte balance mellem raffineret og afslappet.<\/span><\/p>\n<p class=\"tw-data-text tw-text-large tw-ta\" dir=\"ltr\" tabindex=\"-1\" role=\"text\" data-placeholder=\"Overs\u00e6ttelse\" data-ved=\"2ahUKEwi5zcKg-PaTAxXJIhAIHVUjN1sQ3ewLegQIDBAV\" aria-label=\"Oversat tekst: Skjorte Sapri SS Hvor forretning m\u00f8der fritid Sapri-skjorten er din favorit til ubesv\u00e6ret sommerlig elegance. Den er lavet af en \u00e5ndbar blanding af h\u00f8r og bomuld, hvilket g\u00f8r den let, luftig og utrolig behagelig \u2013 perfekt til varme dage, uanset om du er p\u00e5 arbejde eller slapper af ved kysten. Med en afslappet Cuba-krave og et diskret print inspireret af havets liv, rammer den den perfekte balance mellem raffineret og afslappet. \u2022 55% h\u00f8r \/ 45% bomuld \u2022 Let og \u00e5ndbar \u2022 Normal pasform \u2022 Korte \u00e6rmer\"><span class=\"Y2IQFc\" lang=\"da\">- 55% Leinen \/ 45% Baumwolle <\/span><\/p>\n<p class=\"tw-data-text tw-text-large tw-ta\" dir=\"ltr\" tabindex=\"-1\" role=\"text\" data-placeholder=\"Overs\u00e6ttelse\" data-ved=\"2ahUKEwi5zcKg-PaTAxXJIhAIHVUjN1sQ3ewLegQIDBAV\" aria-label=\"Oversat tekst: Skjorte Sapri SS Hvor forretning m\u00f8der fritid Sapri-skjorten er din favorit til ubesv\u00e6ret sommerlig elegance. Den er lavet af en \u00e5ndbar blanding af h\u00f8r og bomuld, hvilket g\u00f8r den let, luftig og utrolig behagelig \u2013 perfekt til varme dage, uanset om du er p\u00e5 arbejde eller slapper af ved kysten. Med en afslappet Cuba-krave og et diskret print inspireret af havets liv, rammer den den perfekte balance mellem raffineret og afslappet. \u2022 55% h\u00f8r \/ 45% bomuld \u2022 Let og \u00e5ndbar \u2022 Normal pasform \u2022 Korte \u00e6rmer\"><span class=\"Y2IQFc\" lang=\"da\">\u2022 Let og \u00e5nd bar <\/span><\/p>\n<p class=\"tw-data-text tw-text-large tw-ta\" dir=\"ltr\" tabindex=\"-1\" role=\"text\" data-placeholder=\"Overs\u00e6ttelse\" data-ved=\"2ahUKEwi5zcKg-PaTAxXJIhAIHVUjN1sQ3ewLegQIDBAV\" aria-label=\"Oversat tekst: Skjorte Sapri SS Hvor forretning m\u00f8der fritid Sapri-skjorten er din favorit til ubesv\u00e6ret sommerlig elegance. Den er lavet af en \u00e5ndbar blanding af h\u00f8r og bomuld, hvilket g\u00f8r den let, luftig og utrolig behagelig \u2013 perfekt til varme dage, uanset om du er p\u00e5 arbejde eller slapper af ved kysten. Med en afslappet Cuba-krave og et diskret print inspireret af havets liv, rammer den den perfekte balance mellem raffineret og afslappet. \u2022 55% h\u00f8r \/ 45% bomuld \u2022 Let og \u00e5ndbar \u2022 Normal pasform \u2022 Korte \u00e6rmer\"><span class=\"Y2IQFc\" lang=\"da\">- Normale Passform <\/span><\/p>\n<p class=\"tw-data-text tw-text-large tw-ta\" dir=\"ltr\" tabindex=\"-1\" role=\"text\" data-placeholder=\"Overs\u00e6ttelse\" data-ved=\"2ahUKEwi5zcKg-PaTAxXJIhAIHVUjN1sQ3ewLegQIDBAV\" aria-label=\"Oversat tekst: Skjorte Sapri SS Hvor forretning m\u00f8der fritid Sapri-skjorten er din favorit til ubesv\u00e6ret sommerlig elegance. Den er lavet af en \u00e5ndbar blanding af h\u00f8r og bomuld, hvilket g\u00f8r den let, luftig og utrolig behagelig \u2013 perfekt til varme dage, uanset om du er p\u00e5 arbejde eller slapper af ved kysten. Med en afslappet Cuba-krave og et diskret print inspireret af havets liv, rammer den den perfekte balance mellem raffineret og afslappet. \u2022 55% h\u00f8r \/ 45% bomuld \u2022 Let og \u00e5ndbar \u2022 Normal pasform \u2022 Korte \u00e6rmer\"><span class=\"Y2IQFc\" lang=\"da\">\u2022 Korte \u00e6rmer<\/span><\/p>\n<p>Waschen: 40\u00b0.<\/p>\n<p>Kostenloser Versand bei einem Einkauf \u00fcber \u20ac100,-<\/p>","protected":false},"featured_media":34895,"comment_status":"open","ping_status":"closed","template":"","meta":{"postBodyCss":"","postBodyMargin":[],"postBodyPadding":[],"postBodyBackground":{"backgroundType":"classic","gradient":""},"site-sidebar-layout":"default","site-content-layout":"default","ast-site-content-layout":"default","site-content-style":"default","site-sidebar-style":"default","ast-global-header-display":"","ast-banner-title-visibility":"","ast-main-header-display":"","ast-hfb-above-header-display":"","ast-hfb-below-header-display":"","ast-hfb-mobile-header-display":"","site-post-title":"","ast-breadcrumbs-content":"","ast-featured-img":"","footer-sml-layout":"","ast-disable-related-posts":"","theme-transparent-header-meta":"default","adv-header-id-meta":"","stick-header-meta":"","header-above-stick-meta":"","header-main-stick-meta":"","header-below-stick-meta":"","astra-migrate-meta-layouts":"set","ast-page-background-enabled":"default","ast-page-background-meta":{"desktop":{"background-color":"var(--ast-global-color-5)","background-image":"","background-repeat":"repeat","background-position":"center center","background-size":"auto","background-attachment":"scroll","background-type":"","background-media":"","overlay-type":"","overlay-color":"","overlay-opacity":"","overlay-gradient":""},"tablet":{"background-color":"","background-image":"","background-repeat":"repeat","background-position":"center center","background-size":"auto","background-attachment":"scroll","background-type":"","background-media":"","overlay-type":"","overlay-color":"","overlay-opacity":"","overlay-gradient":""},"mobile":{"background-color":"","background-image":"","background-repeat":"repeat","background-position":"center center","background-size":"auto","background-attachment":"scroll","background-type":"","background-media":"","overlay-type":"","overlay-color":"","overlay-opacity":"","overlay-gradient":""}},"ast-content-background-meta":{"desktop":{"background-color":"var(--ast-global-color-4)","background-image":"","background-repeat":"repeat","background-position":"center center","background-size":"auto","background-attachment":"scroll","background-type":"","background-media":"","overlay-type":"","overlay-color":"","overlay-opacity":"","overlay-gradient":""},"tablet":{"background-color":"var(--ast-global-color-4)","background-image":"","background-repeat":"repeat","background-position":"center center","background-size":"auto","background-attachment":"scroll","background-type":"","background-media":"","overlay-type":"","overlay-color":"","overlay-opacity":"","overlay-gradient":""},"mobile":{"background-color":"var(--ast-global-color-4)","background-image":"","background-repeat":"repeat","background-position":"center center","background-size":"auto","background-attachment":"scroll","background-type":"","background-media":"","overlay-type":"","overlay-color":"","overlay-opacity":"","overlay-gradient":""}}},"product_brand":[],"product_cat":[308,75],"product_tag":[],"class_list":{"0":"post-34896","1":"product","2":"type-product","3":"status-publish","4":"has-post-thumbnail","6":"product_cat-athletes-collective","7":"product_cat-skjorter","8":"desktop-align-center","9":"tablet-align-left","10":"mobile-align-left","11":"ast-product-gallery-layout-horizontal-slider","12":"ast-product-single-variable","13":"ast-product-tabs-layout-horizontal","15":"first","16":"instock","17":"taxable","18":"shipping-taxable","19":"purchasable","20":"product-type-variable"},"_links":{"self":[{"href":"https:\/\/hosbirger.dk\/de\/wp-json\/wp\/v2\/product\/34896","targetHints":{"allow":["GET"]}}],"collection":[{"href":"https:\/\/hosbirger.dk\/de\/wp-json\/wp\/v2\/product"}],"about":[{"href":"https:\/\/hosbirger.dk\/de\/wp-json\/wp\/v2\/types\/product"}],"replies":[{"embeddable":true,"href":"https:\/\/hosbirger.dk\/de\/wp-json\/wp\/v2\/comments?post=34896"}],"wp:featuredmedia":[{"embeddable":true,"href":"https:\/\/hosbirger.dk\/de\/wp-json\/wp\/v2\/media\/34895"}],"wp:attachment":[{"href":"https:\/\/hosbirger.dk\/de\/wp-json\/wp\/v2\/media?parent=34896"}],"wp:term":[{"taxonomy":"product_brand","embeddable":true,"href":"https:\/\/hosbirger.dk\/de\/wp-json\/wp\/v2\/product_brand?post=34896"},{"taxonomy":"product_cat","embeddable":true,"href":"https:\/\/hosbirger.dk\/de\/wp-json\/wp\/v2\/product_cat?post=34896"},{"taxonomy":"product_tag","embeddable":true,"href":"https:\/\/hosbirger.dk\/de\/wp-json\/wp\/v2\/product_tag?post=34896"}],"curies":[{"name":"wp","href":"https:\/\/api.w.org\/{rel}","templated":true}]}}