{"id":34960,"date":"2026-04-21T11:31:40","date_gmt":"2026-04-21T09:31:40","guid":{"rendered":"https:\/\/hosbirger.dk\/?post_type=product&#038;p=34960"},"modified":"2026-04-21T11:34:21","modified_gmt":"2026-04-21T09:34:21","slug":"athletes-collective-luftige-shorts-bloed-og-let-2","status":"publish","type":"product","link":"https:\/\/hosbirger.dk\/de\/produkt\/athletes-collective-luftige-shorts-bloed-og-let-2\/","title":{"rendered":"Athletes Collective luftige Shorts weich und hellblau gef\u00e4rbt"},"content":{"rendered":"<div class=\"xs_social_share_widget xs_share_url after_content \t\tmain_content  wslu-style-1 wslu-share-box-shaped wslu-fill-colored wslu-none wslu-share-horizontal wslu-theme-font-no wslu-main_content\">\n\n\t\t\n        <ul>\n\t\t\t        <\/ul>\n    <\/div>","protected":false},"excerpt":{"rendered":"<p>Athletes Collective luftige Shorts weich und hellblau gef\u00e4rbt<\/p>\n<p id=\"tw-target-text\" class=\"tw-data-text tw-text-large tw-ta\" dir=\"ltr\" tabindex=\"-1\" role=\"text\" data-placeholder=\"Overs\u00e6ttelse\" data-ved=\"2ahUKEwi5zcKg-PaTAxXJIhAIHVUjN1sQ3ewLegQIDBAV\" aria-label=\"Oversat tekst: Manarola Shorts Lufte bukser med en bl\u00f8d og let fornemmelse. Lavet til komfort hele dagen med en \u00e5ndbar konstruktion, der giver nem bev\u00e6gelse. Ideel til b\u00e5de sport og hverdagsbrug, kombinerer de afslappet ydeevne med et rent og alsidigt look. Et uundv\u00e6rligt stykke t\u00f8j designet til at holde trit med din daglige rutine.\"><span class=\"Y2IQFc\" lang=\"da\">Manarola Shorts Luftig med en bl\u00f8d og let fornemmelse. Lavet til komfort hele dagen med en \u00e5ndbar konstruktion, der giver nem bev\u00e6gelse. Ideel til b\u00e5de sport og hverdagsbrug, kombinerer de afslappet ydeevne med et rent og alsidigt look. Et uundv\u00e6rligt stykke t\u00f8j designet til at holde trit med din daglige rutine. Et par short som er s\u00e5 sk\u00f8nne at have p\u00e5 i sydens sol og sommer med en kold cocktail i h\u00e5nden.<\/span><\/p>\n<p dir=\"ltr\" tabindex=\"-1\" role=\"text\" data-placeholder=\"Overs\u00e6ttelse\" data-ved=\"2ahUKEwi5zcKg-PaTAxXJIhAIHVUjN1sQ3ewLegQIDBAV\" aria-label=\"Oversat tekst: Manarola Shorts Lufte bukser med en bl\u00f8d og let fornemmelse. Lavet til komfort hele dagen med en \u00e5ndbar konstruktion, der giver nem bev\u00e6gelse. Ideel til b\u00e5de sport og hverdagsbrug, kombinerer de afslappet ydeevne med et rent og alsidigt look. Et uundv\u00e6rligt stykke t\u00f8j designet til at holde trit med din daglige rutine.\">100% Polyester<\/p>\n<p dir=\"ltr\" tabindex=\"-1\" role=\"text\" data-placeholder=\"Overs\u00e6ttelse\" data-ved=\"2ahUKEwi5zcKg-PaTAxXJIhAIHVUjN1sQ3ewLegQIDBAV\" aria-label=\"Oversat tekst: Manarola Shorts Lufte bukser med en bl\u00f8d og let fornemmelse. Lavet til komfort hele dagen med en \u00e5ndbar konstruktion, der giver nem bev\u00e6gelse. Ideel til b\u00e5de sport og hverdagsbrug, kombinerer de afslappet ydeevne med et rent og alsidigt look. Et uundv\u00e6rligt stykke t\u00f8j designet til at holde trit med din daglige rutine.\"><span style=\"font-size: 16px;\">Waschen: 40\u00b0.<\/span><\/p>\n<p>Kostenloser Versand bei einem Einkauf \u00fcber \u20ac100,-<\/p>","protected":false},"featured_media":34952,"comment_status":"open","ping_status":"closed","template":"","meta":{"postBodyCss":"","postBodyMargin":[],"postBodyPadding":[],"postBodyBackground":{"backgroundType":"classic","gradient":""},"site-sidebar-layout":"default","site-content-layout":"default","ast-site-content-layout":"default","site-content-style":"default","site-sidebar-style":"default","ast-global-header-display":"","ast-banner-title-visibility":"","ast-main-header-display":"","ast-hfb-above-header-display":"","ast-hfb-below-header-display":"","ast-hfb-mobile-header-display":"","site-post-title":"","ast-breadcrumbs-content":"","ast-featured-img":"","footer-sml-layout":"","ast-disable-related-posts":"","theme-transparent-header-meta":"default","adv-header-id-meta":"","stick-header-meta":"","header-above-stick-meta":"","header-main-stick-meta":"","header-below-stick-meta":"","astra-migrate-meta-layouts":"set","ast-page-background-enabled":"default","ast-page-background-meta":{"desktop":{"background-color":"var(--ast-global-color-5)","background-image":"","background-repeat":"repeat","background-position":"center center","background-size":"auto","background-attachment":"scroll","background-type":"","background-media":"","overlay-type":"","overlay-color":"","overlay-opacity":"","overlay-gradient":""},"tablet":{"background-color":"","background-image":"","background-repeat":"repeat","background-position":"center center","background-size":"auto","background-attachment":"scroll","background-type":"","background-media":"","overlay-type":"","overlay-color":"","overlay-opacity":"","overlay-gradient":""},"mobile":{"background-color":"","background-image":"","background-repeat":"repeat","background-position":"center center","background-size":"auto","background-attachment":"scroll","background-type":"","background-media":"","overlay-type":"","overlay-color":"","overlay-opacity":"","overlay-gradient":""}},"ast-content-background-meta":{"desktop":{"background-color":"var(--ast-global-color-4)","background-image":"","background-repeat":"repeat","background-position":"center center","background-size":"auto","background-attachment":"scroll","background-type":"","background-media":"","overlay-type":"","overlay-color":"","overlay-opacity":"","overlay-gradient":""},"tablet":{"background-color":"var(--ast-global-color-4)","background-image":"","background-repeat":"repeat","background-position":"center center","background-size":"auto","background-attachment":"scroll","background-type":"","background-media":"","overlay-type":"","overlay-color":"","overlay-opacity":"","overlay-gradient":""},"mobile":{"background-color":"var(--ast-global-color-4)","background-image":"","background-repeat":"repeat","background-position":"center center","background-size":"auto","background-attachment":"scroll","background-type":"","background-media":"","overlay-type":"","overlay-color":"","overlay-opacity":"","overlay-gradient":""}}},"product_brand":[],"product_cat":[21,308,179],"product_tag":[],"class_list":{"0":"post-34960","1":"product","2":"type-product","3":"status-publish","4":"has-post-thumbnail","6":"product_cat-alle-varer","7":"product_cat-athletes-collective","8":"product_cat-shorts","9":"desktop-align-center","10":"tablet-align-left","11":"mobile-align-left","12":"ast-product-gallery-layout-horizontal-slider","13":"ast-product-single-variable","14":"ast-product-tabs-layout-horizontal","16":"first","17":"instock","18":"taxable","19":"shipping-taxable","20":"purchasable","21":"product-type-variable"},"_links":{"self":[{"href":"https:\/\/hosbirger.dk\/de\/wp-json\/wp\/v2\/product\/34960","targetHints":{"allow":["GET"]}}],"collection":[{"href":"https:\/\/hosbirger.dk\/de\/wp-json\/wp\/v2\/product"}],"about":[{"href":"https:\/\/hosbirger.dk\/de\/wp-json\/wp\/v2\/types\/product"}],"replies":[{"embeddable":true,"href":"https:\/\/hosbirger.dk\/de\/wp-json\/wp\/v2\/comments?post=34960"}],"wp:featuredmedia":[{"embeddable":true,"href":"https:\/\/hosbirger.dk\/de\/wp-json\/wp\/v2\/media\/34952"}],"wp:attachment":[{"href":"https:\/\/hosbirger.dk\/de\/wp-json\/wp\/v2\/media?parent=34960"}],"wp:term":[{"taxonomy":"product_brand","embeddable":true,"href":"https:\/\/hosbirger.dk\/de\/wp-json\/wp\/v2\/product_brand?post=34960"},{"taxonomy":"product_cat","embeddable":true,"href":"https:\/\/hosbirger.dk\/de\/wp-json\/wp\/v2\/product_cat?post=34960"},{"taxonomy":"product_tag","embeddable":true,"href":"https:\/\/hosbirger.dk\/de\/wp-json\/wp\/v2\/product_tag?post=34960"}],"curies":[{"name":"wp","href":"https:\/\/api.w.org\/{rel}","templated":true}]}}