{"id":35138,"date":"2026-05-13T14:32:29","date_gmt":"2026-05-13T12:32:29","guid":{"rendered":"https:\/\/hosbirger.dk\/?post_type=product&#038;p=35138"},"modified":"2026-05-13T14:44:17","modified_gmt":"2026-05-13T12:44:17","slug":"athleten-kollektiven-elastischen-gurtel-in-stoff-sand","status":"publish","type":"product","link":"https:\/\/hosbirger.dk\/de\/produkt\/athleten-kollektiven-elastischen-gurtel-in-stoff-sand\/","title":{"rendered":"Athletes Collective elastischer Stoffg\u00fcrtel sand"},"content":{"rendered":"<div class=\"xs_social_share_widget xs_share_url after_content \t\tmain_content  wslu-style-1 wslu-share-box-shaped wslu-fill-colored wslu-none wslu-share-horizontal wslu-theme-font-no wslu-main_content\">\n\n\t\t\n        <ul>\n\t\t\t        <\/ul>\n    <\/div>","protected":false},"excerpt":{"rendered":"<p data-start=\"60\" data-end=\"420\">Athletes Collective elastischer Stoffg\u00fcrtel sand<\/p>\n<p data-start=\"60\" data-end=\"420\">Athletes Collective Belt Elastic som f\u00e5es i tre l\u00e6ngder, et b\u00e6lte som er super dejlig at have p\u00e5, s\u00e5 fast i elastikken s\u00e5 bukserne ikke falder ned og alligevel elastisk s\u00e5 der ikke er noget som strammer.<\/p>\n<p data-start=\"60\" data-end=\"420\">de f\u00e5es i 0-120, 100-180 &amp; 140-200 cm<\/p>\n<p id=\"tw-target-text\" class=\"tw-data-text tw-text-large tw-ta\" dir=\"ltr\" tabindex=\"-1\" role=\"text\" data-placeholder=\"Overs\u00e6ttelse\" data-ved=\"2ahUKEwju44G-o7aUAxXikcMKHRl8BPsQ3ewLegQIERAV\" aria-label=\"Oversat tekst: Elastikb\u00e6lteSt\u00e6rkt elastisk b\u00e6lte, let justerbartMetalsp\u00e6nde- 70% polypropylen\/ 30% gummi- justerbart- st\u00e6rkt\"><span class=\"Y2IQFc\" lang=\"da\">Elastikb\u00e6lte St\u00e6rkt elastisk b\u00e6lte, let justerbart Metalsp\u00e6nde <\/span><\/p>\n<p class=\"tw-data-text tw-text-large tw-ta\" dir=\"ltr\" tabindex=\"-1\" role=\"text\" data-placeholder=\"Overs\u00e6ttelse\" data-ved=\"2ahUKEwju44G-o7aUAxXikcMKHRl8BPsQ3ewLegQIERAV\" aria-label=\"Oversat tekst: Elastikb\u00e6lteSt\u00e6rkt elastisk b\u00e6lte, let justerbartMetalsp\u00e6nde- 70% polypropylen\/ 30% gummi- justerbart- st\u00e6rkt\"><span class=\"Y2IQFc\" lang=\"da\">- <\/span><span class=\"Y2IQFc\" lang=\"da\">70% polypropylen\/ 30% gummi <\/span><\/p>\n<p class=\"tw-data-text tw-text-large tw-ta\" dir=\"ltr\" tabindex=\"-1\" role=\"text\" data-placeholder=\"Overs\u00e6ttelse\" data-ved=\"2ahUKEwju44G-o7aUAxXikcMKHRl8BPsQ3ewLegQIERAV\" aria-label=\"Oversat tekst: Elastikb\u00e6lteSt\u00e6rkt elastisk b\u00e6lte, let justerbartMetalsp\u00e6nde- 70% polypropylen\/ 30% gummi- justerbart- st\u00e6rkt\"><span class=\"Y2IQFc\" lang=\"da\">- <\/span><span class=\"Y2IQFc\" lang=\"da\">justerbart <\/span><\/p>\n<p class=\"tw-data-text tw-text-large tw-ta\" dir=\"ltr\" tabindex=\"-1\" role=\"text\" data-placeholder=\"Overs\u00e6ttelse\" data-ved=\"2ahUKEwju44G-o7aUAxXikcMKHRl8BPsQ3ewLegQIERAV\" aria-label=\"Oversat tekst: Elastikb\u00e6lteSt\u00e6rkt elastisk b\u00e6lte, let justerbartMetalsp\u00e6nde- 70% polypropylen\/ 30% gummi- justerbart- st\u00e6rkt\"><span class=\"Y2IQFc\" lang=\"da\">&#8211; st\u00e6rkt<\/span><\/p>\n<p>Kostenloser Versand bei einem Einkauf \u00fcber \u20ac100,-<\/p>","protected":false},"featured_media":35149,"comment_status":"open","ping_status":"closed","template":"","meta":{"postBodyCss":"","postBodyMargin":[],"postBodyPadding":[],"postBodyBackground":{"backgroundType":"classic","gradient":""},"site-sidebar-layout":"default","site-content-layout":"default","ast-site-content-layout":"default","site-content-style":"default","site-sidebar-style":"default","ast-global-header-display":"","ast-banner-title-visibility":"","ast-main-header-display":"","ast-hfb-above-header-display":"","ast-hfb-below-header-display":"","ast-hfb-mobile-header-display":"","site-post-title":"","ast-breadcrumbs-content":"","ast-featured-img":"","footer-sml-layout":"","ast-disable-related-posts":"","theme-transparent-header-meta":"default","adv-header-id-meta":"","stick-header-meta":"","header-above-stick-meta":"","header-main-stick-meta":"","header-below-stick-meta":"","astra-migrate-meta-layouts":"set","ast-page-background-enabled":"default","ast-page-background-meta":{"desktop":{"background-color":"var(--ast-global-color-5)","background-image":"","background-repeat":"repeat","background-position":"center center","background-size":"auto","background-attachment":"scroll","background-type":"","background-media":"","overlay-type":"","overlay-color":"","overlay-opacity":"","overlay-gradient":""},"tablet":{"background-color":"","background-image":"","background-repeat":"repeat","background-position":"center center","background-size":"auto","background-attachment":"scroll","background-type":"","background-media":"","overlay-type":"","overlay-color":"","overlay-opacity":"","overlay-gradient":""},"mobile":{"background-color":"","background-image":"","background-repeat":"repeat","background-position":"center center","background-size":"auto","background-attachment":"scroll","background-type":"","background-media":"","overlay-type":"","overlay-color":"","overlay-opacity":"","overlay-gradient":""}},"ast-content-background-meta":{"desktop":{"background-color":"var(--ast-global-color-4)","background-image":"","background-repeat":"repeat","background-position":"center center","background-size":"auto","background-attachment":"scroll","background-type":"","background-media":"","overlay-type":"","overlay-color":"","overlay-opacity":"","overlay-gradient":""},"tablet":{"background-color":"var(--ast-global-color-4)","background-image":"","background-repeat":"repeat","background-position":"center center","background-size":"auto","background-attachment":"scroll","background-type":"","background-media":"","overlay-type":"","overlay-color":"","overlay-opacity":"","overlay-gradient":""},"mobile":{"background-color":"var(--ast-global-color-4)","background-image":"","background-repeat":"repeat","background-position":"center center","background-size":"auto","background-attachment":"scroll","background-type":"","background-media":"","overlay-type":"","overlay-color":"","overlay-opacity":"","overlay-gradient":""}}},"product_brand":[],"product_cat":[21,308,65],"product_tag":[],"class_list":{"0":"post-35138","1":"product","2":"type-product","3":"status-publish","4":"has-post-thumbnail","6":"product_cat-alle-varer","7":"product_cat-athletes-collective","8":"product_cat-t-shirt-polo","9":"desktop-align-center","10":"tablet-align-left","11":"mobile-align-left","12":"ast-product-gallery-layout-horizontal-slider","13":"ast-product-gallery-with-no-image","14":"ast-product-single-variable","15":"ast-product-tabs-layout-horizontal","17":"first","18":"instock","19":"taxable","20":"shipping-taxable","21":"purchasable","22":"product-type-variable"},"_links":{"self":[{"href":"https:\/\/hosbirger.dk\/de\/wp-json\/wp\/v2\/product\/35138","targetHints":{"allow":["GET"]}}],"collection":[{"href":"https:\/\/hosbirger.dk\/de\/wp-json\/wp\/v2\/product"}],"about":[{"href":"https:\/\/hosbirger.dk\/de\/wp-json\/wp\/v2\/types\/product"}],"replies":[{"embeddable":true,"href":"https:\/\/hosbirger.dk\/de\/wp-json\/wp\/v2\/comments?post=35138"}],"wp:featuredmedia":[{"embeddable":true,"href":"https:\/\/hosbirger.dk\/de\/wp-json\/wp\/v2\/media\/35149"}],"wp:attachment":[{"href":"https:\/\/hosbirger.dk\/de\/wp-json\/wp\/v2\/media?parent=35138"}],"wp:term":[{"taxonomy":"product_brand","embeddable":true,"href":"https:\/\/hosbirger.dk\/de\/wp-json\/wp\/v2\/product_brand?post=35138"},{"taxonomy":"product_cat","embeddable":true,"href":"https:\/\/hosbirger.dk\/de\/wp-json\/wp\/v2\/product_cat?post=35138"},{"taxonomy":"product_tag","embeddable":true,"href":"https:\/\/hosbirger.dk\/de\/wp-json\/wp\/v2\/product_tag?post=35138"}],"curies":[{"name":"wp","href":"https:\/\/api.w.org\/{rel}","templated":true}]}}