{"id":357,"date":"2025-07-03T09:37:35","date_gmt":"2025-07-03T07:37:35","guid":{"rendered":"https:\/\/hosbirger.dk\/?post_type=product&#038;p=357"},"modified":"2026-03-28T11:30:08","modified_gmt":"2026-03-28T10:30:08","slug":"adamo-strumpfhose-schwarz-mit-und-verbessertes-stuck-roed","status":"publish","type":"product","link":"https:\/\/hosbirger.dk\/de\/produkt\/adamo-strumpfhose-schwarz-mit-und-verbessertes-stuck-roed\/","title":{"rendered":"Adamo Strumpfhose schwarz mit und verbessertes St\u00fcck rot\/blau\/grau elastisch 3er Pack"},"content":{"rendered":"<div class=\"xs_social_share_widget xs_share_url after_content \t\tmain_content  wslu-style-1 wslu-share-box-shaped wslu-fill-colored wslu-none wslu-share-horizontal wslu-theme-font-no wslu-main_content\">\n\n\t\t\n        <ul>\n\t\t\t        <\/ul>\n    <\/div>","protected":false},"excerpt":{"rendered":"<p>Adamo Strumpfhose schwarz mit verbessertem St\u00fcck rot\/blau\/grauem Gummiband<\/p>\n<p>Von M - 8Xl, 3er Pack<\/p>\n<p>Adamo Strumpfhosen im 3er Pack, die bisher bequemste Strumpfhose f\u00fcr den gro\u00dfen Mann und heute von M - 8XL.<\/p>\n<p>Hergestellt mit einem zus\u00e4tzlichen St\u00fcck Stoff zwischen den Beinen, wo Strumpfhosen immer brechen.<\/p>\n<p>Der Klassiker der modernen Herrenmode - die stylische Maxipant von ADAMO. Erh\u00e4ltlich im praktischen Dreierpack und in \u00dcbergr\u00f6\u00dfen bis 20. Der hochwertige Materialmix aus Baumwolle und Elastan sorgt f\u00fcr eine perfekte Passform, hohe Formstabilit\u00e4t und maximalen Komfort. Sehr beliebte Unterw\u00e4sche von ADAMO f\u00fcr starke M\u00e4nner und in Top-Qualit\u00e4t!<\/p>\n<p>500 Kunden k\u00f6nnen sich nicht irren<\/p>\n<p>95% Baumwolle 5% Elastan<\/p>\n<p>Waschen: 60\u00b0<\/p>\n<p>Kostenloser Versand bei einem Einkauf \u00fcber \u20ac100,-<\/p>","protected":false},"featured_media":386,"comment_status":"open","ping_status":"closed","template":"","meta":{"postBodyCss":"","postBodyMargin":[],"postBodyPadding":[],"postBodyBackground":{"backgroundType":"classic","gradient":""},"site-sidebar-layout":"default","site-content-layout":"default","ast-site-content-layout":"default","site-content-style":"default","site-sidebar-style":"default","ast-global-header-display":"","ast-banner-title-visibility":"","ast-main-header-display":"","ast-hfb-above-header-display":"","ast-hfb-below-header-display":"","ast-hfb-mobile-header-display":"","site-post-title":"","ast-breadcrumbs-content":"","ast-featured-img":"","footer-sml-layout":"","ast-disable-related-posts":"","theme-transparent-header-meta":"default","adv-header-id-meta":"","stick-header-meta":"","header-above-stick-meta":"","header-main-stick-meta":"","header-below-stick-meta":"","astra-migrate-meta-layouts":"set","ast-page-background-enabled":"default","ast-page-background-meta":{"desktop":{"background-color":"var(--ast-global-color-5)","background-image":"","background-repeat":"repeat","background-position":"center center","background-size":"auto","background-attachment":"scroll","background-type":"","background-media":"","overlay-type":"","overlay-color":"","overlay-opacity":"","overlay-gradient":""},"tablet":{"background-color":"","background-image":"","background-repeat":"repeat","background-position":"center center","background-size":"auto","background-attachment":"scroll","background-type":"","background-media":"","overlay-type":"","overlay-color":"","overlay-opacity":"","overlay-gradient":""},"mobile":{"background-color":"","background-image":"","background-repeat":"repeat","background-position":"center center","background-size":"auto","background-attachment":"scroll","background-type":"","background-media":"","overlay-type":"","overlay-color":"","overlay-opacity":"","overlay-gradient":""}},"ast-content-background-meta":{"desktop":{"background-color":"var(--ast-global-color-4)","background-image":"","background-repeat":"repeat","background-position":"center center","background-size":"auto","background-attachment":"scroll","background-type":"","background-media":"","overlay-type":"","overlay-color":"","overlay-opacity":"","overlay-gradient":""},"tablet":{"background-color":"var(--ast-global-color-4)","background-image":"","background-repeat":"repeat","background-position":"center center","background-size":"auto","background-attachment":"scroll","background-type":"","background-media":"","overlay-type":"","overlay-color":"","overlay-opacity":"","overlay-gradient":""},"mobile":{"background-color":"var(--ast-global-color-4)","background-image":"","background-repeat":"repeat","background-position":"center center","background-size":"auto","background-attachment":"scroll","background-type":"","background-media":"","overlay-type":"","overlay-color":"","overlay-opacity":"","overlay-gradient":""}}},"product_brand":[],"product_cat":[24,21,63],"product_tag":[],"class_list":{"0":"post-357","1":"product","2":"type-product","3":"status-publish","4":"has-post-thumbnail","6":"product_cat-adamo","7":"product_cat-alle-varer","8":"product_cat-undertoej","9":"desktop-align-center","10":"tablet-align-left","11":"mobile-align-left","12":"ast-product-gallery-layout-horizontal-slider","13":"ast-product-gallery-with-no-image","14":"ast-product-single-variable","15":"ast-product-tabs-layout-horizontal","17":"first","18":"instock","19":"taxable","20":"shipping-taxable","21":"purchasable","22":"product-type-variable"},"_links":{"self":[{"href":"https:\/\/hosbirger.dk\/de\/wp-json\/wp\/v2\/product\/357","targetHints":{"allow":["GET"]}}],"collection":[{"href":"https:\/\/hosbirger.dk\/de\/wp-json\/wp\/v2\/product"}],"about":[{"href":"https:\/\/hosbirger.dk\/de\/wp-json\/wp\/v2\/types\/product"}],"replies":[{"embeddable":true,"href":"https:\/\/hosbirger.dk\/de\/wp-json\/wp\/v2\/comments?post=357"}],"wp:featuredmedia":[{"embeddable":true,"href":"https:\/\/hosbirger.dk\/de\/wp-json\/wp\/v2\/media\/386"}],"wp:attachment":[{"href":"https:\/\/hosbirger.dk\/de\/wp-json\/wp\/v2\/media?parent=357"}],"wp:term":[{"taxonomy":"product_brand","embeddable":true,"href":"https:\/\/hosbirger.dk\/de\/wp-json\/wp\/v2\/product_brand?post=357"},{"taxonomy":"product_cat","embeddable":true,"href":"https:\/\/hosbirger.dk\/de\/wp-json\/wp\/v2\/product_cat?post=357"},{"taxonomy":"product_tag","embeddable":true,"href":"https:\/\/hosbirger.dk\/de\/wp-json\/wp\/v2\/product_tag?post=357"}],"curies":[{"name":"wp","href":"https:\/\/api.w.org\/{rel}","templated":true}]}}