{"id":3605,"date":"2025-07-03T09:55:06","date_gmt":"2025-07-03T07:55:06","guid":{"rendered":"https:\/\/hosbirger.dk\/?post_type=product&#038;p=3605"},"modified":"2026-02-16T16:16:33","modified_gmt":"2026-02-16T15:16:33","slug":"hos-birger-armelhalter-in-weis-elastisch-einfach-anpassen","status":"publish","type":"product","link":"https:\/\/hosbirger.dk\/de\/produkt\/hos-birger-armelhalter-in-weis-elastisch-einfach-anpassen\/","title":{"rendered":"Hos Birger \u00c4rmelhalter in wei\u00df elastisch einfach anpassen"},"content":{"rendered":"<div class=\"xs_social_share_widget xs_share_url after_content \t\tmain_content  wslu-style-1 wslu-share-box-shaped wslu-fill-colored wslu-none wslu-share-horizontal wslu-theme-font-no wslu-main_content\">\n\n\t\t\n        <ul>\n\t\t\t        <\/ul>\n    <\/div>","protected":false},"excerpt":{"rendered":"<p>Hos Birger \u00c4rmelhalter in wei\u00df elastisch einfach anpassen<\/p>\n<p data-start=\"62\" data-end=\"408\">Vervollst\u00e4ndigen Sie Ihren formellen Look mit einem <strong data-start=\"144\" data-end=\"187\">klassische Hos Birger \u00c4rmelhalter in wei\u00df elastisch einfach anpassen<\/strong>, Perfekt f\u00fcr den Hemds\u00e4rmel unter einem Blazer, Anzug oder Smoking. Der wei\u00dfe \u00c4rmelhalter ist ein zeitloses Accessoire, das f\u00fcr ein elegantes und stilvolles Finish sorgt, egal ob Sie zu einer Hochzeit, Gala, Konfirmation oder Boxnacht gehen.<\/p>\n<p data-start=\"410\" data-end=\"442\"><strong data-start=\"410\" data-end=\"440\">Warum es ein Must-Have ist<\/strong><\/p>\n<ul data-start=\"443\" data-end=\"720\">\n<li data-start=\"443\" data-end=\"496\">\n<p data-start=\"445\" data-end=\"496\">\u00a0 Weich, atmungsaktiv und leicht anpassbar<\/p>\n<\/li>\n<li data-start=\"497\" data-end=\"572\">\n<p data-start=\"499\" data-end=\"572\">Klassisches Wei\u00df, das zu allen Farben von Anz\u00fcgen und Hemden passt<\/p>\n<\/li>\n<li data-start=\"667\" data-end=\"720\">\n<p data-start=\"669\" data-end=\"720\">Verleiht jedem Outfit einen raffinierten Touch<\/p>\n<\/li>\n<\/ul>\n<p data-start=\"722\" data-end=\"939\"><strong data-start=\"722\" data-end=\"736\">Wie zu verwenden<\/strong><br data-start=\"736\" data-end=\"739\" \/>Verwenden Sie \u00c4rmelhalter f\u00fcr Hemden, bei denen der \u00c4rmel zu lang ist, wenn Sie die <strong data-start=\"763\" data-end=\"797\">Anzug, Kost\u00fcm oder Smoking<\/strong> Kombinieren Sie sie mit einer Krawatte oder Fliege f\u00fcr einen kompletten Look. Sie eignet sich sowohl f\u00fcr formelle Anl\u00e4sse als auch als stilvolles Detail f\u00fcr den Alltag.<\/p>\n<p>100% Polyether<\/p>\n<p>Waschen: 40\u00b0.<\/p>\n<p>Kostenloser Versand bei einem Einkauf \u00fcber \u20ac100,-<\/p>","protected":false},"featured_media":32093,"comment_status":"open","ping_status":"closed","template":"","meta":{"postBodyCss":"","postBodyMargin":[],"postBodyPadding":[],"postBodyBackground":{"backgroundType":"classic","gradient":""},"site-sidebar-layout":"default","site-content-layout":"default","ast-site-content-layout":"default","site-content-style":"default","site-sidebar-style":"default","ast-global-header-display":"","ast-banner-title-visibility":"","ast-main-header-display":"","ast-hfb-above-header-display":"","ast-hfb-below-header-display":"","ast-hfb-mobile-header-display":"","site-post-title":"","ast-breadcrumbs-content":"","ast-featured-img":"","footer-sml-layout":"","ast-disable-related-posts":"","theme-transparent-header-meta":"default","adv-header-id-meta":"","stick-header-meta":"","header-above-stick-meta":"","header-main-stick-meta":"","header-below-stick-meta":"","astra-migrate-meta-layouts":"set","ast-page-background-enabled":"default","ast-page-background-meta":{"desktop":{"background-color":"var(--ast-global-color-5)","background-image":"","background-repeat":"repeat","background-position":"center center","background-size":"auto","background-attachment":"scroll","background-type":"","background-media":"","overlay-type":"","overlay-color":"","overlay-opacity":"","overlay-gradient":""},"tablet":{"background-color":"","background-image":"","background-repeat":"repeat","background-position":"center center","background-size":"auto","background-attachment":"scroll","background-type":"","background-media":"","overlay-type":"","overlay-color":"","overlay-opacity":"","overlay-gradient":""},"mobile":{"background-color":"","background-image":"","background-repeat":"repeat","background-position":"center center","background-size":"auto","background-attachment":"scroll","background-type":"","background-media":"","overlay-type":"","overlay-color":"","overlay-opacity":"","overlay-gradient":""}},"ast-content-background-meta":{"desktop":{"background-color":"var(--ast-global-color-4)","background-image":"","background-repeat":"repeat","background-position":"center center","background-size":"auto","background-attachment":"scroll","background-type":"","background-media":"","overlay-type":"","overlay-color":"","overlay-opacity":"","overlay-gradient":""},"tablet":{"background-color":"var(--ast-global-color-4)","background-image":"","background-repeat":"repeat","background-position":"center center","background-size":"auto","background-attachment":"scroll","background-type":"","background-media":"","overlay-type":"","overlay-color":"","overlay-opacity":"","overlay-gradient":""},"mobile":{"background-color":"var(--ast-global-color-4)","background-image":"","background-repeat":"repeat","background-position":"center center","background-size":"auto","background-attachment":"scroll","background-type":"","background-media":"","overlay-type":"","overlay-color":"","overlay-opacity":"","overlay-gradient":""}}},"product_brand":[],"product_cat":[21,50],"product_tag":[],"class_list":{"0":"post-3605","1":"product","2":"type-product","3":"status-publish","4":"has-post-thumbnail","6":"product_cat-alle-varer","7":"product_cat-loge-smoking","8":"desktop-align-center","9":"tablet-align-left","10":"mobile-align-left","11":"ast-product-gallery-layout-horizontal-slider","12":"ast-product-single-variable","13":"ast-product-tabs-layout-horizontal","15":"first","16":"instock","17":"taxable","18":"shipping-taxable","19":"purchasable","20":"product-type-variable"},"_links":{"self":[{"href":"https:\/\/hosbirger.dk\/de\/wp-json\/wp\/v2\/product\/3605","targetHints":{"allow":["GET"]}}],"collection":[{"href":"https:\/\/hosbirger.dk\/de\/wp-json\/wp\/v2\/product"}],"about":[{"href":"https:\/\/hosbirger.dk\/de\/wp-json\/wp\/v2\/types\/product"}],"replies":[{"embeddable":true,"href":"https:\/\/hosbirger.dk\/de\/wp-json\/wp\/v2\/comments?post=3605"}],"wp:featuredmedia":[{"embeddable":true,"href":"https:\/\/hosbirger.dk\/de\/wp-json\/wp\/v2\/media\/32093"}],"wp:attachment":[{"href":"https:\/\/hosbirger.dk\/de\/wp-json\/wp\/v2\/media?parent=3605"}],"wp:term":[{"taxonomy":"product_brand","embeddable":true,"href":"https:\/\/hosbirger.dk\/de\/wp-json\/wp\/v2\/product_brand?post=3605"},{"taxonomy":"product_cat","embeddable":true,"href":"https:\/\/hosbirger.dk\/de\/wp-json\/wp\/v2\/product_cat?post=3605"},{"taxonomy":"product_tag","embeddable":true,"href":"https:\/\/hosbirger.dk\/de\/wp-json\/wp\/v2\/product_tag?post=3605"}],"curies":[{"name":"wp","href":"https:\/\/api.w.org\/{rel}","templated":true}]}}