{"id":4360,"date":"2025-07-03T10:02:42","date_gmt":"2025-07-03T08:02:42","guid":{"rendered":"https:\/\/hosbirger.dk\/?post_type=product&#038;p=4360"},"modified":"2026-01-18T07:08:34","modified_gmt":"2026-01-18T06:08:34","slug":"casa-moda-kurzarmhemd-modern-fit-moenstret","status":"publish","type":"product","link":"https:\/\/hosbirger.dk\/de\/produkt\/casa-moda-kurzarmhemd-modern-fit-moenstret\/","title":{"rendered":"Casa Moda Kurzarmhemd modern fit gemustert"},"content":{"rendered":"<div class=\"xs_social_share_widget xs_share_url after_content \t\tmain_content  wslu-style-1 wslu-share-box-shaped wslu-fill-colored wslu-none wslu-share-horizontal wslu-theme-font-no wslu-main_content\">\n\n\t\t\n        <ul>\n\t\t\t        <\/ul>\n    <\/div>","protected":false},"excerpt":{"rendered":"<p>Casa Moda Kurzarmhemd modern fit gemustert<\/p>\n<p data-start=\"60\" data-end=\"428\">Aktualisieren Sie Ihre Sommergarderobe mit einem <strong data-start=\"150\" data-end=\"181\">Casa Moda Kurzarmhemd<\/strong> i <strong data-start=\"184\" data-end=\"198\">Moderne Passform<\/strong>. Das moderne Muster sorgt f\u00fcr einen frischen und stilvollen Look, w\u00e4hrend die leicht taillierte Passform f\u00fcr einen sauberen, gut sitzenden Look sorgt - ohne sich eng anzuf\u00fchlen. Perfekt f\u00fcr warme Tage, aber ebenso vielseitig das ganze Jahr \u00fcber als elegantes Freizeithemd.<\/p>\n<p data-start=\"430\" data-end=\"457\"><strong data-start=\"430\" data-end=\"457\">Warum Sie es lieben werden<\/strong><\/p>\n<ul data-start=\"458\" data-end=\"756\">\n<li data-start=\"458\" data-end=\"540\">\n<p data-start=\"460\" data-end=\"540\"><strong data-start=\"460\" data-end=\"474\">Moderne Passform<\/strong>: leicht taillierte Taille, die an den meisten K\u00f6rpertypen gut aussieht<\/p>\n<\/li>\n<li data-start=\"541\" data-end=\"620\">\n<p data-start=\"543\" data-end=\"620\"><strong data-start=\"543\" data-end=\"556\">Kurzarm<\/strong>Ideal in der Sommerhitze und zum \u00dcberziehen unter einer leichten Jacke\/Strickware<\/p>\n<\/li>\n<li data-start=\"621\" data-end=\"688\">\n<p data-start=\"623\" data-end=\"688\"><strong data-start=\"623\" data-end=\"642\">Gemustertes Design<\/strong>: verleiht Pers\u00f6nlichkeit, ohne aufdringlich zu sein<\/p>\n<\/li>\n<li data-start=\"689\" data-end=\"756\">\n<p data-start=\"691\" data-end=\"756\"><strong data-start=\"691\" data-end=\"713\">Komfortable Qualit\u00e4t<\/strong>: weich, atmungsaktiv und den ganzen Tag \u00fcber leicht zu tragen<\/p>\n<\/li>\n<\/ul>\n<p data-start=\"758\" data-end=\"796\"><strong data-start=\"758\" data-end=\"794\">Leicht zu stylen - viele Gelegenheiten<\/strong><\/p>\n<ul data-start=\"797\" data-end=\"1006\">\n<li data-start=\"797\" data-end=\"870\">\n<p data-start=\"799\" data-end=\"870\">Ordentlich: mit <strong data-start=\"809\" data-end=\"821\">Anz\u00fcge<\/strong> oder Blazer f\u00fcr einen eleganten Business-Casual-Look<\/p>\n<\/li>\n<li data-start=\"871\" data-end=\"942\">\n<p data-start=\"873\" data-end=\"942\">Wochentag: bis <strong data-start=\"886\" data-end=\"895\">Jeans<\/strong> oder <strong data-start=\"902\" data-end=\"912\">Chinos<\/strong> f\u00fcr l\u00e4ssigen Stil mit Pfiff<\/p>\n<\/li>\n<li data-start=\"943\" data-end=\"1006\">\n<p data-start=\"945\" data-end=\"1006\">Sommer: zusammen mit <strong data-start=\"964\" data-end=\"974\">Shorts<\/strong>, Slipper\/Sneakers und Sonnenbrille<\/p>\n<\/li>\n<\/ul>\n<p data-start=\"1008\" data-end=\"1141\"><strong data-start=\"1008\" data-end=\"1015\">Tipp<\/strong><br data-start=\"1015\" data-end=\"1018\" \/>Tragen Sie es offen \u00fcber einem einfachen T-Shirt f\u00fcr einen l\u00e4ssigen Look, oder kn\u00f6pfen Sie es zu und f\u00fcgen Sie einen G\u00fcrtel und eine Uhr f\u00fcr einen sch\u00e4rferen Look hinzu.<\/p>\n<p>100% Baumwolle<\/p>\n<p>Waschen: 40\u00b0.<\/p>\n<p>Kostenloser Versand bei einem Einkauf \u00fcber \u20ac100,-<\/p>","protected":false},"featured_media":4379,"comment_status":"open","ping_status":"closed","template":"","meta":{"postBodyCss":"","postBodyMargin":[],"postBodyPadding":[],"postBodyBackground":{"backgroundType":"classic","gradient":""},"site-sidebar-layout":"default","site-content-layout":"default","ast-site-content-layout":"default","site-content-style":"default","site-sidebar-style":"default","ast-global-header-display":"","ast-banner-title-visibility":"","ast-main-header-display":"","ast-hfb-above-header-display":"","ast-hfb-below-header-display":"","ast-hfb-mobile-header-display":"","site-post-title":"","ast-breadcrumbs-content":"","ast-featured-img":"","footer-sml-layout":"","ast-disable-related-posts":"","theme-transparent-header-meta":"default","adv-header-id-meta":"","stick-header-meta":"","header-above-stick-meta":"","header-main-stick-meta":"","header-below-stick-meta":"","astra-migrate-meta-layouts":"set","ast-page-background-enabled":"default","ast-page-background-meta":{"desktop":{"background-color":"var(--ast-global-color-5)","background-image":"","background-repeat":"repeat","background-position":"center center","background-size":"auto","background-attachment":"scroll","background-type":"","background-media":"","overlay-type":"","overlay-color":"","overlay-opacity":"","overlay-gradient":""},"tablet":{"background-color":"","background-image":"","background-repeat":"repeat","background-position":"center center","background-size":"auto","background-attachment":"scroll","background-type":"","background-media":"","overlay-type":"","overlay-color":"","overlay-opacity":"","overlay-gradient":""},"mobile":{"background-color":"","background-image":"","background-repeat":"repeat","background-position":"center center","background-size":"auto","background-attachment":"scroll","background-type":"","background-media":"","overlay-type":"","overlay-color":"","overlay-opacity":"","overlay-gradient":""}},"ast-content-background-meta":{"desktop":{"background-color":"var(--ast-global-color-4)","background-image":"","background-repeat":"repeat","background-position":"center center","background-size":"auto","background-attachment":"scroll","background-type":"","background-media":"","overlay-type":"","overlay-color":"","overlay-opacity":"","overlay-gradient":""},"tablet":{"background-color":"var(--ast-global-color-4)","background-image":"","background-repeat":"repeat","background-position":"center center","background-size":"auto","background-attachment":"scroll","background-type":"","background-media":"","overlay-type":"","overlay-color":"","overlay-opacity":"","overlay-gradient":""},"mobile":{"background-color":"var(--ast-global-color-4)","background-image":"","background-repeat":"repeat","background-position":"center center","background-size":"auto","background-attachment":"scroll","background-type":"","background-media":"","overlay-type":"","overlay-color":"","overlay-opacity":"","overlay-gradient":""}}},"product_brand":[],"product_cat":[20],"product_tag":[],"class_list":{"0":"post-4360","1":"product","2":"type-product","3":"status-publish","4":"has-post-thumbnail","6":"product_cat-outlet","7":"desktop-align-center","8":"tablet-align-left","9":"mobile-align-left","10":"ast-product-gallery-layout-horizontal-slider","11":"ast-product-single-variable","12":"ast-product-tabs-layout-horizontal","14":"first","15":"instock","16":"sale","17":"taxable","18":"shipping-taxable","19":"purchasable","20":"product-type-variable"},"_links":{"self":[{"href":"https:\/\/hosbirger.dk\/de\/wp-json\/wp\/v2\/product\/4360","targetHints":{"allow":["GET"]}}],"collection":[{"href":"https:\/\/hosbirger.dk\/de\/wp-json\/wp\/v2\/product"}],"about":[{"href":"https:\/\/hosbirger.dk\/de\/wp-json\/wp\/v2\/types\/product"}],"replies":[{"embeddable":true,"href":"https:\/\/hosbirger.dk\/de\/wp-json\/wp\/v2\/comments?post=4360"}],"wp:featuredmedia":[{"embeddable":true,"href":"https:\/\/hosbirger.dk\/de\/wp-json\/wp\/v2\/media\/4379"}],"wp:attachment":[{"href":"https:\/\/hosbirger.dk\/de\/wp-json\/wp\/v2\/media?parent=4360"}],"wp:term":[{"taxonomy":"product_brand","embeddable":true,"href":"https:\/\/hosbirger.dk\/de\/wp-json\/wp\/v2\/product_brand?post=4360"},{"taxonomy":"product_cat","embeddable":true,"href":"https:\/\/hosbirger.dk\/de\/wp-json\/wp\/v2\/product_cat?post=4360"},{"taxonomy":"product_tag","embeddable":true,"href":"https:\/\/hosbirger.dk\/de\/wp-json\/wp\/v2\/product_tag?post=4360"}],"curies":[{"name":"wp","href":"https:\/\/api.w.org\/{rel}","templated":true}]}}