{"id":4371,"date":"2025-07-03T10:02:42","date_gmt":"2025-07-03T08:02:42","guid":{"rendered":"https:\/\/hosbirger.dk\/?post_type=product&#038;p=4371"},"modified":"2026-01-18T07:08:33","modified_gmt":"2026-01-18T06:08:33","slug":"roberto-jeans-polo-shirt-mit-knopfen-und-tasche-grun","status":"publish","type":"product","link":"https:\/\/hosbirger.dk\/de\/produkt\/roberto-jeans-polo-shirt-mit-knopfen-und-tasche-grun\/","title":{"rendered":"Roberto Jeans Poloshirt mit Kn\u00f6pfen und Tasche gr\u00fcn"},"content":{"rendered":"<div class=\"xs_social_share_widget xs_share_url after_content \t\tmain_content  wslu-style-1 wslu-share-box-shaped wslu-fill-colored wslu-none wslu-share-horizontal wslu-theme-font-no wslu-main_content\">\n\n\t\t\n        <ul>\n\t\t\t        <\/ul>\n    <\/div>","protected":false},"excerpt":{"rendered":"<p>Roberto Jeans Poloshirt mit Kn\u00f6pfen und Tasche gr\u00fcn<\/p>\n<p data-start=\"60\" data-end=\"467\">Aktualisieren Sie Ihre Alltagsgarderobe mit einem <strong data-start=\"166\" data-end=\"201\">Klassisches Poloshirt von Roberto Jeans<\/strong> in einem vielseitigen Gr\u00fcnton. Das Modell hat <strong data-start=\"241\" data-end=\"270\">Knopfleiste mit Kn\u00f6pfen<\/strong> und eine <strong data-start=\"277\" data-end=\"300\">Praktische Brusttasche<\/strong>, das f\u00fcr einen gepflegten, funktionellen Look sorgt - perfekt f\u00fcr Arbeit und Freizeit. Die weiche Qualit\u00e4t und die gut sitzende Passform machen das Polo den ganzen Tag \u00fcber angenehm zu tragen.<\/p>\n<p data-start=\"469\" data-end=\"500\"><strong data-start=\"469\" data-end=\"498\">Warum dieses Poloshirt w\u00e4hlen?<\/strong><\/p>\n<ul data-start=\"501\" data-end=\"772\">\n<li data-start=\"501\" data-end=\"556\">\n<p data-start=\"503\" data-end=\"556\">Zeitloses Design mit <strong data-start=\"522\" data-end=\"536\">Knopfleiste<\/strong> und <strong data-start=\"540\" data-end=\"554\">Brusttasche<\/strong><\/p>\n<\/li>\n<li data-start=\"557\" data-end=\"628\">\n<p data-start=\"559\" data-end=\"628\">Die gr\u00fcne Farbe ist <strong data-start=\"578\" data-end=\"598\">Leicht zu kombinieren<\/strong> mit Jeans, Chinos und Shorts<\/p>\n<\/li>\n<li data-start=\"629\" data-end=\"684\">\n<p data-start=\"631\" data-end=\"684\">Bequem, <strong data-start=\"644\" data-end=\"666\">formbest\u00e4ndige Passform<\/strong> F\u00fcr den t\u00e4glichen Gebrauch<\/p>\n<\/li>\n<li data-start=\"685\" data-end=\"772\">\n<p data-start=\"687\" data-end=\"772\"><strong data-start=\"687\" data-end=\"719\">Gro\u00dfe Gr\u00f6\u00dfenauswahl: M-6XL<\/strong> - Gute L\u00e4nge und viel Platz, ohne den scharfen Look zu verlieren<\/p>\n<\/li>\n<\/ul>\n<p data-start=\"774\" data-end=\"985\"><strong data-start=\"774\" data-end=\"793\">So geht's<\/strong><br data-start=\"793\" data-end=\"796\" \/>Tragen Sie das Poloshirt mit <strong data-start=\"812\" data-end=\"833\">Chinos und Slipper<\/strong> f\u00fcr einen sch\u00f6nen Freizeitlook oder mit <strong data-start=\"871\" data-end=\"892\">Jeans und Turnschuhe<\/strong> f\u00fcr einen l\u00e4ssigen Wochenend-Look. F\u00fcgen Sie eine leichte Jacke oder einen Blazer f\u00fcr ein komplettes Outfit hinzu.<\/p>\n<p data-start=\"987\" data-end=\"1095\"><strong data-start=\"987\" data-end=\"996\">Pflege<\/strong><br data-start=\"996\" data-end=\"999\" \/>In der Maschine gem\u00e4\u00df den Anweisungen waschen. Drehen Sie das Kleidungsst\u00fcck auf links, damit Farbe und Details so lange wie m\u00f6glich erhalten bleiben.<\/p>\n<p>100% Baumwolle<\/p>\n<p>Waschen: 40\u00b0.<\/p>\n<p>Kostenloser Versand bei einem Einkauf \u00fcber \u20ac100,-<\/p>","protected":false},"featured_media":4381,"comment_status":"open","ping_status":"closed","template":"","meta":{"postBodyCss":"","postBodyMargin":[],"postBodyPadding":[],"postBodyBackground":{"backgroundType":"classic","gradient":""},"site-sidebar-layout":"default","site-content-layout":"default","ast-site-content-layout":"default","site-content-style":"default","site-sidebar-style":"default","ast-global-header-display":"","ast-banner-title-visibility":"","ast-main-header-display":"","ast-hfb-above-header-display":"","ast-hfb-below-header-display":"","ast-hfb-mobile-header-display":"","site-post-title":"","ast-breadcrumbs-content":"","ast-featured-img":"","footer-sml-layout":"","ast-disable-related-posts":"","theme-transparent-header-meta":"default","adv-header-id-meta":"","stick-header-meta":"","header-above-stick-meta":"","header-main-stick-meta":"","header-below-stick-meta":"","astra-migrate-meta-layouts":"set","ast-page-background-enabled":"default","ast-page-background-meta":{"desktop":{"background-color":"var(--ast-global-color-5)","background-image":"","background-repeat":"repeat","background-position":"center center","background-size":"auto","background-attachment":"scroll","background-type":"","background-media":"","overlay-type":"","overlay-color":"","overlay-opacity":"","overlay-gradient":""},"tablet":{"background-color":"","background-image":"","background-repeat":"repeat","background-position":"center center","background-size":"auto","background-attachment":"scroll","background-type":"","background-media":"","overlay-type":"","overlay-color":"","overlay-opacity":"","overlay-gradient":""},"mobile":{"background-color":"","background-image":"","background-repeat":"repeat","background-position":"center center","background-size":"auto","background-attachment":"scroll","background-type":"","background-media":"","overlay-type":"","overlay-color":"","overlay-opacity":"","overlay-gradient":""}},"ast-content-background-meta":{"desktop":{"background-color":"var(--ast-global-color-4)","background-image":"","background-repeat":"repeat","background-position":"center center","background-size":"auto","background-attachment":"scroll","background-type":"","background-media":"","overlay-type":"","overlay-color":"","overlay-opacity":"","overlay-gradient":""},"tablet":{"background-color":"var(--ast-global-color-4)","background-image":"","background-repeat":"repeat","background-position":"center center","background-size":"auto","background-attachment":"scroll","background-type":"","background-media":"","overlay-type":"","overlay-color":"","overlay-opacity":"","overlay-gradient":""},"mobile":{"background-color":"var(--ast-global-color-4)","background-image":"","background-repeat":"repeat","background-position":"center center","background-size":"auto","background-attachment":"scroll","background-type":"","background-media":"","overlay-type":"","overlay-color":"","overlay-opacity":"","overlay-gradient":""}}},"product_brand":[],"product_cat":[20],"product_tag":[],"class_list":{"0":"post-4371","1":"product","2":"type-product","3":"status-publish","4":"has-post-thumbnail","6":"product_cat-outlet","7":"desktop-align-center","8":"tablet-align-left","9":"mobile-align-left","10":"ast-product-gallery-layout-horizontal-slider","11":"ast-product-gallery-with-no-image","12":"ast-product-single-variable","13":"ast-product-tabs-layout-horizontal","15":"first","16":"instock","17":"sale","18":"taxable","19":"shipping-taxable","20":"purchasable","21":"product-type-variable"},"_links":{"self":[{"href":"https:\/\/hosbirger.dk\/de\/wp-json\/wp\/v2\/product\/4371","targetHints":{"allow":["GET"]}}],"collection":[{"href":"https:\/\/hosbirger.dk\/de\/wp-json\/wp\/v2\/product"}],"about":[{"href":"https:\/\/hosbirger.dk\/de\/wp-json\/wp\/v2\/types\/product"}],"replies":[{"embeddable":true,"href":"https:\/\/hosbirger.dk\/de\/wp-json\/wp\/v2\/comments?post=4371"}],"wp:featuredmedia":[{"embeddable":true,"href":"https:\/\/hosbirger.dk\/de\/wp-json\/wp\/v2\/media\/4381"}],"wp:attachment":[{"href":"https:\/\/hosbirger.dk\/de\/wp-json\/wp\/v2\/media?parent=4371"}],"wp:term":[{"taxonomy":"product_brand","embeddable":true,"href":"https:\/\/hosbirger.dk\/de\/wp-json\/wp\/v2\/product_brand?post=4371"},{"taxonomy":"product_cat","embeddable":true,"href":"https:\/\/hosbirger.dk\/de\/wp-json\/wp\/v2\/product_cat?post=4371"},{"taxonomy":"product_tag","embeddable":true,"href":"https:\/\/hosbirger.dk\/de\/wp-json\/wp\/v2\/product_tag?post=4371"}],"curies":[{"name":"wp","href":"https:\/\/api.w.org\/{rel}","templated":true}]}}