{"id":4535,"date":"2025-07-03T10:03:08","date_gmt":"2025-07-03T08:03:08","guid":{"rendered":"https:\/\/hosbirger.dk\/?post_type=product&#038;p=4535"},"modified":"2026-01-18T07:08:03","modified_gmt":"2026-01-18T06:08:03","slug":"casa-moda-lang-aermet-comfort-fit-hellblau","status":"publish","type":"product","link":"https:\/\/hosbirger.dk\/de\/produkt\/casa-moda-lang-aermet-comfort-fit-hellblau\/","title":{"rendered":"Casa Moda Langarm Komfort Passform hellblau"},"content":{"rendered":"<div class=\"xs_social_share_widget xs_share_url after_content \t\tmain_content  wslu-style-1 wslu-share-box-shaped wslu-fill-colored wslu-none wslu-share-horizontal wslu-theme-font-no wslu-main_content\">\n\n\t\t\n        <ul>\n\t\t\t        <\/ul>\n    <\/div>","protected":false},"excerpt":{"rendered":"<p>Casa Moda Langarm Komfort Passform hellblau<\/p>\n<p data-start=\"60\" data-end=\"383\">Aktualisieren Sie Ihre Garderobe mit einem <strong data-start=\"145\" data-end=\"187\">Klassisches hellblaues Hemd von Casa Moda<\/strong> i <strong data-start=\"190\" data-end=\"205\">Komfort-Passform<\/strong>. Die ger\u00e4umige Passform sorgt f\u00fcr Bewegungsfreiheit und ganzt\u00e4gigen Komfort, w\u00e4hrend die schlichte hellblaue Farbe f\u00fcr einen zeitlosen, gut gekleideten Look sorgt - perfekt f\u00fcr Arbeit und Freizeit.<\/p>\n<p data-start=\"385\" data-end=\"412\"><strong data-start=\"385\" data-end=\"412\">Warum Sie es lieben werden<\/strong><\/p>\n<ul data-start=\"413\" data-end=\"702\">\n<li data-start=\"413\" data-end=\"482\">\n<p data-start=\"415\" data-end=\"482\"><strong data-start=\"415\" data-end=\"430\">Komfort-Passform<\/strong>: entspannte, gut sitzende Passform, ohne sich locker anzuf\u00fchlen<\/p>\n<\/li>\n<li data-start=\"483\" data-end=\"560\">\n<p data-start=\"485\" data-end=\"560\"><strong data-start=\"485\" data-end=\"498\">Langarm<\/strong> Design mit verstellbaren Manschetten f\u00fcr optimalen Komfort<\/p>\n<\/li>\n<li data-start=\"561\" data-end=\"638\">\n<p data-start=\"563\" data-end=\"638\"><strong data-start=\"563\" data-end=\"581\">Klassischer Kragen<\/strong> und sauberes Finish, leicht zu stylen mit Krawatte oder offenem Kragen<\/p>\n<\/li>\n<li data-start=\"639\" data-end=\"702\">\n<p data-start=\"641\" data-end=\"702\"><strong data-start=\"641\" data-end=\"662\">Formbest\u00e4ndige N\u00e4hte<\/strong> und Qualit\u00e4tskn\u00f6pfe f\u00fcr lange Haltbarkeit<\/p>\n<\/li>\n<\/ul>\n<p data-start=\"704\" data-end=\"742\"><strong data-start=\"704\" data-end=\"740\">Leicht zu stylen - viele Gelegenheiten<\/strong><\/p>\n<ul data-start=\"743\" data-end=\"954\">\n<li data-start=\"743\" data-end=\"806\">\n<p data-start=\"745\" data-end=\"806\">Business: mit <strong data-start=\"759\" data-end=\"784\">Anzug oder Blazer<\/strong> und eine dezente Krawatte<\/p>\n<\/li>\n<li data-start=\"807\" data-end=\"875\">\n<p data-start=\"809\" data-end=\"875\">Smart-Casual: f\u00fcr <strong data-start=\"827\" data-end=\"837\">Chinos<\/strong> oder <strong data-start=\"844\" data-end=\"853\">Jeans<\/strong> mit hochgekrempelten \u00c4rmeln<\/p>\n<\/li>\n<li data-start=\"876\" data-end=\"954\">\n<p data-start=\"878\" data-end=\"954\">Team-gegen-Team: w\u00e4hrend einer <strong data-start=\"899\" data-end=\"908\">Bogen<\/strong> oder Licht <strong data-start=\"919\" data-end=\"929\">Mantel<\/strong> f\u00fcr einen gepflegten Alltagslook<\/p>\n<\/li>\n<\/ul>\n<p data-start=\"956\" data-end=\"1080\">A <strong data-start=\"959\" data-end=\"988\">hellblaues Casa Moda Hemd<\/strong> ist ein sicheres Basic, das zu jeder Jahreszeit passt und in jeder M\u00e4nnergarderobe zu finden ist.<\/p>\n<p>100% Baumwolle<\/p>\n<p>Waschen: 40\u00b0.<\/p>\n<p>Kostenloser Versand bei einem Einkauf \u00fcber \u20ac100,-<\/p>","protected":false},"featured_media":4547,"comment_status":"open","ping_status":"closed","template":"","meta":{"postBodyCss":"","postBodyMargin":[],"postBodyPadding":[],"postBodyBackground":{"backgroundType":"classic","gradient":""},"site-sidebar-layout":"default","site-content-layout":"default","ast-site-content-layout":"default","site-content-style":"default","site-sidebar-style":"default","ast-global-header-display":"","ast-banner-title-visibility":"","ast-main-header-display":"","ast-hfb-above-header-display":"","ast-hfb-below-header-display":"","ast-hfb-mobile-header-display":"","site-post-title":"","ast-breadcrumbs-content":"","ast-featured-img":"","footer-sml-layout":"","ast-disable-related-posts":"","theme-transparent-header-meta":"default","adv-header-id-meta":"","stick-header-meta":"","header-above-stick-meta":"","header-main-stick-meta":"","header-below-stick-meta":"","astra-migrate-meta-layouts":"set","ast-page-background-enabled":"default","ast-page-background-meta":{"desktop":{"background-color":"var(--ast-global-color-5)","background-image":"","background-repeat":"repeat","background-position":"center center","background-size":"auto","background-attachment":"scroll","background-type":"","background-media":"","overlay-type":"","overlay-color":"","overlay-opacity":"","overlay-gradient":""},"tablet":{"background-color":"","background-image":"","background-repeat":"repeat","background-position":"center center","background-size":"auto","background-attachment":"scroll","background-type":"","background-media":"","overlay-type":"","overlay-color":"","overlay-opacity":"","overlay-gradient":""},"mobile":{"background-color":"","background-image":"","background-repeat":"repeat","background-position":"center center","background-size":"auto","background-attachment":"scroll","background-type":"","background-media":"","overlay-type":"","overlay-color":"","overlay-opacity":"","overlay-gradient":""}},"ast-content-background-meta":{"desktop":{"background-color":"var(--ast-global-color-4)","background-image":"","background-repeat":"repeat","background-position":"center center","background-size":"auto","background-attachment":"scroll","background-type":"","background-media":"","overlay-type":"","overlay-color":"","overlay-opacity":"","overlay-gradient":""},"tablet":{"background-color":"var(--ast-global-color-4)","background-image":"","background-repeat":"repeat","background-position":"center center","background-size":"auto","background-attachment":"scroll","background-type":"","background-media":"","overlay-type":"","overlay-color":"","overlay-opacity":"","overlay-gradient":""},"mobile":{"background-color":"var(--ast-global-color-4)","background-image":"","background-repeat":"repeat","background-position":"center center","background-size":"auto","background-attachment":"scroll","background-type":"","background-media":"","overlay-type":"","overlay-color":"","overlay-opacity":"","overlay-gradient":""}}},"product_brand":[],"product_cat":[20],"product_tag":[],"class_list":{"0":"post-4535","1":"product","2":"type-product","3":"status-publish","4":"has-post-thumbnail","6":"product_cat-outlet","7":"desktop-align-center","8":"tablet-align-left","9":"mobile-align-left","10":"ast-product-gallery-layout-horizontal-slider","11":"ast-product-gallery-with-no-image","12":"ast-product-single-variable","13":"ast-product-tabs-layout-horizontal","15":"first","16":"instock","17":"sale","18":"taxable","19":"shipping-taxable","20":"purchasable","21":"product-type-variable"},"_links":{"self":[{"href":"https:\/\/hosbirger.dk\/de\/wp-json\/wp\/v2\/product\/4535","targetHints":{"allow":["GET"]}}],"collection":[{"href":"https:\/\/hosbirger.dk\/de\/wp-json\/wp\/v2\/product"}],"about":[{"href":"https:\/\/hosbirger.dk\/de\/wp-json\/wp\/v2\/types\/product"}],"replies":[{"embeddable":true,"href":"https:\/\/hosbirger.dk\/de\/wp-json\/wp\/v2\/comments?post=4535"}],"wp:featuredmedia":[{"embeddable":true,"href":"https:\/\/hosbirger.dk\/de\/wp-json\/wp\/v2\/media\/4547"}],"wp:attachment":[{"href":"https:\/\/hosbirger.dk\/de\/wp-json\/wp\/v2\/media?parent=4535"}],"wp:term":[{"taxonomy":"product_brand","embeddable":true,"href":"https:\/\/hosbirger.dk\/de\/wp-json\/wp\/v2\/product_brand?post=4535"},{"taxonomy":"product_cat","embeddable":true,"href":"https:\/\/hosbirger.dk\/de\/wp-json\/wp\/v2\/product_cat?post=4535"},{"taxonomy":"product_tag","embeddable":true,"href":"https:\/\/hosbirger.dk\/de\/wp-json\/wp\/v2\/product_tag?post=4535"}],"curies":[{"name":"wp","href":"https:\/\/api.w.org\/{rel}","templated":true}]}}