{"id":4848,"date":"2025-07-03T10:05:10","date_gmt":"2025-07-03T08:05:10","guid":{"rendered":"https:\/\/hosbirger.dk\/?post_type=product&#038;p=4848"},"modified":"2026-02-20T11:20:34","modified_gmt":"2026-02-20T10:20:34","slug":"nord-564-gedruckt-t-shirt-olivgrun-2","status":"publish","type":"product","link":"https:\/\/hosbirger.dk\/de\/produkt\/nord-564-gedruckt-t-shirt-olivgrun-2\/","title":{"rendered":"North 56\u00b04 bedrucktes T-shirt olivgr\u00fcn"},"content":{"rendered":"<div class=\"xs_social_share_widget xs_share_url after_content \t\tmain_content  wslu-style-1 wslu-share-box-shaped wslu-fill-colored wslu-none wslu-share-horizontal wslu-theme-font-no wslu-main_content\">\n\n\t\t\n        <ul>\n\t\t\t        <\/ul>\n    <\/div>","protected":false},"excerpt":{"rendered":"<p>North 56\u00b04 bedrucktes T-shirt olivgr\u00fcn<\/p>\n<p data-start=\"60\" data-end=\"480\">Verbessern Sie Ihre Grundgarderobe mit diesem <strong data-start=\"175\" data-end=\"213\">Bequemes T-Shirt von North 56\u00b04<\/strong>. Das Modell hat eine scharfe <strong data-start=\"238\" data-end=\"262\">Fotodruck auf der Brust<\/strong> und ein Klassiker <strong data-start=\"278\" data-end=\"288\">O-Ausschnitt<\/strong>Dadurch l\u00e4sst es sich leicht mit Jeans, Chinos und Shorts kombinieren. Es ist eingen\u00e4ht <strong data-start=\"363\" data-end=\"383\">weiches Maschenjersey<\/strong> (Frotteeunterlage), die sich angenehm auf der Haut anf\u00fchlt und den ganzen Tag \u00fcber atmungsaktiven Komfort bietet.<\/p>\n<p data-start=\"482\" data-end=\"507\"><strong data-start=\"482\" data-end=\"507\">Durchdachte Details<\/strong><\/p>\n<ul data-start=\"508\" data-end=\"770\">\n<li data-start=\"508\" data-end=\"597\">\n<p data-start=\"510\" data-end=\"597\"><strong data-start=\"510\" data-end=\"555\">Kontrastierendes Oberstoffband an der Innenseite des Halses<\/strong> f\u00fcr zus\u00e4tzliche Haltbarkeit und ein sauberes Finish<\/p>\n<\/li>\n<li data-start=\"598\" data-end=\"679\">\n<p data-start=\"600\" data-end=\"679\"><strong data-start=\"600\" data-end=\"636\">Doppeln\u00e4hte an \u00c4rmeln und Saum<\/strong> f\u00fcr bessere Formbest\u00e4ndigkeit bei jedem Waschgang<\/p>\n<\/li>\n<li data-start=\"680\" data-end=\"770\">\n<p data-start=\"682\" data-end=\"770\"><strong data-start=\"682\" data-end=\"722\">Normale Passform - normale Gr\u00f6\u00dfe<\/strong>Sie k\u00f6nnen also getrost Ihre \u00fcbliche Gr\u00f6\u00dfe w\u00e4hlen.<\/p>\n<\/li>\n<\/ul>\n<p data-start=\"772\" data-end=\"990\"><strong data-start=\"772\" data-end=\"793\">Stil und Anwendung<\/strong><br data-start=\"793\" data-end=\"796\" \/>Tragen Sie das T-Shirt solo f\u00fcr einen l\u00e4ssigen Alltagslook oder unter einem \u00dcberhemd\/Blazer f\u00fcr ein komplettes Freizeitoutfit. Der Fotodruck verleiht einen modernen, maskulinen Look, ohne aufdringlich zu sein.<\/p>\n<p data-start=\"992\" data-end=\"1222\"><strong data-start=\"992\" data-end=\"1009\">\u00dcber North 56\u00b04<\/strong><br data-start=\"1009\" data-end=\"1012\" \/>Nord 56\u00b04 ist ein <strong data-start=\"1029\" data-end=\"1090\">Sportliche Freizeitkollektion f\u00fcr M\u00e4nner mit \u00dcbergr\u00f6\u00dfe<\/strong>, konzipiert im Hinblick auf die Anforderungen f\u00fcr <strong data-start=\"1126\" data-end=\"1158\">Qualit\u00e4t, Komfort und Passform<\/strong>. Hier sind zeitlose Lieblingsst\u00fccke, die jede Saison funktionieren.<\/p>\n<p>100% Baumwolle<\/p>\n<p>Waschen. 40\u00b0 von innen nach au\u00dfen<\/p>\n<p>Kostenloser Versand bei einem Einkauf \u00fcber \u20ac100,-<\/p>","protected":false},"featured_media":2025,"comment_status":"open","ping_status":"closed","template":"","meta":{"postBodyCss":"","postBodyMargin":[],"postBodyPadding":[],"postBodyBackground":{"backgroundType":"classic","gradient":""},"site-sidebar-layout":"default","site-content-layout":"default","ast-site-content-layout":"default","site-content-style":"default","site-sidebar-style":"default","ast-global-header-display":"","ast-banner-title-visibility":"","ast-main-header-display":"","ast-hfb-above-header-display":"","ast-hfb-below-header-display":"","ast-hfb-mobile-header-display":"","site-post-title":"","ast-breadcrumbs-content":"","ast-featured-img":"","footer-sml-layout":"","ast-disable-related-posts":"","theme-transparent-header-meta":"default","adv-header-id-meta":"","stick-header-meta":"","header-above-stick-meta":"","header-main-stick-meta":"","header-below-stick-meta":"","astra-migrate-meta-layouts":"set","ast-page-background-enabled":"default","ast-page-background-meta":{"desktop":{"background-color":"var(--ast-global-color-5)","background-image":"","background-repeat":"repeat","background-position":"center center","background-size":"auto","background-attachment":"scroll","background-type":"","background-media":"","overlay-type":"","overlay-color":"","overlay-opacity":"","overlay-gradient":""},"tablet":{"background-color":"","background-image":"","background-repeat":"repeat","background-position":"center center","background-size":"auto","background-attachment":"scroll","background-type":"","background-media":"","overlay-type":"","overlay-color":"","overlay-opacity":"","overlay-gradient":""},"mobile":{"background-color":"","background-image":"","background-repeat":"repeat","background-position":"center center","background-size":"auto","background-attachment":"scroll","background-type":"","background-media":"","overlay-type":"","overlay-color":"","overlay-opacity":"","overlay-gradient":""}},"ast-content-background-meta":{"desktop":{"background-color":"var(--ast-global-color-4)","background-image":"","background-repeat":"repeat","background-position":"center center","background-size":"auto","background-attachment":"scroll","background-type":"","background-media":"","overlay-type":"","overlay-color":"","overlay-opacity":"","overlay-gradient":""},"tablet":{"background-color":"var(--ast-global-color-4)","background-image":"","background-repeat":"repeat","background-position":"center center","background-size":"auto","background-attachment":"scroll","background-type":"","background-media":"","overlay-type":"","overlay-color":"","overlay-opacity":"","overlay-gradient":""},"mobile":{"background-color":"var(--ast-global-color-4)","background-image":"","background-repeat":"repeat","background-position":"center center","background-size":"auto","background-attachment":"scroll","background-type":"","background-media":"","overlay-type":"","overlay-color":"","overlay-opacity":"","overlay-gradient":""}}},"product_brand":[],"product_cat":[200,85],"product_tag":[],"class_list":{"0":"post-4848","1":"product","2":"type-product","3":"status-publish","4":"has-post-thumbnail","6":"product_cat-outlet-tall","7":"product_cat-tall","8":"desktop-align-center","9":"tablet-align-left","10":"mobile-align-left","11":"ast-product-gallery-layout-horizontal-slider","12":"ast-product-gallery-with-no-image","13":"ast-product-single-variable","14":"ast-product-tabs-layout-horizontal","16":"first","17":"instock","18":"sale","19":"taxable","20":"shipping-taxable","21":"purchasable","22":"product-type-variable"},"_links":{"self":[{"href":"https:\/\/hosbirger.dk\/de\/wp-json\/wp\/v2\/product\/4848","targetHints":{"allow":["GET"]}}],"collection":[{"href":"https:\/\/hosbirger.dk\/de\/wp-json\/wp\/v2\/product"}],"about":[{"href":"https:\/\/hosbirger.dk\/de\/wp-json\/wp\/v2\/types\/product"}],"replies":[{"embeddable":true,"href":"https:\/\/hosbirger.dk\/de\/wp-json\/wp\/v2\/comments?post=4848"}],"wp:featuredmedia":[{"embeddable":true,"href":"https:\/\/hosbirger.dk\/de\/wp-json\/wp\/v2\/media\/2025"}],"wp:attachment":[{"href":"https:\/\/hosbirger.dk\/de\/wp-json\/wp\/v2\/media?parent=4848"}],"wp:term":[{"taxonomy":"product_brand","embeddable":true,"href":"https:\/\/hosbirger.dk\/de\/wp-json\/wp\/v2\/product_brand?post=4848"},{"taxonomy":"product_cat","embeddable":true,"href":"https:\/\/hosbirger.dk\/de\/wp-json\/wp\/v2\/product_cat?post=4848"},{"taxonomy":"product_tag","embeddable":true,"href":"https:\/\/hosbirger.dk\/de\/wp-json\/wp\/v2\/product_tag?post=4848"}],"curies":[{"name":"wp","href":"https:\/\/api.w.org\/{rel}","templated":true}]}}