{"id":5017,"date":"2025-07-03T10:06:34","date_gmt":"2025-07-03T08:06:34","guid":{"rendered":"https:\/\/hosbirger.dk\/?post_type=product&#038;p=5017"},"modified":"2026-01-18T07:01:48","modified_gmt":"2026-01-18T06:01:48","slug":"casa-moda-comfort-fit-hemd-comfort-fit-gemustert-mit-blumen","status":"publish","type":"product","link":"https:\/\/hosbirger.dk\/de\/produkt\/casa-moda-comfort-fit-hemd-comfort-fit-gemustert-mit-blumen\/","title":{"rendered":"Casa Moda Hemd in bequemer Passform, gemustert mit Blumen"},"content":{"rendered":"<div class=\"xs_social_share_widget xs_share_url after_content \t\tmain_content  wslu-style-1 wslu-share-box-shaped wslu-fill-colored wslu-none wslu-share-horizontal wslu-theme-font-no wslu-main_content\">\n\n\t\t\n        <ul>\n\t\t\t        <\/ul>\n    <\/div>","protected":false},"excerpt":{"rendered":"<p>Casa Moda Hemd in bequemer Passform, gemustert mit Blumen<\/p>\n<p data-start=\"60\" data-end=\"439\">Aktualisieren Sie Ihre Garderobe mit einem <strong data-start=\"156\" data-end=\"186\">Gemustertes Casa Moda Hemd<\/strong> i <strong data-start=\"189\" data-end=\"204\">Komfort-Passform<\/strong>, Entworfen f\u00fcr maximale Bewegungsfreiheit und eine entspannte, gut sitzende Silhouette. Die sch\u00f6ne <strong data-start=\"294\" data-end=\"329\">Florale Drucke in Herbstt\u00f6nen<\/strong> verleiht ihm ein modernes und zugleich elegantes Aussehen, das es sowohl f\u00fcr den Alltag als auch f\u00fcr formellere Anl\u00e4sse geeignet macht.<\/p>\n<p data-start=\"441\" data-end=\"464\"><strong data-start=\"441\" data-end=\"462\">Stil und Anwendung<\/strong><\/p>\n<ul data-start=\"465\" data-end=\"729\">\n<li data-start=\"465\" data-end=\"533\">\n<p data-start=\"467\" data-end=\"533\">Perfekt f\u00fcr <strong data-start=\"479\" data-end=\"491\">Anz\u00fcge<\/strong> f\u00fcr einen scharfen, personalisierten Business-Look<\/p>\n<\/li>\n<li data-start=\"534\" data-end=\"635\">\n<p data-start=\"536\" data-end=\"635\">Leicht zu stylen mit <strong data-start=\"553\" data-end=\"575\">Chinohose oder Jeans<\/strong> - F\u00fcgen Sie eine auff\u00e4llige Weste f\u00fcr ein mehrschichtiges Outfit mit einem gewissen Etwas hinzu<\/p>\n<\/li>\n<li data-start=\"636\" data-end=\"729\">\n<p data-start=\"638\" data-end=\"729\">Tragen Sie es offen \u00fcber einem T-Shirt oder unter einem Blazer f\u00fcr einen l\u00e4ssigen, aber dennoch eleganten Look<\/p>\n<\/li>\n<\/ul>\n<p data-start=\"731\" data-end=\"755\"><strong data-start=\"731\" data-end=\"753\">Komfort und Qualit\u00e4t<\/strong><\/p>\n<ul data-start=\"756\" data-end=\"964\">\n<li data-start=\"756\" data-end=\"813\">\n<p data-start=\"758\" data-end=\"813\">Comfort Fit f\u00fcr <strong data-start=\"774\" data-end=\"792\">Luftige Passform<\/strong> und ganzt\u00e4giger Komfort<\/p>\n<\/li>\n<li data-start=\"814\" data-end=\"870\">\n<p data-start=\"816\" data-end=\"870\">Weiche, atmungsaktive Qualit\u00e4t, die sich angenehm auf der Haut anf\u00fchlt<\/p>\n<\/li>\n<li data-start=\"871\" data-end=\"964\">\n<p data-start=\"873\" data-end=\"964\"><strong data-start=\"873\" data-end=\"897\">Hergestellt in Europa<\/strong> - Casa Moda ist bekannt f\u00fcr solide Handwerkskunst und hohe, gleichbleibende Qualit\u00e4t<\/p>\n<\/li>\n<\/ul>\n<p data-start=\"966\" data-end=\"1154\">Diese <strong data-start=\"972\" data-end=\"994\">gebl\u00fcmtes Hemd<\/strong> ist ein Muss in der Garderobe eines jeden Mannes: zeitlos, leicht zu kombinieren und mit gen\u00fcgend Charakter, um jedes Outfit aufzuwerten - vom B\u00fcro bis zum Wochenend-Event.<\/p>\n<p>100 % Baumwolle<\/p>\n<p>Waschen: 40\u00b0.<\/p>\n<p>Kostenloser Versand f\u00fcr Eink\u00e4ufe \u00fcber DKK 499,-<\/p>\n<p>Wenn Sie sich \u00fcber die Gr\u00f6\u00dfe nicht sicher sind, sehen Sie sich die folgende Gr\u00f6\u00dfentabelle an<\/p>","protected":false},"featured_media":5045,"comment_status":"open","ping_status":"closed","template":"","meta":{"postBodyCss":"","postBodyMargin":[],"postBodyPadding":[],"postBodyBackground":{"backgroundType":"classic","gradient":""},"site-sidebar-layout":"default","site-content-layout":"default","ast-site-content-layout":"default","site-content-style":"default","site-sidebar-style":"default","ast-global-header-display":"","ast-banner-title-visibility":"","ast-main-header-display":"","ast-hfb-above-header-display":"","ast-hfb-below-header-display":"","ast-hfb-mobile-header-display":"","site-post-title":"","ast-breadcrumbs-content":"","ast-featured-img":"","footer-sml-layout":"","ast-disable-related-posts":"","theme-transparent-header-meta":"default","adv-header-id-meta":"","stick-header-meta":"","header-above-stick-meta":"","header-main-stick-meta":"","header-below-stick-meta":"","astra-migrate-meta-layouts":"set","ast-page-background-enabled":"default","ast-page-background-meta":{"desktop":{"background-color":"var(--ast-global-color-5)","background-image":"","background-repeat":"repeat","background-position":"center center","background-size":"auto","background-attachment":"scroll","background-type":"","background-media":"","overlay-type":"","overlay-color":"","overlay-opacity":"","overlay-gradient":""},"tablet":{"background-color":"","background-image":"","background-repeat":"repeat","background-position":"center center","background-size":"auto","background-attachment":"scroll","background-type":"","background-media":"","overlay-type":"","overlay-color":"","overlay-opacity":"","overlay-gradient":""},"mobile":{"background-color":"","background-image":"","background-repeat":"repeat","background-position":"center center","background-size":"auto","background-attachment":"scroll","background-type":"","background-media":"","overlay-type":"","overlay-color":"","overlay-opacity":"","overlay-gradient":""}},"ast-content-background-meta":{"desktop":{"background-color":"var(--ast-global-color-4)","background-image":"","background-repeat":"repeat","background-position":"center center","background-size":"auto","background-attachment":"scroll","background-type":"","background-media":"","overlay-type":"","overlay-color":"","overlay-opacity":"","overlay-gradient":""},"tablet":{"background-color":"var(--ast-global-color-4)","background-image":"","background-repeat":"repeat","background-position":"center center","background-size":"auto","background-attachment":"scroll","background-type":"","background-media":"","overlay-type":"","overlay-color":"","overlay-opacity":"","overlay-gradient":""},"mobile":{"background-color":"var(--ast-global-color-4)","background-image":"","background-repeat":"repeat","background-position":"center center","background-size":"auto","background-attachment":"scroll","background-type":"","background-media":"","overlay-type":"","overlay-color":"","overlay-opacity":"","overlay-gradient":""}}},"product_brand":[],"product_cat":[20],"product_tag":[],"class_list":{"0":"post-5017","1":"product","2":"type-product","3":"status-publish","4":"has-post-thumbnail","6":"product_cat-outlet","7":"desktop-align-center","8":"tablet-align-left","9":"mobile-align-left","10":"ast-product-gallery-layout-horizontal-slider","11":"ast-product-single-variable","12":"ast-product-tabs-layout-horizontal","14":"first","15":"instock","16":"sale","17":"taxable","18":"shipping-taxable","19":"purchasable","20":"product-type-variable"},"_links":{"self":[{"href":"https:\/\/hosbirger.dk\/de\/wp-json\/wp\/v2\/product\/5017","targetHints":{"allow":["GET"]}}],"collection":[{"href":"https:\/\/hosbirger.dk\/de\/wp-json\/wp\/v2\/product"}],"about":[{"href":"https:\/\/hosbirger.dk\/de\/wp-json\/wp\/v2\/types\/product"}],"replies":[{"embeddable":true,"href":"https:\/\/hosbirger.dk\/de\/wp-json\/wp\/v2\/comments?post=5017"}],"wp:featuredmedia":[{"embeddable":true,"href":"https:\/\/hosbirger.dk\/de\/wp-json\/wp\/v2\/media\/5045"}],"wp:attachment":[{"href":"https:\/\/hosbirger.dk\/de\/wp-json\/wp\/v2\/media?parent=5017"}],"wp:term":[{"taxonomy":"product_brand","embeddable":true,"href":"https:\/\/hosbirger.dk\/de\/wp-json\/wp\/v2\/product_brand?post=5017"},{"taxonomy":"product_cat","embeddable":true,"href":"https:\/\/hosbirger.dk\/de\/wp-json\/wp\/v2\/product_cat?post=5017"},{"taxonomy":"product_tag","embeddable":true,"href":"https:\/\/hosbirger.dk\/de\/wp-json\/wp\/v2\/product_tag?post=5017"}],"curies":[{"name":"wp","href":"https:\/\/api.w.org\/{rel}","templated":true}]}}