{"id":5901,"date":"2025-07-03T10:10:42","date_gmt":"2025-07-03T08:10:42","guid":{"rendered":"https:\/\/hosbirger.dk\/?post_type=product&#038;p=5901"},"modified":"2026-01-18T07:00:32","modified_gmt":"2026-01-18T06:00:32","slug":"in-ca-baumwollhose-mit-stretchanteil-und-gummizug-im-bund-navy-blau","status":"publish","type":"product","link":"https:\/\/hosbirger.dk\/de\/produkt\/in-ca-baumwollhose-mit-stretchanteil-und-gummizug-im-bund-navy-blau\/","title":{"rendered":"IN-CA Baumwollhose mit Stretchanteil und Gummizug im Bund navy blau"},"content":{"rendered":"<div class=\"xs_social_share_widget xs_share_url after_content \t\tmain_content  wslu-style-1 wslu-share-box-shaped wslu-fill-colored wslu-none wslu-share-horizontal wslu-theme-font-no wslu-main_content\">\n\n\t\t\n        <ul>\n\t\t\t        <\/ul>\n    <\/div>","protected":false},"excerpt":{"rendered":"<p>IN-CA Herren-Baumwollhose mit Stretchanteil und elastischem Bund navyblau.<br \/>\nHerrenhose mit Gummizug in der Taille<br \/>\nPraktische und bequeme Baumwollhose<br \/>\nKeine Kn\u00f6pfe oder Rei\u00dfverschluss<br \/>\nHose f\u00fcr M\u00e4nner - mit Gummizug in der Taille. Die Hose ist in einer sch\u00f6nen Baumwollqualit\u00e4t und hat keine Kn\u00f6pfe oder Rei\u00dfverschl\u00fcsse. Das macht die Hose bequem und unglaublich einfach an- und auszuziehen. Die Hose ist f\u00fcr \u00e4ltere M\u00e4nner und Menschen mit Arthritis, Stoma oder Rollstuhlfahrer geeignet. Die bei diesem Stoff verwendete Coloursafe-Technologie sorgt f\u00fcr intensive Farben, die auch nach mehrmaligem Waschen nicht ausbleichen. Der Stoff ist au\u00dferdem wasser- und schmutzabweisend, so dass er l\u00e4nger gut aussieht. Die Hose ist in den Farben Schwarz, Dunkelmarine und Dunkelsand erh\u00e4ltlich.<\/p>\n<p>98&amp; Baumwolle 2% Elastan<\/p>\n<p>Waschen: 40\u00b0. kein W\u00e4schetrockner<\/p>\n<p>Kostenloser Versand bei einem Einkauf \u00fcber \u20ac100,-<\/p>\n<div class=\"stack stack--one-and-a-half-spacing\" data-v-ad7f98ce=\"\" data-v-8c075abc=\"\">\n<div class=\"size-guide__table-container\" data-v-8c075abc=\"\" data-v-ad7f98ce=\"\">\n<table data-v-8c075abc=\"\" data-v-ad7f98ce=\"\">\n<thead data-v-8c075abc=\"\" data-v-ad7f98ce=\"\">\n<tr data-v-8c075abc=\"\" data-v-ad7f98ce=\"\">\n<th data-v-8c075abc=\"\" data-v-ad7f98ce=\"\">Gr\u00f6\u00dfe<\/th>\n<th data-v-8c075abc=\"\" data-v-ad7f98ce=\"\">S<\/th>\n<th data-v-8c075abc=\"\" data-v-ad7f98ce=\"\">M<\/th>\n<th data-v-8c075abc=\"\" data-v-ad7f98ce=\"\">L<\/th>\n<th data-v-8c075abc=\"\" data-v-ad7f98ce=\"\">XL<\/th>\n<th data-v-8c075abc=\"\" data-v-ad7f98ce=\"\">2XL<\/th>\n<th data-v-8c075abc=\"\" data-v-ad7f98ce=\"\">3XL<\/th>\n<th data-v-8c075abc=\"\" data-v-ad7f98ce=\"\">4XL<\/th>\n<th data-v-8c075abc=\"\" data-v-ad7f98ce=\"\">5XL<\/th>\n<th data-v-8c075abc=\"\" data-v-ad7f98ce=\"\">6XL<\/th>\n<\/tr>\n<\/thead>\n<tbody data-v-8c075abc=\"\" data-v-ad7f98ce=\"\">\n<tr data-v-8c075abc=\"\" data-v-ad7f98ce=\"\">\n<td data-v-8c075abc=\"\" data-v-ad7f98ce=\"\">Bund elastisch gedehnt<\/td>\n<td data-v-8c075abc=\"\" data-v-ad7f98ce=\"\">84<\/td>\n<td data-v-8c075abc=\"\" data-v-ad7f98ce=\"\">92<\/td>\n<td data-v-8c075abc=\"\" data-v-ad7f98ce=\"\">100<\/td>\n<td data-v-8c075abc=\"\" data-v-ad7f98ce=\"\">108<\/td>\n<td data-v-8c075abc=\"\" data-v-ad7f98ce=\"\">116<\/td>\n<td data-v-8c075abc=\"\" data-v-ad7f98ce=\"\">124<\/td>\n<td data-v-8c075abc=\"\" data-v-ad7f98ce=\"\">132<\/td>\n<td data-v-8c075abc=\"\" data-v-ad7f98ce=\"\">140<\/td>\n<td data-v-8c075abc=\"\" data-v-ad7f98ce=\"\">148<\/td>\n<\/tr>\n<tr data-v-8c075abc=\"\" data-v-ad7f98ce=\"\">\n<td data-v-8c075abc=\"\" data-v-ad7f98ce=\"\">Bund nicht elastisch gedehnt<\/td>\n<td data-v-8c075abc=\"\" data-v-ad7f98ce=\"\">72<\/td>\n<td data-v-8c075abc=\"\" data-v-ad7f98ce=\"\">80<\/td>\n<td data-v-8c075abc=\"\" data-v-ad7f98ce=\"\">88<\/td>\n<td data-v-8c075abc=\"\" data-v-ad7f98ce=\"\">96<\/td>\n<td data-v-8c075abc=\"\" data-v-ad7f98ce=\"\">104<\/td>\n<td data-v-8c075abc=\"\" data-v-ad7f98ce=\"\">112<\/td>\n<td data-v-8c075abc=\"\" data-v-ad7f98ce=\"\">120<\/td>\n<td data-v-8c075abc=\"\" data-v-ad7f98ce=\"\">128<\/td>\n<td data-v-8c075abc=\"\" data-v-ad7f98ce=\"\">136<\/td>\n<\/tr>\n<tr data-v-8c075abc=\"\" data-v-ad7f98ce=\"\">\n<td data-v-8c075abc=\"\" data-v-ad7f98ce=\"\">Schrittl\u00e4nge<\/td>\n<td data-v-8c075abc=\"\" data-v-ad7f98ce=\"\">83<\/td>\n<td data-v-8c075abc=\"\" data-v-ad7f98ce=\"\">83<\/td>\n<td data-v-8c075abc=\"\" data-v-ad7f98ce=\"\">83<\/td>\n<td data-v-8c075abc=\"\" data-v-ad7f98ce=\"\">83<\/td>\n<td data-v-8c075abc=\"\" data-v-ad7f98ce=\"\">83<\/td>\n<td data-v-8c075abc=\"\" data-v-ad7f98ce=\"\">83<\/td>\n<td data-v-8c075abc=\"\" data-v-ad7f98ce=\"\">83<\/td>\n<td data-v-8c075abc=\"\" data-v-ad7f98ce=\"\">83<\/td>\n<td data-v-8c075abc=\"\" data-v-ad7f98ce=\"\">83<\/td>\n<\/tr>\n<\/tbody>\n<\/table>\n<\/div>\n<\/div>\n<div class=\"stack stack--double-spacing\" data-v-ad7f98ce=\"\" data-v-8c075abc=\"\">\n<div class=\"size-guide__information\" data-v-8c075abc=\"\" data-v-ad7f98ce=\"\"><\/div>\n<\/div>\n<p>&nbsp;<\/p>","protected":false},"featured_media":5921,"comment_status":"open","ping_status":"closed","template":"","meta":{"postBodyCss":"","postBodyMargin":[],"postBodyPadding":[],"postBodyBackground":{"backgroundType":"classic","gradient":""},"site-sidebar-layout":"default","site-content-layout":"","ast-site-content-layout":"default","site-content-style":"default","site-sidebar-style":"default","ast-global-header-display":"","ast-banner-title-visibility":"","ast-main-header-display":"","ast-hfb-above-header-display":"","ast-hfb-below-header-display":"","ast-hfb-mobile-header-display":"","site-post-title":"","ast-breadcrumbs-content":"","ast-featured-img":"","footer-sml-layout":"","ast-disable-related-posts":"","theme-transparent-header-meta":"default","adv-header-id-meta":"","stick-header-meta":"","header-above-stick-meta":"","header-main-stick-meta":"","header-below-stick-meta":"","astra-migrate-meta-layouts":"set","ast-page-background-enabled":"default","ast-page-background-meta":{"desktop":{"background-color":"var(--ast-global-color-5)","background-image":"","background-repeat":"repeat","background-position":"center center","background-size":"auto","background-attachment":"scroll","background-type":"","background-media":"","overlay-type":"","overlay-color":"","overlay-opacity":"","overlay-gradient":""},"tablet":{"background-color":"","background-image":"","background-repeat":"repeat","background-position":"center center","background-size":"auto","background-attachment":"scroll","background-type":"","background-media":"","overlay-type":"","overlay-color":"","overlay-opacity":"","overlay-gradient":""},"mobile":{"background-color":"","background-image":"","background-repeat":"repeat","background-position":"center center","background-size":"auto","background-attachment":"scroll","background-type":"","background-media":"","overlay-type":"","overlay-color":"","overlay-opacity":"","overlay-gradient":""}},"ast-content-background-meta":{"desktop":{"background-color":"var(--ast-global-color-4)","background-image":"","background-repeat":"repeat","background-position":"center center","background-size":"auto","background-attachment":"scroll","background-type":"","background-media":"","overlay-type":"","overlay-color":"","overlay-opacity":"","overlay-gradient":""},"tablet":{"background-color":"var(--ast-global-color-4)","background-image":"","background-repeat":"repeat","background-position":"center center","background-size":"auto","background-attachment":"scroll","background-type":"","background-media":"","overlay-type":"","overlay-color":"","overlay-opacity":"","overlay-gradient":""},"mobile":{"background-color":"var(--ast-global-color-4)","background-image":"","background-repeat":"repeat","background-position":"center center","background-size":"auto","background-attachment":"scroll","background-type":"","background-media":"","overlay-type":"","overlay-color":"","overlay-opacity":"","overlay-gradient":""}}},"product_brand":[],"product_cat":[21,41,43],"product_tag":[],"class_list":{"0":"post-5901","1":"product","2":"type-product","3":"status-publish","4":"has-post-thumbnail","6":"product_cat-alle-varer","7":"product_cat-bukser","8":"product_cat-sunwill","9":"desktop-align-center","10":"tablet-align-left","11":"mobile-align-left","12":"ast-product-gallery-layout-horizontal-slider","13":"ast-product-single-variable","14":"ast-product-tabs-layout-horizontal","16":"first","17":"instock","18":"taxable","19":"shipping-taxable","20":"purchasable","21":"product-type-variable"},"_links":{"self":[{"href":"https:\/\/hosbirger.dk\/de\/wp-json\/wp\/v2\/product\/5901","targetHints":{"allow":["GET"]}}],"collection":[{"href":"https:\/\/hosbirger.dk\/de\/wp-json\/wp\/v2\/product"}],"about":[{"href":"https:\/\/hosbirger.dk\/de\/wp-json\/wp\/v2\/types\/product"}],"replies":[{"embeddable":true,"href":"https:\/\/hosbirger.dk\/de\/wp-json\/wp\/v2\/comments?post=5901"}],"wp:featuredmedia":[{"embeddable":true,"href":"https:\/\/hosbirger.dk\/de\/wp-json\/wp\/v2\/media\/5921"}],"wp:attachment":[{"href":"https:\/\/hosbirger.dk\/de\/wp-json\/wp\/v2\/media?parent=5901"}],"wp:term":[{"taxonomy":"product_brand","embeddable":true,"href":"https:\/\/hosbirger.dk\/de\/wp-json\/wp\/v2\/product_brand?post=5901"},{"taxonomy":"product_cat","embeddable":true,"href":"https:\/\/hosbirger.dk\/de\/wp-json\/wp\/v2\/product_cat?post=5901"},{"taxonomy":"product_tag","embeddable":true,"href":"https:\/\/hosbirger.dk\/de\/wp-json\/wp\/v2\/product_tag?post=5901"}],"curies":[{"name":"wp","href":"https:\/\/api.w.org\/{rel}","templated":true}]}}