{"id":6097,"date":"2025-07-03T10:13:01","date_gmt":"2025-07-03T08:13:01","guid":{"rendered":"https:\/\/hosbirger.dk\/?post_type=product&#038;p=6097"},"modified":"2026-01-18T06:57:04","modified_gmt":"2026-01-18T05:57:04","slug":"nord-564-denim-t-shirt-mit-druck-gelb","status":"publish","type":"product","link":"https:\/\/hosbirger.dk\/de\/produkt\/nord-564-denim-t-shirt-mit-druck-gelb\/","title":{"rendered":"North 56\u00b04 Denim-T-Shirt mit Druck GELB"},"content":{"rendered":"<div class=\"xs_social_share_widget xs_share_url after_content \t\tmain_content  wslu-style-1 wslu-share-box-shaped wslu-fill-colored wslu-none wslu-share-horizontal wslu-theme-font-no wslu-main_content\">\n\n\t\t\n        <ul>\n\t\t\t        <\/ul>\n    <\/div>","protected":false},"excerpt":{"rendered":"<p>North 56\u00b04 Denim-T-Shirt mit Druck GELB<\/p>\n<p data-start=\"62\" data-end=\"286\">North 56\u00b04 super stylisches T-Shirt mit North 56Denim Druck - eine moderne und bequeme Neuheit hier bei HosBirger.dk. Dieses T-Shirt ist f\u00fcr die plus-size Mann, der eine gut sitzende und stilvolle Garderobe Grundnahrungsmittel will entworfen.<\/p>\n<p data-start=\"288\" data-end=\"515\">Das T-Shirt ist aus einer weichen und atmungsaktiven Baumwollqualit\u00e4t gefertigt, die den ganzen Tag \u00fcber maximalen Komfort bietet. Der North 56Denim Print auf der Brust sorgt f\u00fcr einen coolen und maskulinen Look, der perfekt zu einem l\u00e4ssigen Alltagslook passt.<\/p>\n<p data-start=\"517\" data-end=\"762\">Erh\u00e4ltlich in einer Vielzahl von Farben, so dass Sie diejenige ausw\u00e4hlen k\u00f6nnen, die am besten zu Ihrem Stil passt. Kombinieren Sie sie mit Jeans, Chinos oder Shorts f\u00fcr ein l\u00e4ssiges, aber dennoch elegantes Outfit - perfekt f\u00fcr den Alltag, Freizeit und gesellschaftliche Anl\u00e4sse.<\/p>\n<p data-start=\"764\" data-end=\"1006\">North 56\u00b04 ist bekannt daf\u00fcr, sportliche, moderne und funktionelle Kollektionen mit Fokus auf Passform und Qualit\u00e4t f\u00fcr M\u00e4nner in \u00dcbergr\u00f6\u00dfen zu entwerfen, und dieses T-Shirt ist keine Ausnahme. Eine tolle Erg\u00e4nzung f\u00fcr Ihre Garderobe, die schnell zu einem Lieblingsst\u00fcck wird.<\/p>\n<p>100% Baumwolle<\/p>\n<p>Waschen: 40\u00b0 von innen nach au\u00dfen, um den Druck zu sch\u00fctzen<\/p>\n<p>Immer kostenloser Versand bei einem Einkauf \u00fcber 499,- kr<\/p>","protected":false},"featured_media":6121,"comment_status":"open","ping_status":"closed","template":"","meta":{"postBodyCss":"","postBodyMargin":[],"postBodyPadding":[],"postBodyBackground":{"backgroundType":"classic","gradient":""},"site-sidebar-layout":"default","site-content-layout":"default","ast-site-content-layout":"default","site-content-style":"default","site-sidebar-style":"default","ast-global-header-display":"","ast-banner-title-visibility":"","ast-main-header-display":"","ast-hfb-above-header-display":"","ast-hfb-below-header-display":"","ast-hfb-mobile-header-display":"","site-post-title":"","ast-breadcrumbs-content":"","ast-featured-img":"","footer-sml-layout":"","ast-disable-related-posts":"","theme-transparent-header-meta":"default","adv-header-id-meta":"","stick-header-meta":"","header-above-stick-meta":"","header-main-stick-meta":"","header-below-stick-meta":"","astra-migrate-meta-layouts":"set","ast-page-background-enabled":"default","ast-page-background-meta":{"desktop":{"background-color":"var(--ast-global-color-5)","background-image":"","background-repeat":"repeat","background-position":"center center","background-size":"auto","background-attachment":"scroll","background-type":"","background-media":"","overlay-type":"","overlay-color":"","overlay-opacity":"","overlay-gradient":""},"tablet":{"background-color":"","background-image":"","background-repeat":"repeat","background-position":"center center","background-size":"auto","background-attachment":"scroll","background-type":"","background-media":"","overlay-type":"","overlay-color":"","overlay-opacity":"","overlay-gradient":""},"mobile":{"background-color":"","background-image":"","background-repeat":"repeat","background-position":"center center","background-size":"auto","background-attachment":"scroll","background-type":"","background-media":"","overlay-type":"","overlay-color":"","overlay-opacity":"","overlay-gradient":""}},"ast-content-background-meta":{"desktop":{"background-color":"var(--ast-global-color-4)","background-image":"","background-repeat":"repeat","background-position":"center center","background-size":"auto","background-attachment":"scroll","background-type":"","background-media":"","overlay-type":"","overlay-color":"","overlay-opacity":"","overlay-gradient":""},"tablet":{"background-color":"var(--ast-global-color-4)","background-image":"","background-repeat":"repeat","background-position":"center center","background-size":"auto","background-attachment":"scroll","background-type":"","background-media":"","overlay-type":"","overlay-color":"","overlay-opacity":"","overlay-gradient":""},"mobile":{"background-color":"var(--ast-global-color-4)","background-image":"","background-repeat":"repeat","background-position":"center center","background-size":"auto","background-attachment":"scroll","background-type":"","background-media":"","overlay-type":"","overlay-color":"","overlay-opacity":"","overlay-gradient":""}}},"product_brand":[],"product_cat":[20],"product_tag":[],"class_list":{"0":"post-6097","1":"product","2":"type-product","3":"status-publish","4":"has-post-thumbnail","6":"product_cat-outlet","7":"desktop-align-center","8":"tablet-align-left","9":"mobile-align-left","10":"ast-product-gallery-layout-horizontal-slider","11":"ast-product-gallery-with-no-image","12":"ast-product-single-variable","13":"ast-product-tabs-layout-horizontal","15":"first","16":"instock","17":"sale","18":"taxable","19":"shipping-taxable","20":"purchasable","21":"product-type-variable"},"_links":{"self":[{"href":"https:\/\/hosbirger.dk\/de\/wp-json\/wp\/v2\/product\/6097","targetHints":{"allow":["GET"]}}],"collection":[{"href":"https:\/\/hosbirger.dk\/de\/wp-json\/wp\/v2\/product"}],"about":[{"href":"https:\/\/hosbirger.dk\/de\/wp-json\/wp\/v2\/types\/product"}],"replies":[{"embeddable":true,"href":"https:\/\/hosbirger.dk\/de\/wp-json\/wp\/v2\/comments?post=6097"}],"wp:featuredmedia":[{"embeddable":true,"href":"https:\/\/hosbirger.dk\/de\/wp-json\/wp\/v2\/media\/6121"}],"wp:attachment":[{"href":"https:\/\/hosbirger.dk\/de\/wp-json\/wp\/v2\/media?parent=6097"}],"wp:term":[{"taxonomy":"product_brand","embeddable":true,"href":"https:\/\/hosbirger.dk\/de\/wp-json\/wp\/v2\/product_brand?post=6097"},{"taxonomy":"product_cat","embeddable":true,"href":"https:\/\/hosbirger.dk\/de\/wp-json\/wp\/v2\/product_cat?post=6097"},{"taxonomy":"product_tag","embeddable":true,"href":"https:\/\/hosbirger.dk\/de\/wp-json\/wp\/v2\/product_tag?post=6097"}],"curies":[{"name":"wp","href":"https:\/\/api.w.org\/{rel}","templated":true}]}}