{"id":6149,"date":"2025-07-03T10:13:10","date_gmt":"2025-07-03T08:13:10","guid":{"rendered":"https:\/\/hosbirger.dk\/?post_type=product&#038;p=6149"},"modified":"2026-01-18T06:56:59","modified_gmt":"2026-01-18T05:56:59","slug":"nord-564-sweatshirt-mit-halbem-reisverschluss-klappe-navy-blau","status":"publish","type":"product","link":"https:\/\/hosbirger.dk\/de\/produkt\/nord-564-sweatshirt-mit-halbem-reisverschluss-klappe-navy-blau\/","title":{"rendered":"North 56\u00b04 Sweatshirt mit halbem Rei\u00dfverschluss Marineblau"},"content":{"rendered":"<div class=\"xs_social_share_widget xs_share_url after_content \t\tmain_content  wslu-style-1 wslu-share-box-shaped wslu-fill-colored wslu-none wslu-share-horizontal wslu-theme-font-no wslu-main_content\">\n\n\t\t\n        <ul>\n\t\t\t        <\/ul>\n    <\/div>","protected":false},"excerpt":{"rendered":"<p>North 56\u00b04 Sweatshirt mit halbem Rei\u00dfverschluss Marineblau<\/p>\n<p data-start=\"62\" data-end=\"378\">North 56\u00b04 half zip sweatshirt navy blue - ein klassisches und sportliches Sweatshirt f\u00fcr den Mann in \u00dcbergr\u00f6\u00dfe, der sowohl Komfort als auch Stil sucht. Das Sweatshirt ist aus weichem, nicht geb\u00fcrstetem Baumwollfrottee gefertigt, das sich leicht und angenehm auf der Haut anf\u00fchlt und perfekt f\u00fcr den Alltag ist.<\/p>\n<p data-start=\"380\" data-end=\"662\">Das Sweatshirt verf\u00fcgt \u00fcber einen praktischen 1\/2-Rei\u00dfverschluss, mit dem Sie die Hals\u00f6ffnung nach Bedarf verstellen k\u00f6nnen, und eine diskrete Brusttasche f\u00fcr kleine Gegenst\u00e4nde. Ein Aufn\u00e4her am \u00c4rmel sorgt f\u00fcr einen sportlich-modernen Look und das aufgen\u00e4hte Band am Hals f\u00fcr zus\u00e4tzliche Haltbarkeit und einen sch\u00f6nen Abschluss.<\/p>\n<p data-start=\"664\" data-end=\"811\">Die Passform ist normal und gr\u00f6\u00dfengetreu, so dass es einfach ist, die richtige Gr\u00f6\u00dfe zu finden, und sie sitzt bequem, ohne zu eng zu sein.<\/p>\n<p data-start=\"813\" data-end=\"1063\">North 56\u00b04 ist bekannt f\u00fcr seine sportliche Freizeitkollektion, die speziell f\u00fcr M\u00e4nner mit \u00dcbergr\u00f6\u00dfe entwickelt wurde. Qualit\u00e4t und Passform stehen an erster Stelle, und dieses Sweatshirt ist eine gute Wahl f\u00fcr Entspannung, Alltag und einen aktiven Lebensstil.<\/p>\n<p data-start=\"1065\" data-end=\"1222\">Kombinieren Sie es mit einer Jeans oder Jogginghose f\u00fcr einen l\u00e4ssigen Look, oder tragen Sie es an k\u00fchlen Tagen unter einer Jacke f\u00fcr ein bequemes und vielschichtiges Outfit.<\/p>\n<p>100% Baumwolle<\/p>\n<p>Waschen: 40\u00b0.<\/p>\n<p>Kostenloser Versand bei einem Einkauf \u00fcber \u20ac100,-<\/p>","protected":false},"featured_media":6156,"comment_status":"open","ping_status":"closed","template":"","meta":{"postBodyCss":"","postBodyMargin":[],"postBodyPadding":[],"postBodyBackground":{"backgroundType":"classic","gradient":""},"site-sidebar-layout":"default","site-content-layout":"default","ast-site-content-layout":"default","site-content-style":"default","site-sidebar-style":"default","ast-global-header-display":"","ast-banner-title-visibility":"","ast-main-header-display":"","ast-hfb-above-header-display":"","ast-hfb-below-header-display":"","ast-hfb-mobile-header-display":"","site-post-title":"","ast-breadcrumbs-content":"","ast-featured-img":"","footer-sml-layout":"","ast-disable-related-posts":"","theme-transparent-header-meta":"default","adv-header-id-meta":"","stick-header-meta":"","header-above-stick-meta":"","header-main-stick-meta":"","header-below-stick-meta":"","astra-migrate-meta-layouts":"set","ast-page-background-enabled":"default","ast-page-background-meta":{"desktop":{"background-color":"var(--ast-global-color-5)","background-image":"","background-repeat":"repeat","background-position":"center center","background-size":"auto","background-attachment":"scroll","background-type":"","background-media":"","overlay-type":"","overlay-color":"","overlay-opacity":"","overlay-gradient":""},"tablet":{"background-color":"","background-image":"","background-repeat":"repeat","background-position":"center center","background-size":"auto","background-attachment":"scroll","background-type":"","background-media":"","overlay-type":"","overlay-color":"","overlay-opacity":"","overlay-gradient":""},"mobile":{"background-color":"","background-image":"","background-repeat":"repeat","background-position":"center center","background-size":"auto","background-attachment":"scroll","background-type":"","background-media":"","overlay-type":"","overlay-color":"","overlay-opacity":"","overlay-gradient":""}},"ast-content-background-meta":{"desktop":{"background-color":"var(--ast-global-color-4)","background-image":"","background-repeat":"repeat","background-position":"center center","background-size":"auto","background-attachment":"scroll","background-type":"","background-media":"","overlay-type":"","overlay-color":"","overlay-opacity":"","overlay-gradient":""},"tablet":{"background-color":"var(--ast-global-color-4)","background-image":"","background-repeat":"repeat","background-position":"center center","background-size":"auto","background-attachment":"scroll","background-type":"","background-media":"","overlay-type":"","overlay-color":"","overlay-opacity":"","overlay-gradient":""},"mobile":{"background-color":"var(--ast-global-color-4)","background-image":"","background-repeat":"repeat","background-position":"center center","background-size":"auto","background-attachment":"scroll","background-type":"","background-media":"","overlay-type":"","overlay-color":"","overlay-opacity":"","overlay-gradient":""}}},"product_brand":[],"product_cat":[20],"product_tag":[],"class_list":{"0":"post-6149","1":"product","2":"type-product","3":"status-publish","4":"has-post-thumbnail","6":"product_cat-outlet","7":"desktop-align-center","8":"tablet-align-left","9":"mobile-align-left","10":"ast-product-gallery-layout-horizontal-slider","11":"ast-product-gallery-with-no-image","12":"ast-product-single-variable","13":"ast-product-tabs-layout-horizontal","15":"first","16":"instock","17":"sale","18":"taxable","19":"shipping-taxable","20":"purchasable","21":"product-type-variable"},"_links":{"self":[{"href":"https:\/\/hosbirger.dk\/de\/wp-json\/wp\/v2\/product\/6149","targetHints":{"allow":["GET"]}}],"collection":[{"href":"https:\/\/hosbirger.dk\/de\/wp-json\/wp\/v2\/product"}],"about":[{"href":"https:\/\/hosbirger.dk\/de\/wp-json\/wp\/v2\/types\/product"}],"replies":[{"embeddable":true,"href":"https:\/\/hosbirger.dk\/de\/wp-json\/wp\/v2\/comments?post=6149"}],"wp:featuredmedia":[{"embeddable":true,"href":"https:\/\/hosbirger.dk\/de\/wp-json\/wp\/v2\/media\/6156"}],"wp:attachment":[{"href":"https:\/\/hosbirger.dk\/de\/wp-json\/wp\/v2\/media?parent=6149"}],"wp:term":[{"taxonomy":"product_brand","embeddable":true,"href":"https:\/\/hosbirger.dk\/de\/wp-json\/wp\/v2\/product_brand?post=6149"},{"taxonomy":"product_cat","embeddable":true,"href":"https:\/\/hosbirger.dk\/de\/wp-json\/wp\/v2\/product_cat?post=6149"},{"taxonomy":"product_tag","embeddable":true,"href":"https:\/\/hosbirger.dk\/de\/wp-json\/wp\/v2\/product_tag?post=6149"}],"curies":[{"name":"wp","href":"https:\/\/api.w.org\/{rel}","templated":true}]}}