{"id":6160,"date":"2025-07-03T10:13:16","date_gmt":"2025-07-03T08:13:16","guid":{"rendered":"https:\/\/hosbirger.dk\/?post_type=product&#038;p=6160"},"modified":"2026-01-18T06:56:58","modified_gmt":"2026-01-18T05:56:58","slug":"north-564-rundhalsausschnitt-sweatshirt-mit-druck-navy-blau","status":"publish","type":"product","link":"https:\/\/hosbirger.dk\/de\/produkt\/north-564-rundhalsausschnitt-sweatshirt-mit-druck-navy-blau\/","title":{"rendered":"North 56\u00b04 Rundhalsausschnitt Sweatshirt mit Druck marineblau"},"content":{"rendered":"<div class=\"xs_social_share_widget xs_share_url after_content \t\tmain_content  wslu-style-1 wslu-share-box-shaped wslu-fill-colored wslu-none wslu-share-horizontal wslu-theme-font-no wslu-main_content\">\n\n\t\t\n        <ul>\n\t\t\t        <\/ul>\n    <\/div>","protected":false},"excerpt":{"rendered":"<p>North 56\u00b04 crew neck sweatshirt with print navy blue - ein klassisches und bequemes O-neck Sweatshirt f\u00fcr den modernen Plus-Size-Mann. Das Sweatshirt ist in einer weichen und geb\u00fcrsteten Qualit\u00e4t gefertigt, die sich angenehm und warm auf der Haut anf\u00fchlt und somit perfekt f\u00fcr den Alltag und l\u00e4ssige Momente ist.<\/p>\n<p data-start=\"360\" data-end=\"698\">Das zeitlose Design mit Rippb\u00fcndchen an den \u00c4rmeln und am Saum sorgt f\u00fcr einen guten Sitz und h\u00e4lt das Sweatshirt auch bei Bewegung an Ort und Stelle. Auf der Innenseite befindet sich ein sch\u00f6n gesticktes \u201cNord\u201d-Logo f\u00fcr einen dezenten und exklusiven Touch. Das kontrastfarbene Fischgr\u00e4tenband am Halsausschnitt ist ein zus\u00e4tzliches Detail, das das durchdachte Design unterstreicht.<\/p>\n<p data-start=\"700\" data-end=\"854\">Die Farbe Navy macht es einfach, das Sweatshirt mit Jeans, Chinos oder Jogginghosen zu kombinieren, so dass Sie alles von einem legeren bis hin zu einem sportlichen Outfit kreieren k\u00f6nnen.<\/p>\n<p data-start=\"856\" data-end=\"1107\">North 56\u00b04 ist eine sportliche, breit gef\u00e4cherte Freizeitkollektion, die den Bed\u00fcrfnissen von M\u00e4nnern mit \u00dcbergr\u00f6\u00dfen nach optimaler Passform, hoher Qualit\u00e4t und langlebigen Materialien Rechnung tr\u00e4gt. Dieses Sweatshirt ist eine offensichtliche Wahl f\u00fcr M\u00e4nner, die Komfort und Stil im Alltag suchen.<\/p>\n<p data-start=\"1109\" data-end=\"1208\">Das North 56\u00b04 Sweatshirt mit Rundhalsausschnitt und marineblauem Aufdruck ist ein vielseitiger Klassiker, der schnell zu einem Lieblingsst\u00fcck im Kleiderschrank wird und das ganze Jahr \u00fcber getragen werden kann.<\/p>\n<p>60% Baumwolle 40% Polyester<\/p>\n<p>Waschen: 40\u00b0.<\/p>\n<p>Kostenloser Versand bei einem Einkauf \u00fcber \u20ac100,-<\/p>","protected":false},"featured_media":6187,"comment_status":"open","ping_status":"closed","template":"","meta":{"postBodyCss":"","postBodyMargin":[],"postBodyPadding":[],"postBodyBackground":{"backgroundType":"classic","gradient":""},"site-sidebar-layout":"default","site-content-layout":"default","ast-site-content-layout":"default","site-content-style":"default","site-sidebar-style":"default","ast-global-header-display":"","ast-banner-title-visibility":"","ast-main-header-display":"","ast-hfb-above-header-display":"","ast-hfb-below-header-display":"","ast-hfb-mobile-header-display":"","site-post-title":"","ast-breadcrumbs-content":"","ast-featured-img":"","footer-sml-layout":"","ast-disable-related-posts":"","theme-transparent-header-meta":"default","adv-header-id-meta":"","stick-header-meta":"","header-above-stick-meta":"","header-main-stick-meta":"","header-below-stick-meta":"","astra-migrate-meta-layouts":"set","ast-page-background-enabled":"default","ast-page-background-meta":{"desktop":{"background-color":"var(--ast-global-color-5)","background-image":"","background-repeat":"repeat","background-position":"center center","background-size":"auto","background-attachment":"scroll","background-type":"","background-media":"","overlay-type":"","overlay-color":"","overlay-opacity":"","overlay-gradient":""},"tablet":{"background-color":"","background-image":"","background-repeat":"repeat","background-position":"center center","background-size":"auto","background-attachment":"scroll","background-type":"","background-media":"","overlay-type":"","overlay-color":"","overlay-opacity":"","overlay-gradient":""},"mobile":{"background-color":"","background-image":"","background-repeat":"repeat","background-position":"center center","background-size":"auto","background-attachment":"scroll","background-type":"","background-media":"","overlay-type":"","overlay-color":"","overlay-opacity":"","overlay-gradient":""}},"ast-content-background-meta":{"desktop":{"background-color":"var(--ast-global-color-4)","background-image":"","background-repeat":"repeat","background-position":"center center","background-size":"auto","background-attachment":"scroll","background-type":"","background-media":"","overlay-type":"","overlay-color":"","overlay-opacity":"","overlay-gradient":""},"tablet":{"background-color":"var(--ast-global-color-4)","background-image":"","background-repeat":"repeat","background-position":"center center","background-size":"auto","background-attachment":"scroll","background-type":"","background-media":"","overlay-type":"","overlay-color":"","overlay-opacity":"","overlay-gradient":""},"mobile":{"background-color":"var(--ast-global-color-4)","background-image":"","background-repeat":"repeat","background-position":"center center","background-size":"auto","background-attachment":"scroll","background-type":"","background-media":"","overlay-type":"","overlay-color":"","overlay-opacity":"","overlay-gradient":""}}},"product_brand":[],"product_cat":[20],"product_tag":[],"class_list":{"0":"post-6160","1":"product","2":"type-product","3":"status-publish","4":"has-post-thumbnail","6":"product_cat-outlet","7":"desktop-align-center","8":"tablet-align-left","9":"mobile-align-left","10":"ast-product-gallery-layout-horizontal-slider","11":"ast-product-gallery-with-no-image","12":"ast-product-single-variable","13":"ast-product-tabs-layout-horizontal","15":"first","16":"instock","17":"sale","18":"taxable","19":"shipping-taxable","20":"purchasable","21":"product-type-variable"},"_links":{"self":[{"href":"https:\/\/hosbirger.dk\/de\/wp-json\/wp\/v2\/product\/6160","targetHints":{"allow":["GET"]}}],"collection":[{"href":"https:\/\/hosbirger.dk\/de\/wp-json\/wp\/v2\/product"}],"about":[{"href":"https:\/\/hosbirger.dk\/de\/wp-json\/wp\/v2\/types\/product"}],"replies":[{"embeddable":true,"href":"https:\/\/hosbirger.dk\/de\/wp-json\/wp\/v2\/comments?post=6160"}],"wp:featuredmedia":[{"embeddable":true,"href":"https:\/\/hosbirger.dk\/de\/wp-json\/wp\/v2\/media\/6187"}],"wp:attachment":[{"href":"https:\/\/hosbirger.dk\/de\/wp-json\/wp\/v2\/media?parent=6160"}],"wp:term":[{"taxonomy":"product_brand","embeddable":true,"href":"https:\/\/hosbirger.dk\/de\/wp-json\/wp\/v2\/product_brand?post=6160"},{"taxonomy":"product_cat","embeddable":true,"href":"https:\/\/hosbirger.dk\/de\/wp-json\/wp\/v2\/product_cat?post=6160"},{"taxonomy":"product_tag","embeddable":true,"href":"https:\/\/hosbirger.dk\/de\/wp-json\/wp\/v2\/product_tag?post=6160"}],"curies":[{"name":"wp","href":"https:\/\/api.w.org\/{rel}","templated":true}]}}