{"id":6178,"date":"2025-07-03T10:13:16","date_gmt":"2025-07-03T08:13:16","guid":{"rendered":"https:\/\/hosbirger.dk\/?post_type=product&#038;p=6178"},"modified":"2026-01-18T06:56:56","modified_gmt":"2026-01-18T05:56:56","slug":"bosswik-geflochtener-elastischer-gurtel-braun","status":"publish","type":"product","link":"https:\/\/hosbirger.dk\/de\/produkt\/bosswik-geflochtener-elastischer-gurtel-braun\/","title":{"rendered":"Bosswik geflochtener elastischer G\u00fcrtel braun"},"content":{"rendered":"<div class=\"xs_social_share_widget xs_share_url after_content \t\tmain_content  wslu-style-1 wslu-share-box-shaped wslu-fill-colored wslu-none wslu-share-horizontal wslu-theme-font-no wslu-main_content\">\n\n\t\t\n        <ul>\n\t\t\t        <\/ul>\n    <\/div>","protected":false},"excerpt":{"rendered":"<p>Bosswik geflochtener elastischer G\u00fcrtel braun<\/p>\n<p data-start=\"62\" data-end=\"366\">Bosswik Flechtg\u00fcrtel - ein hochwertiger, 35 mm breiter, elastischer Stoffg\u00fcrtel, der Komfort, Funktionalit\u00e4t und klassisches Design vereint. Der G\u00fcrtel ist aus einem haltbaren, flexiblen Material gefertigt, das ihn den ganzen Tag \u00fcber angenehm zu tragen macht und perfekt f\u00fcr Arbeit, Freizeit und formellere Anl\u00e4sse ist.<\/p>\n<p data-start=\"368\" data-end=\"656\">Die sch\u00f6nen Oberfl\u00e4chen sind aus pflanzlich gegerbtem, genarbtem Leder aus Italien gefertigt, das einen exklusiven Look und eine langlebige Oberfl\u00e4che bietet. Die Schnalle ist nickelfrei und solide vern\u00e4ht, was sowohl Qualit\u00e4t als auch Langlebigkeit garantiert - ideal f\u00fcr alle, die einen G\u00fcrtel wollen, der Saison f\u00fcr Saison getragen werden kann.<\/p>\n<p data-start=\"658\" data-end=\"910\">Bosswik ist f\u00fcr seinen hohen Standard an Handwerkskunst bekannt und dieser G\u00fcrtel wird in D\u00e4nemark mit einem Fokus auf Qualit\u00e4t und Details hergestellt. Das geflochtene Design macht den G\u00fcrtel vielseitig und leicht anpassbar, so dass er zu Jeans, Chinos und sogar Shorts getragen werden kann.<\/p>\n<p data-start=\"912\" data-end=\"1067\">Bosswik geflochtener elastischer G\u00fcrtel braun, ein G\u00fcrtel wie dieser ist ein Muss f\u00fcr jeden Mann, der ein zeitloses und funktionelles Accessoire sucht, das sowohl stilvoll als auch bequem ist.<\/p>\n<p>Kostenloser Versand bei einem Einkauf \u00fcber \u20ac100,-<\/p>","protected":false},"featured_media":6189,"comment_status":"open","ping_status":"closed","template":"","meta":{"postBodyCss":"","postBodyMargin":[],"postBodyPadding":[],"postBodyBackground":{"backgroundType":"classic","gradient":""},"site-sidebar-layout":"default","site-content-layout":"default","ast-site-content-layout":"default","site-content-style":"default","site-sidebar-style":"default","ast-global-header-display":"","ast-banner-title-visibility":"","ast-main-header-display":"","ast-hfb-above-header-display":"","ast-hfb-below-header-display":"","ast-hfb-mobile-header-display":"","site-post-title":"","ast-breadcrumbs-content":"","ast-featured-img":"","footer-sml-layout":"","ast-disable-related-posts":"","theme-transparent-header-meta":"default","adv-header-id-meta":"","stick-header-meta":"","header-above-stick-meta":"","header-main-stick-meta":"","header-below-stick-meta":"","astra-migrate-meta-layouts":"set","ast-page-background-enabled":"default","ast-page-background-meta":{"desktop":{"background-color":"var(--ast-global-color-5)","background-image":"","background-repeat":"repeat","background-position":"center center","background-size":"auto","background-attachment":"scroll","background-type":"","background-media":"","overlay-type":"","overlay-color":"","overlay-opacity":"","overlay-gradient":""},"tablet":{"background-color":"","background-image":"","background-repeat":"repeat","background-position":"center center","background-size":"auto","background-attachment":"scroll","background-type":"","background-media":"","overlay-type":"","overlay-color":"","overlay-opacity":"","overlay-gradient":""},"mobile":{"background-color":"","background-image":"","background-repeat":"repeat","background-position":"center center","background-size":"auto","background-attachment":"scroll","background-type":"","background-media":"","overlay-type":"","overlay-color":"","overlay-opacity":"","overlay-gradient":""}},"ast-content-background-meta":{"desktop":{"background-color":"var(--ast-global-color-4)","background-image":"","background-repeat":"repeat","background-position":"center center","background-size":"auto","background-attachment":"scroll","background-type":"","background-media":"","overlay-type":"","overlay-color":"","overlay-opacity":"","overlay-gradient":""},"tablet":{"background-color":"var(--ast-global-color-4)","background-image":"","background-repeat":"repeat","background-position":"center center","background-size":"auto","background-attachment":"scroll","background-type":"","background-media":"","overlay-type":"","overlay-color":"","overlay-opacity":"","overlay-gradient":""},"mobile":{"background-color":"var(--ast-global-color-4)","background-image":"","background-repeat":"repeat","background-position":"center center","background-size":"auto","background-attachment":"scroll","background-type":"","background-media":"","overlay-type":"","overlay-color":"","overlay-opacity":"","overlay-gradient":""}}},"product_brand":[],"product_cat":[21,48,49],"product_tag":[],"class_list":{"0":"post-6178","1":"product","2":"type-product","3":"status-publish","4":"has-post-thumbnail","6":"product_cat-alle-varer","7":"product_cat-baelter-seler","8":"product_cat-bosswik","9":"desktop-align-center","10":"tablet-align-left","11":"mobile-align-left","12":"ast-product-gallery-layout-horizontal-slider","13":"ast-product-gallery-with-no-image","14":"ast-product-single-variable","15":"ast-product-tabs-layout-horizontal","17":"first","18":"instock","19":"taxable","20":"shipping-taxable","21":"purchasable","22":"product-type-variable"},"_links":{"self":[{"href":"https:\/\/hosbirger.dk\/de\/wp-json\/wp\/v2\/product\/6178","targetHints":{"allow":["GET"]}}],"collection":[{"href":"https:\/\/hosbirger.dk\/de\/wp-json\/wp\/v2\/product"}],"about":[{"href":"https:\/\/hosbirger.dk\/de\/wp-json\/wp\/v2\/types\/product"}],"replies":[{"embeddable":true,"href":"https:\/\/hosbirger.dk\/de\/wp-json\/wp\/v2\/comments?post=6178"}],"wp:featuredmedia":[{"embeddable":true,"href":"https:\/\/hosbirger.dk\/de\/wp-json\/wp\/v2\/media\/6189"}],"wp:attachment":[{"href":"https:\/\/hosbirger.dk\/de\/wp-json\/wp\/v2\/media?parent=6178"}],"wp:term":[{"taxonomy":"product_brand","embeddable":true,"href":"https:\/\/hosbirger.dk\/de\/wp-json\/wp\/v2\/product_brand?post=6178"},{"taxonomy":"product_cat","embeddable":true,"href":"https:\/\/hosbirger.dk\/de\/wp-json\/wp\/v2\/product_cat?post=6178"},{"taxonomy":"product_tag","embeddable":true,"href":"https:\/\/hosbirger.dk\/de\/wp-json\/wp\/v2\/product_tag?post=6178"}],"curies":[{"name":"wp","href":"https:\/\/api.w.org\/{rel}","templated":true}]}}