{"id":6199,"date":"2025-07-03T10:13:21","date_gmt":"2025-07-03T08:13:21","guid":{"rendered":"https:\/\/hosbirger.dk\/?post_type=product&#038;p=6199"},"modified":"2026-01-18T06:56:54","modified_gmt":"2026-01-18T05:56:54","slug":"roberto-jeans-dunner-zopfstrick-moerk-oliv","status":"publish","type":"product","link":"https:\/\/hosbirger.dk\/de\/produkt\/roberto-jeans-dunner-zopfstrick-moerk-oliv\/","title":{"rendered":"Roberto Jeans d\u00fcnner Zopfstrick dunkeloliv"},"content":{"rendered":"<div class=\"xs_social_share_widget xs_share_url after_content \t\tmain_content  wslu-style-1 wslu-share-box-shaped wslu-fill-colored wslu-none wslu-share-horizontal wslu-theme-font-no wslu-main_content\">\n\n\t\t\n        <ul>\n\t\t\t        <\/ul>\n    <\/div>","protected":false},"excerpt":{"rendered":"<p>Roberto Jeans d\u00fcnner Zopfstrick dunkeloliv<\/p>\n<p data-start=\"62\" data-end=\"487\">Ein d\u00fcnner Zopfstrick von Roberto Jeans in der sch\u00f6nen Farbe Dunkelolive - ein vielseitiger Strick, der perfekt in die Garderobe eines jeden Mannes passt. Dieser leichte Strick ist ideal f\u00fcr den Alltag, um einen entspannten und stilvollen Look zu erzielen, kann aber auch zu formelleren Anl\u00e4ssen getragen werden. Tragen Sie es unter einem Blazer f\u00fcr einen eleganten und raffinierten Look, der f\u00fcr Abendessen, Meetings oder einen Abend im Freien geeignet ist.<\/p>\n<p data-start=\"489\" data-end=\"757\">Das klassische Zopfstrickmuster verleiht dem Hemd einen zeitlosen und maskulinen Look, der sich leicht mit allem kombinieren l\u00e4sst, von Jeans und Chinos bis hin zu sch\u00f6nen Hosen. Die dunkle olivgr\u00fcne Farbe verleiht ihm einen modernen und erdigen Touch, der sowohl in der Herbst- als auch in der Wintergarderobe gut funktioniert.<\/p>\n<p data-start=\"759\" data-end=\"933\">Roberto Jeans ist bekannt f\u00fcr hohe Qualit\u00e4t und Passform, und dieses Strickteil ist keine Ausnahme. Er ist angenehm zu tragen, h\u00e4lt seine Form gut und kann Saison f\u00fcr Saison getragen werden.<\/p>\n<p data-start=\"935\" data-end=\"1064\">Roberto Jeans d\u00fcnner Zopfstrick dunkeloliv, ein Zopfstrick wie dieser ist ein Must-Have f\u00fcr jeden Mann - egal ob Sie einen klassischen, l\u00e4ssigen oder modischen Stil bevorzugen.<\/p>\n<p>50% Baumwolle 50% Acryl<\/p>\n<p>Waschen: 40\u00b0.<\/p>\n<p>Kostenloser Versand bei einem Einkauf \u00fcber \u20ac100,-<\/p>","protected":false},"featured_media":6221,"comment_status":"open","ping_status":"closed","template":"","meta":{"postBodyCss":"","postBodyMargin":[],"postBodyPadding":[],"postBodyBackground":{"backgroundType":"classic","gradient":""},"site-sidebar-layout":"default","site-content-layout":"","ast-site-content-layout":"default","site-content-style":"default","site-sidebar-style":"default","ast-global-header-display":"","ast-banner-title-visibility":"","ast-main-header-display":"","ast-hfb-above-header-display":"","ast-hfb-below-header-display":"","ast-hfb-mobile-header-display":"","site-post-title":"","ast-breadcrumbs-content":"","ast-featured-img":"","footer-sml-layout":"","ast-disable-related-posts":"","theme-transparent-header-meta":"default","adv-header-id-meta":"","stick-header-meta":"","header-above-stick-meta":"","header-main-stick-meta":"","header-below-stick-meta":"","astra-migrate-meta-layouts":"set","ast-page-background-enabled":"default","ast-page-background-meta":{"desktop":{"background-color":"var(--ast-global-color-5)","background-image":"","background-repeat":"repeat","background-position":"center center","background-size":"auto","background-attachment":"scroll","background-type":"","background-media":"","overlay-type":"","overlay-color":"","overlay-opacity":"","overlay-gradient":""},"tablet":{"background-color":"","background-image":"","background-repeat":"repeat","background-position":"center center","background-size":"auto","background-attachment":"scroll","background-type":"","background-media":"","overlay-type":"","overlay-color":"","overlay-opacity":"","overlay-gradient":""},"mobile":{"background-color":"","background-image":"","background-repeat":"repeat","background-position":"center center","background-size":"auto","background-attachment":"scroll","background-type":"","background-media":"","overlay-type":"","overlay-color":"","overlay-opacity":"","overlay-gradient":""}},"ast-content-background-meta":{"desktop":{"background-color":"var(--ast-global-color-4)","background-image":"","background-repeat":"repeat","background-position":"center center","background-size":"auto","background-attachment":"scroll","background-type":"","background-media":"","overlay-type":"","overlay-color":"","overlay-opacity":"","overlay-gradient":""},"tablet":{"background-color":"var(--ast-global-color-4)","background-image":"","background-repeat":"repeat","background-position":"center center","background-size":"auto","background-attachment":"scroll","background-type":"","background-media":"","overlay-type":"","overlay-color":"","overlay-opacity":"","overlay-gradient":""},"mobile":{"background-color":"var(--ast-global-color-4)","background-image":"","background-repeat":"repeat","background-position":"center center","background-size":"auto","background-attachment":"scroll","background-type":"","background-media":"","overlay-type":"","overlay-color":"","overlay-opacity":"","overlay-gradient":""}}},"product_brand":[],"product_cat":[20],"product_tag":[],"class_list":{"0":"post-6199","1":"product","2":"type-product","3":"status-publish","4":"has-post-thumbnail","6":"product_cat-outlet","7":"desktop-align-center","8":"tablet-align-left","9":"mobile-align-left","10":"ast-product-gallery-layout-horizontal-slider","11":"ast-product-gallery-with-no-image","12":"ast-product-single-variable","13":"ast-product-tabs-layout-horizontal","15":"first","16":"instock","17":"sale","18":"taxable","19":"shipping-taxable","20":"purchasable","21":"product-type-variable"},"_links":{"self":[{"href":"https:\/\/hosbirger.dk\/de\/wp-json\/wp\/v2\/product\/6199","targetHints":{"allow":["GET"]}}],"collection":[{"href":"https:\/\/hosbirger.dk\/de\/wp-json\/wp\/v2\/product"}],"about":[{"href":"https:\/\/hosbirger.dk\/de\/wp-json\/wp\/v2\/types\/product"}],"replies":[{"embeddable":true,"href":"https:\/\/hosbirger.dk\/de\/wp-json\/wp\/v2\/comments?post=6199"}],"wp:featuredmedia":[{"embeddable":true,"href":"https:\/\/hosbirger.dk\/de\/wp-json\/wp\/v2\/media\/6221"}],"wp:attachment":[{"href":"https:\/\/hosbirger.dk\/de\/wp-json\/wp\/v2\/media?parent=6199"}],"wp:term":[{"taxonomy":"product_brand","embeddable":true,"href":"https:\/\/hosbirger.dk\/de\/wp-json\/wp\/v2\/product_brand?post=6199"},{"taxonomy":"product_cat","embeddable":true,"href":"https:\/\/hosbirger.dk\/de\/wp-json\/wp\/v2\/product_cat?post=6199"},{"taxonomy":"product_tag","embeddable":true,"href":"https:\/\/hosbirger.dk\/de\/wp-json\/wp\/v2\/product_tag?post=6199"}],"curies":[{"name":"wp","href":"https:\/\/api.w.org\/{rel}","templated":true}]}}