{"id":6507,"date":"2025-07-03T10:14:18","date_gmt":"2025-07-03T08:14:18","guid":{"rendered":"https:\/\/hosbirger.dk\/?post_type=product&#038;p=6507"},"modified":"2026-01-18T06:56:31","modified_gmt":"2026-01-18T05:56:31","slug":"roberto-jeans-sweatshirt-mit-brusttasche-blau-farbig","status":"publish","type":"product","link":"https:\/\/hosbirger.dk\/de\/produkt\/roberto-jeans-sweatshirt-mit-brusttasche-blau-farbig\/","title":{"rendered":"Roberto Jeans Sweatshirt mit Brusttasche blau gesprenkelt"},"content":{"rendered":"<div class=\"xs_social_share_widget xs_share_url after_content \t\tmain_content  wslu-style-1 wslu-share-box-shaped wslu-fill-colored wslu-none wslu-share-horizontal wslu-theme-font-no wslu-main_content\">\n\n\t\t\n        <ul>\n\t\t\t        <\/ul>\n    <\/div>","protected":false},"excerpt":{"rendered":"<p>Roberto Jeans Sweatshirt mit Brusttasche blau gesprenkelt<\/p>\n<p data-start=\"62\" data-end=\"391\">Ein klassisches Sweatshirt mit kurzem Rei\u00dfverschluss von Roberto Jeans - eine vielseitige und stilvolle Erg\u00e4nzung f\u00fcr Ihre Garderobe. Das Sweatshirt ist sowohl f\u00fcr legere als auch f\u00fcr elegante Anl\u00e4sse geeignet. Es kann leicht mit einem Hemd darunter f\u00fcr einen eleganten Lagenlook gestylt oder allein f\u00fcr einen l\u00e4ssigen und bequemen Look getragen werden.<\/p>\n<p data-start=\"393\" data-end=\"670\">Der kurze Rei\u00dfverschluss erm\u00f6glicht es Ihnen, den Halsausschnitt nach Bedarf zu verstellen und verleiht ihm einen sportlichen Touch. Wenn Sie in die Stadt oder zu einem legeren Abendessen gehen, kombinieren Sie dieses Sweatshirt mit einem Blazer, um einen modernen und gut gekleideten Look zu kreieren, der dennoch entspannt wirkt.<\/p>\n<p data-start=\"672\" data-end=\"903\">Roberto Jeans ist bekannt f\u00fcr Qualit\u00e4t und Passform, und dieses Sweatshirt ist keine Ausnahme. Es ist in einer weichen und bequemen Qualit\u00e4t gefertigt, die es ideal f\u00fcr den Alltag macht und auch nach mehreren W\u00e4schen seine Form beh\u00e4lt.<\/p>\n<p data-start=\"905\" data-end=\"1097\">Ein klassisches Sweatshirt mit halbem Rei\u00dfverschluss wie das Roberto Jeans Sweatshirt mit Brusttasche in Blau-Melange ist ein Muss f\u00fcr jeden Mann, der ein flexibles Kleidungsst\u00fcck sucht, das das ganze Jahr \u00fcber und zu vielen verschiedenen Anl\u00e4ssen getragen werden kann.<\/p>\n<p>60% Baumwolle 40% Polyester<\/p>\n<p>Waschen: 40\u00b0.<\/p>\n<p>Kostenloser Versand bei einem Einkauf \u00fcber \u20ac100,-<\/p>","protected":false},"featured_media":6527,"comment_status":"open","ping_status":"closed","template":"","meta":{"postBodyCss":"","postBodyMargin":[],"postBodyPadding":[],"postBodyBackground":{"backgroundType":"classic","gradient":""},"site-sidebar-layout":"default","site-content-layout":"","ast-site-content-layout":"default","site-content-style":"default","site-sidebar-style":"default","ast-global-header-display":"","ast-banner-title-visibility":"","ast-main-header-display":"","ast-hfb-above-header-display":"","ast-hfb-below-header-display":"","ast-hfb-mobile-header-display":"","site-post-title":"","ast-breadcrumbs-content":"","ast-featured-img":"","footer-sml-layout":"","ast-disable-related-posts":"","theme-transparent-header-meta":"default","adv-header-id-meta":"","stick-header-meta":"","header-above-stick-meta":"","header-main-stick-meta":"","header-below-stick-meta":"","astra-migrate-meta-layouts":"set","ast-page-background-enabled":"default","ast-page-background-meta":{"desktop":{"background-color":"var(--ast-global-color-5)","background-image":"","background-repeat":"repeat","background-position":"center center","background-size":"auto","background-attachment":"scroll","background-type":"","background-media":"","overlay-type":"","overlay-color":"","overlay-opacity":"","overlay-gradient":""},"tablet":{"background-color":"","background-image":"","background-repeat":"repeat","background-position":"center center","background-size":"auto","background-attachment":"scroll","background-type":"","background-media":"","overlay-type":"","overlay-color":"","overlay-opacity":"","overlay-gradient":""},"mobile":{"background-color":"","background-image":"","background-repeat":"repeat","background-position":"center center","background-size":"auto","background-attachment":"scroll","background-type":"","background-media":"","overlay-type":"","overlay-color":"","overlay-opacity":"","overlay-gradient":""}},"ast-content-background-meta":{"desktop":{"background-color":"var(--ast-global-color-4)","background-image":"","background-repeat":"repeat","background-position":"center center","background-size":"auto","background-attachment":"scroll","background-type":"","background-media":"","overlay-type":"","overlay-color":"","overlay-opacity":"","overlay-gradient":""},"tablet":{"background-color":"var(--ast-global-color-4)","background-image":"","background-repeat":"repeat","background-position":"center center","background-size":"auto","background-attachment":"scroll","background-type":"","background-media":"","overlay-type":"","overlay-color":"","overlay-opacity":"","overlay-gradient":""},"mobile":{"background-color":"var(--ast-global-color-4)","background-image":"","background-repeat":"repeat","background-position":"center center","background-size":"auto","background-attachment":"scroll","background-type":"","background-media":"","overlay-type":"","overlay-color":"","overlay-opacity":"","overlay-gradient":""}}},"product_brand":[],"product_cat":[20],"product_tag":[],"class_list":{"0":"post-6507","1":"product","2":"type-product","3":"status-publish","4":"has-post-thumbnail","6":"product_cat-outlet","7":"desktop-align-center","8":"tablet-align-left","9":"mobile-align-left","10":"ast-product-gallery-layout-horizontal-slider","11":"ast-product-gallery-with-no-image","12":"ast-product-single-variable","13":"ast-product-tabs-layout-horizontal","15":"first","16":"instock","17":"sale","18":"taxable","19":"shipping-taxable","20":"purchasable","21":"product-type-variable"},"_links":{"self":[{"href":"https:\/\/hosbirger.dk\/de\/wp-json\/wp\/v2\/product\/6507","targetHints":{"allow":["GET"]}}],"collection":[{"href":"https:\/\/hosbirger.dk\/de\/wp-json\/wp\/v2\/product"}],"about":[{"href":"https:\/\/hosbirger.dk\/de\/wp-json\/wp\/v2\/types\/product"}],"replies":[{"embeddable":true,"href":"https:\/\/hosbirger.dk\/de\/wp-json\/wp\/v2\/comments?post=6507"}],"wp:featuredmedia":[{"embeddable":true,"href":"https:\/\/hosbirger.dk\/de\/wp-json\/wp\/v2\/media\/6527"}],"wp:attachment":[{"href":"https:\/\/hosbirger.dk\/de\/wp-json\/wp\/v2\/media?parent=6507"}],"wp:term":[{"taxonomy":"product_brand","embeddable":true,"href":"https:\/\/hosbirger.dk\/de\/wp-json\/wp\/v2\/product_brand?post=6507"},{"taxonomy":"product_cat","embeddable":true,"href":"https:\/\/hosbirger.dk\/de\/wp-json\/wp\/v2\/product_cat?post=6507"},{"taxonomy":"product_tag","embeddable":true,"href":"https:\/\/hosbirger.dk\/de\/wp-json\/wp\/v2\/product_tag?post=6507"}],"curies":[{"name":"wp","href":"https:\/\/api.w.org\/{rel}","templated":true}]}}