{"id":6700,"date":"2025-07-03T10:15:14","date_gmt":"2025-07-03T08:15:14","guid":{"rendered":"https:\/\/hosbirger.dk\/?post_type=product&#038;p=6700"},"modified":"2026-01-18T06:56:06","modified_gmt":"2026-01-18T05:56:06","slug":"casa-moda-fliege-und-dekoratives-zweiteiliges-kleid-blau-paisley-moenster","status":"publish","type":"product","link":"https:\/\/hosbirger.dk\/de\/produkt\/casa-moda-fliege-und-dekoratives-zweiteiliges-kleid-blau-paisley-moenster\/","title":{"rendered":"Casa Moda Fliege und Dekoschal Blaues Paisleymuster"},"content":{"rendered":"<div class=\"xs_social_share_widget xs_share_url after_content \t\tmain_content  wslu-style-1 wslu-share-box-shaped wslu-fill-colored wslu-none wslu-share-horizontal wslu-theme-font-no wslu-main_content\">\n\n\t\t\n        <ul>\n\t\t\t        <\/ul>\n    <\/div>","protected":false},"excerpt":{"rendered":"<p>Casa Moda Fliege und Dekoschal Blaues Paisleymuster<\/p>\n<p data-start=\"62\" data-end=\"381\">Mit diesem eleganten Set von Casa Moda, bestehend aus einer Fliege und einem passenden Einstecktuch, erhalten Sie die perfekte Kombination, um ein stilvolles Outfit zu vervollst\u00e4ndigen. Dieses Set ist ideal f\u00fcr festliche Anl\u00e4sse wie Hochzeiten, Abschlussfeiern, Boxabende oder ein romantisches Abendessen, bei dem Sie besonders herausgeputzt aussehen wollen.<\/p>\n<p data-start=\"383\" data-end=\"641\">Casa Moda Fliege und Ziertuch Blau Paisleymuster, ist aus 100% reiner Baumwolle gefertigt, was eine weiche und komfortable Qualit\u00e4t gew\u00e4hrleistet, die sich luxuri\u00f6s anf\u00fchlt und elegant aussieht. Die feine Verarbeitung und hohe Qualit\u00e4t bedeutet, dass das Set bleibt gut aussehen auch nach mehrmaligem Gebrauch.<\/p>\n<p data-start=\"643\" data-end=\"934\">Sie k\u00f6nnen das Set problemlos mit einem klassischen wei\u00dfen Hemd kombinieren, um einen zeitlosen Look zu erzielen, oder mit Hemden in verschiedenen Farben, um einen pers\u00f6nlichen Look zu kreieren. Es ist eine vielseitige Wahl, die sowohl f\u00fcr formelle als auch f\u00fcr legerere Anl\u00e4sse verwendet werden kann, bei denen Sie dennoch einen gepflegten Look w\u00fcnschen.<\/p>\n<p data-start=\"936\" data-end=\"1139\">Casa Moda ist bekannt f\u00fcr seine eleganten Accessoires, und dieses Set ist keine Ausnahme - es wurde f\u00fcr den modernen Mann geschaffen, der die Details zu sch\u00e4tzen wei\u00df und bei jeder Gelegenheit stilvoll aussehen m\u00f6chte<\/p>\n<p>100% Baumwolle<\/p>\n<p>Reinigung: chemisch reinigen<\/p>\n<p>Kostenloser Versand bei einem Einkauf \u00fcber \u20ac100,-<\/p>","protected":false},"featured_media":6718,"comment_status":"open","ping_status":"closed","template":"","meta":{"postBodyCss":"","postBodyMargin":[],"postBodyPadding":[],"postBodyBackground":{"backgroundType":"classic","gradient":""},"site-sidebar-layout":"default","site-content-layout":"default","ast-site-content-layout":"default","site-content-style":"default","site-sidebar-style":"default","ast-global-header-display":"","ast-banner-title-visibility":"","ast-main-header-display":"","ast-hfb-above-header-display":"","ast-hfb-below-header-display":"","ast-hfb-mobile-header-display":"","site-post-title":"","ast-breadcrumbs-content":"","ast-featured-img":"","footer-sml-layout":"","ast-disable-related-posts":"","theme-transparent-header-meta":"default","adv-header-id-meta":"","stick-header-meta":"","header-above-stick-meta":"","header-main-stick-meta":"","header-below-stick-meta":"","astra-migrate-meta-layouts":"set","ast-page-background-enabled":"default","ast-page-background-meta":{"desktop":{"background-color":"var(--ast-global-color-5)","background-image":"","background-repeat":"repeat","background-position":"center center","background-size":"auto","background-attachment":"scroll","background-type":"","background-media":"","overlay-type":"","overlay-color":"","overlay-opacity":"","overlay-gradient":""},"tablet":{"background-color":"","background-image":"","background-repeat":"repeat","background-position":"center center","background-size":"auto","background-attachment":"scroll","background-type":"","background-media":"","overlay-type":"","overlay-color":"","overlay-opacity":"","overlay-gradient":""},"mobile":{"background-color":"","background-image":"","background-repeat":"repeat","background-position":"center center","background-size":"auto","background-attachment":"scroll","background-type":"","background-media":"","overlay-type":"","overlay-color":"","overlay-opacity":"","overlay-gradient":""}},"ast-content-background-meta":{"desktop":{"background-color":"var(--ast-global-color-4)","background-image":"","background-repeat":"repeat","background-position":"center center","background-size":"auto","background-attachment":"scroll","background-type":"","background-media":"","overlay-type":"","overlay-color":"","overlay-opacity":"","overlay-gradient":""},"tablet":{"background-color":"var(--ast-global-color-4)","background-image":"","background-repeat":"repeat","background-position":"center center","background-size":"auto","background-attachment":"scroll","background-type":"","background-media":"","overlay-type":"","overlay-color":"","overlay-opacity":"","overlay-gradient":""},"mobile":{"background-color":"var(--ast-global-color-4)","background-image":"","background-repeat":"repeat","background-position":"center center","background-size":"auto","background-attachment":"scroll","background-type":"","background-media":"","overlay-type":"","overlay-color":"","overlay-opacity":"","overlay-gradient":""}}},"product_brand":[],"product_cat":[21,64,227],"product_tag":[],"class_list":{"0":"post-6700","1":"product","2":"type-product","3":"status-publish","4":"has-post-thumbnail","6":"product_cat-alle-varer","7":"product_cat-casa-moda","8":"product_cat-slips-butterfly","9":"desktop-align-center","10":"tablet-align-left","11":"mobile-align-left","12":"ast-product-gallery-layout-horizontal-slider","13":"ast-product-gallery-with-no-image","14":"ast-product-single-variable","15":"ast-product-tabs-layout-horizontal","17":"first","18":"instock","19":"taxable","20":"shipping-taxable","21":"purchasable","22":"product-type-variable"},"_links":{"self":[{"href":"https:\/\/hosbirger.dk\/de\/wp-json\/wp\/v2\/product\/6700","targetHints":{"allow":["GET"]}}],"collection":[{"href":"https:\/\/hosbirger.dk\/de\/wp-json\/wp\/v2\/product"}],"about":[{"href":"https:\/\/hosbirger.dk\/de\/wp-json\/wp\/v2\/types\/product"}],"replies":[{"embeddable":true,"href":"https:\/\/hosbirger.dk\/de\/wp-json\/wp\/v2\/comments?post=6700"}],"wp:featuredmedia":[{"embeddable":true,"href":"https:\/\/hosbirger.dk\/de\/wp-json\/wp\/v2\/media\/6718"}],"wp:attachment":[{"href":"https:\/\/hosbirger.dk\/de\/wp-json\/wp\/v2\/media?parent=6700"}],"wp:term":[{"taxonomy":"product_brand","embeddable":true,"href":"https:\/\/hosbirger.dk\/de\/wp-json\/wp\/v2\/product_brand?post=6700"},{"taxonomy":"product_cat","embeddable":true,"href":"https:\/\/hosbirger.dk\/de\/wp-json\/wp\/v2\/product_cat?post=6700"},{"taxonomy":"product_tag","embeddable":true,"href":"https:\/\/hosbirger.dk\/de\/wp-json\/wp\/v2\/product_tag?post=6700"}],"curies":[{"name":"wp","href":"https:\/\/api.w.org\/{rel}","templated":true}]}}