{"id":6705,"date":"2025-07-03T10:15:14","date_gmt":"2025-07-03T08:15:14","guid":{"rendered":"https:\/\/hosbirger.dk\/?post_type=product&#038;p=6705"},"modified":"2026-01-18T06:56:05","modified_gmt":"2026-01-18T05:56:05","slug":"connexion-halskrause-camel","status":"publish","type":"product","link":"https:\/\/hosbirger.dk\/de\/produkt\/connexion-halskrause-camel\/","title":{"rendered":"Connexion-Schal camel"},"content":{"rendered":"<div class=\"xs_social_share_widget xs_share_url after_content \t\tmain_content  wslu-style-1 wslu-share-box-shaped wslu-fill-colored wslu-none wslu-share-horizontal wslu-theme-font-no wslu-main_content\">\n\n\t\t\n        <ul>\n\t\t\t        <\/ul>\n    <\/div>","protected":false},"excerpt":{"rendered":"<p>Connexion-Schal camel<\/p>\n<p data-start=\"60\" data-end=\"378\">Hier erhalten Sie einen wundersch\u00f6nen Schal von Connexion in der eleganten Farbe camel - ein zeitloses Accessoire, das perfekt zu allen Arten von Oberbekleidung passt. Die warme Camel-Farbe verleiht dem Schal einen raffinierten und klassischen Look, der sich sowohl mit dunklen als auch mit hellen Jacken, M\u00e4nteln und Winterm\u00e4nteln gut kombinieren l\u00e4sst.<\/p>\n<p data-start=\"380\" data-end=\"673\">Der Schal ist nicht nur praktisch f\u00fcr die kalten Tage, sondern auch ein stilvolles Detail, das Ihr Outfit aufwerten kann. Tragen Sie ihn mit einem Blazer und einem Strick f\u00fcr einen modernen und gut gekleideten Look - ein Schal wie dieser setzt immer einen zus\u00e4tzlichen Akzent und vervollst\u00e4ndigt den Look auf dezente, aber elegante Weise.<\/p>\n<p data-start=\"675\" data-end=\"870\">Connexion ist bekannt f\u00fcr seine hochwertigen Accessoires, die Komfort und Design vereinen. Dieser Schal ist weich, kuschelig und isolierend, so dass Sie sowohl Funktionalit\u00e4t als auch Stil in einem erhalten.<\/p>\n<p data-start=\"872\" data-end=\"1037\">Eine gute Wahl f\u00fcr alle, die einen klassischen, aber dennoch modernen Schal suchen, der die ganze Saison \u00fcber getragen werden kann und Ihrem Outfit immer ein stilvolles Finish verleiht.<\/p>\n<p>100% Wolle<\/p>\n<p>Waschen: sauber<\/p>\n<p>Kostenloser Versand bei einem Einkauf \u00fcber \u20ac100,-<\/p>","protected":false},"featured_media":6719,"comment_status":"open","ping_status":"closed","template":"","meta":{"postBodyCss":"","postBodyMargin":[],"postBodyPadding":[],"postBodyBackground":{"backgroundType":"classic","gradient":""},"site-sidebar-layout":"default","site-content-layout":"","ast-site-content-layout":"default","site-content-style":"default","site-sidebar-style":"default","ast-global-header-display":"","ast-banner-title-visibility":"","ast-main-header-display":"","ast-hfb-above-header-display":"","ast-hfb-below-header-display":"","ast-hfb-mobile-header-display":"","site-post-title":"","ast-breadcrumbs-content":"","ast-featured-img":"","footer-sml-layout":"","ast-disable-related-posts":"","theme-transparent-header-meta":"default","adv-header-id-meta":"","stick-header-meta":"","header-above-stick-meta":"","header-main-stick-meta":"","header-below-stick-meta":"","astra-migrate-meta-layouts":"set","ast-page-background-enabled":"default","ast-page-background-meta":{"desktop":{"background-color":"var(--ast-global-color-5)","background-image":"","background-repeat":"repeat","background-position":"center center","background-size":"auto","background-attachment":"scroll","background-type":"","background-media":"","overlay-type":"","overlay-color":"","overlay-opacity":"","overlay-gradient":""},"tablet":{"background-color":"","background-image":"","background-repeat":"repeat","background-position":"center center","background-size":"auto","background-attachment":"scroll","background-type":"","background-media":"","overlay-type":"","overlay-color":"","overlay-opacity":"","overlay-gradient":""},"mobile":{"background-color":"","background-image":"","background-repeat":"repeat","background-position":"center center","background-size":"auto","background-attachment":"scroll","background-type":"","background-media":"","overlay-type":"","overlay-color":"","overlay-opacity":"","overlay-gradient":""}},"ast-content-background-meta":{"desktop":{"background-color":"var(--ast-global-color-4)","background-image":"","background-repeat":"repeat","background-position":"center center","background-size":"auto","background-attachment":"scroll","background-type":"","background-media":"","overlay-type":"","overlay-color":"","overlay-opacity":"","overlay-gradient":""},"tablet":{"background-color":"var(--ast-global-color-4)","background-image":"","background-repeat":"repeat","background-position":"center center","background-size":"auto","background-attachment":"scroll","background-type":"","background-media":"","overlay-type":"","overlay-color":"","overlay-opacity":"","overlay-gradient":""},"mobile":{"background-color":"var(--ast-global-color-4)","background-image":"","background-repeat":"repeat","background-position":"center center","background-size":"auto","background-attachment":"scroll","background-type":"","background-media":"","overlay-type":"","overlay-color":"","overlay-opacity":"","overlay-gradient":""}}},"product_brand":[],"product_cat":[21,81,125],"product_tag":[],"class_list":{"0":"post-6705","1":"product","2":"type-product","3":"status-publish","4":"has-post-thumbnail","6":"product_cat-alle-varer","7":"product_cat-halstoerklaeder-handsker","8":"product_cat-jbs","9":"desktop-align-center","10":"tablet-align-left","11":"mobile-align-left","12":"ast-product-gallery-layout-horizontal-slider","13":"ast-product-gallery-with-no-image","14":"ast-product-single-variable","15":"ast-product-tabs-layout-horizontal","17":"first","18":"instock","19":"taxable","20":"shipping-taxable","21":"purchasable","22":"product-type-variable"},"_links":{"self":[{"href":"https:\/\/hosbirger.dk\/de\/wp-json\/wp\/v2\/product\/6705","targetHints":{"allow":["GET"]}}],"collection":[{"href":"https:\/\/hosbirger.dk\/de\/wp-json\/wp\/v2\/product"}],"about":[{"href":"https:\/\/hosbirger.dk\/de\/wp-json\/wp\/v2\/types\/product"}],"replies":[{"embeddable":true,"href":"https:\/\/hosbirger.dk\/de\/wp-json\/wp\/v2\/comments?post=6705"}],"wp:featuredmedia":[{"embeddable":true,"href":"https:\/\/hosbirger.dk\/de\/wp-json\/wp\/v2\/media\/6719"}],"wp:attachment":[{"href":"https:\/\/hosbirger.dk\/de\/wp-json\/wp\/v2\/media?parent=6705"}],"wp:term":[{"taxonomy":"product_brand","embeddable":true,"href":"https:\/\/hosbirger.dk\/de\/wp-json\/wp\/v2\/product_brand?post=6705"},{"taxonomy":"product_cat","embeddable":true,"href":"https:\/\/hosbirger.dk\/de\/wp-json\/wp\/v2\/product_cat?post=6705"},{"taxonomy":"product_tag","embeddable":true,"href":"https:\/\/hosbirger.dk\/de\/wp-json\/wp\/v2\/product_tag?post=6705"}],"curies":[{"name":"wp","href":"https:\/\/api.w.org\/{rel}","templated":true}]}}