{"id":7213,"date":"2025-07-03T10:17:07","date_gmt":"2025-07-03T08:17:07","guid":{"rendered":"https:\/\/hosbirger.dk\/?post_type=product&#038;p=7213"},"modified":"2026-03-16T11:38:33","modified_gmt":"2026-03-16T10:38:33","slug":"sunwill-chino-hose-in-modernem-fit-kit","status":"publish","type":"product","link":"https:\/\/hosbirger.dk\/de\/produkt\/sunwill-chino-hose-in-modernem-fit-kit\/","title":{"rendered":"Sunwill chino LEATHER PANTS IN MODERN FIT Kit"},"content":{"rendered":"<div class=\"xs_social_share_widget xs_share_url after_content \t\tmain_content  wslu-style-1 wslu-share-box-shaped wslu-fill-colored wslu-none wslu-share-horizontal wslu-theme-font-no wslu-main_content\">\n\n\t\t\n        <ul>\n\t\t\t        <\/ul>\n    <\/div>","protected":false},"excerpt":{"rendered":"<p>Sunwill chino LEATHER PANTS IN MODERN FIT Kit<\/p>\n<figure id=\"attachment_7228\" aria-describedby=\"caption-attachment-7228\" style=\"width: 300px\" class=\"wp-caption alignnone\"><a href=\"https:\/\/hosbirger.dk\/wp-content\/uploads\/2025\/07\/Billede-35-3.jpeg\"><img fetchpriority=\"high\" decoding=\"async\" class=\"size-medium wp-image-7228\" src=\"https:\/\/hosbirger.dk\/wp-content\/uploads\/2025\/07\/Billede-35-3-300x300.jpeg\" alt=\"Sunwill chino LEATHER PANTS IN MODERN FIT Kit\" width=\"300\" height=\"300\" srcset=\"https:\/\/hosbirger.dk\/wp-content\/uploads\/2025\/07\/Billede-35-3-300x300.jpeg 300w, https:\/\/hosbirger.dk\/wp-content\/uploads\/2025\/07\/Billede-35-3-150x150.jpeg 150w, https:\/\/hosbirger.dk\/wp-content\/uploads\/2025\/07\/Billede-35-3-768x768.jpeg 768w, https:\/\/hosbirger.dk\/wp-content\/uploads\/2025\/07\/Billede-35-3-600x600.jpeg 600w, https:\/\/hosbirger.dk\/wp-content\/uploads\/2025\/07\/Billede-35-3-100x100.jpeg 100w, https:\/\/hosbirger.dk\/wp-content\/uploads\/2025\/07\/Billede-35-3.jpeg 1000w\" sizes=\"(max-width: 300px) 100vw, 300px\" \/><\/a><figcaption id=\"caption-attachment-7228\" class=\"wp-caption-text\">Sunwill chino LEATHER PANTS IN MODERN FIT Kit<\/figcaption><\/figure>\n<p>Hier bekommst du eine supercoole, l\u00e4ssige Hose von Sunwill mit einem elastischen Bund, die sich bei Hitze sehr angenehm tragen l\u00e4sst.<\/p>\n<div class=\"stack stack--triple-spacing\">\n<div class=\"container container--medium\" data-v-326a34cc=\"\">\n<div class=\"block__content\">\n<div>\n<p class=\"block__description\">Unsere Leinenhosen in moderner Passform sind die perfekte Wahl, wenn Sie in der Sommerhitze trendy und bequem sein wollen. Die Hose wurde mit viel Liebe zum Detail entworfen. Die Hose hat einen l\u00e4ssigen Look, hohen Komfort und mehr Bewegungsfreiheit, wo immer Sie sind. F\u00fcr ein komplettes Outfit kombinieren Sie die Hose mit dem passenden Blazer und der Weste. Sie k\u00f6nnen die Hose auch einzeln tragen und sie hoch- oder runterstylen. F\u00fcr einen l\u00e4ssigeren Look k\u00f6nnen Sie die Hose leicht hochkrempeln.<\/p>\n<\/div>\n<\/div>\n<\/div>\n<\/div>\n<p>43% Baumwolle \/ 27% Polyester \/ 14% Leinen \/ 14% Viskose \/ 2% Elastan (Lycra\u00ae)<\/p>\n<p>Waschen: 40\u00b0 von innen nach au\u00dfen, Feinw\u00e4sche<\/p>\n<p>Kostenloser Versand bei einem Einkauf \u00fcber \u20ac100,-<\/p>","protected":false},"featured_media":7228,"comment_status":"open","ping_status":"closed","template":"","meta":{"postBodyCss":"","postBodyMargin":[],"postBodyPadding":[],"postBodyBackground":{"backgroundType":"classic","gradient":""},"site-sidebar-layout":"default","site-content-layout":"default","ast-site-content-layout":"default","site-content-style":"default","site-sidebar-style":"default","ast-global-header-display":"","ast-banner-title-visibility":"","ast-main-header-display":"","ast-hfb-above-header-display":"","ast-hfb-below-header-display":"","ast-hfb-mobile-header-display":"","site-post-title":"","ast-breadcrumbs-content":"","ast-featured-img":"","footer-sml-layout":"","ast-disable-related-posts":"","theme-transparent-header-meta":"default","adv-header-id-meta":"","stick-header-meta":"","header-above-stick-meta":"","header-main-stick-meta":"","header-below-stick-meta":"","astra-migrate-meta-layouts":"set","ast-page-background-enabled":"default","ast-page-background-meta":{"desktop":{"background-color":"var(--ast-global-color-5)","background-image":"","background-repeat":"repeat","background-position":"center center","background-size":"auto","background-attachment":"scroll","background-type":"","background-media":"","overlay-type":"","overlay-color":"","overlay-opacity":"","overlay-gradient":""},"tablet":{"background-color":"","background-image":"","background-repeat":"repeat","background-position":"center center","background-size":"auto","background-attachment":"scroll","background-type":"","background-media":"","overlay-type":"","overlay-color":"","overlay-opacity":"","overlay-gradient":""},"mobile":{"background-color":"","background-image":"","background-repeat":"repeat","background-position":"center center","background-size":"auto","background-attachment":"scroll","background-type":"","background-media":"","overlay-type":"","overlay-color":"","overlay-opacity":"","overlay-gradient":""}},"ast-content-background-meta":{"desktop":{"background-color":"var(--ast-global-color-4)","background-image":"","background-repeat":"repeat","background-position":"center center","background-size":"auto","background-attachment":"scroll","background-type":"","background-media":"","overlay-type":"","overlay-color":"","overlay-opacity":"","overlay-gradient":""},"tablet":{"background-color":"var(--ast-global-color-4)","background-image":"","background-repeat":"repeat","background-position":"center center","background-size":"auto","background-attachment":"scroll","background-type":"","background-media":"","overlay-type":"","overlay-color":"","overlay-opacity":"","overlay-gradient":""},"mobile":{"background-color":"var(--ast-global-color-4)","background-image":"","background-repeat":"repeat","background-position":"center center","background-size":"auto","background-attachment":"scroll","background-type":"","background-media":"","overlay-type":"","overlay-color":"","overlay-opacity":"","overlay-gradient":""}}},"product_brand":[],"product_cat":[21,41,43],"product_tag":[],"class_list":{"0":"post-7213","1":"product","2":"type-product","3":"status-publish","4":"has-post-thumbnail","6":"product_cat-alle-varer","7":"product_cat-bukser","8":"product_cat-sunwill","9":"desktop-align-center","10":"tablet-align-left","11":"mobile-align-left","12":"ast-product-gallery-layout-horizontal-slider","13":"ast-product-single-variable","14":"ast-product-tabs-layout-horizontal","16":"first","17":"instock","18":"taxable","19":"shipping-taxable","20":"purchasable","21":"product-type-variable"},"_links":{"self":[{"href":"https:\/\/hosbirger.dk\/de\/wp-json\/wp\/v2\/product\/7213","targetHints":{"allow":["GET"]}}],"collection":[{"href":"https:\/\/hosbirger.dk\/de\/wp-json\/wp\/v2\/product"}],"about":[{"href":"https:\/\/hosbirger.dk\/de\/wp-json\/wp\/v2\/types\/product"}],"replies":[{"embeddable":true,"href":"https:\/\/hosbirger.dk\/de\/wp-json\/wp\/v2\/comments?post=7213"}],"wp:featuredmedia":[{"embeddable":true,"href":"https:\/\/hosbirger.dk\/de\/wp-json\/wp\/v2\/media\/7228"}],"wp:attachment":[{"href":"https:\/\/hosbirger.dk\/de\/wp-json\/wp\/v2\/media?parent=7213"}],"wp:term":[{"taxonomy":"product_brand","embeddable":true,"href":"https:\/\/hosbirger.dk\/de\/wp-json\/wp\/v2\/product_brand?post=7213"},{"taxonomy":"product_cat","embeddable":true,"href":"https:\/\/hosbirger.dk\/de\/wp-json\/wp\/v2\/product_cat?post=7213"},{"taxonomy":"product_tag","embeddable":true,"href":"https:\/\/hosbirger.dk\/de\/wp-json\/wp\/v2\/product_tag?post=7213"}],"curies":[{"name":"wp","href":"https:\/\/api.w.org\/{rel}","templated":true}]}}