{"id":9477,"date":"2025-07-03T16:28:39","date_gmt":"2025-07-03T14:28:39","guid":{"rendered":"https:\/\/hosbirger.dk\/?post_type=product&#038;p=9477"},"modified":"2026-01-18T06:44:56","modified_gmt":"2026-01-18T05:44:56","slug":"sunwill-floejls-hose-modern-fit-grun","status":"publish","type":"product","link":"https:\/\/hosbirger.dk\/de\/produkt\/sunwill-floejls-hose-modern-fit-grun\/","title":{"rendered":"Sunwill Cordhose modern fit gr\u00fcn"},"content":{"rendered":"<div class=\"xs_social_share_widget xs_share_url after_content \t\tmain_content  wslu-style-1 wslu-share-box-shaped wslu-fill-colored wslu-none wslu-share-horizontal wslu-theme-font-no wslu-main_content\">\n\n\t\t\n        <ul>\n\t\t\t        <\/ul>\n    <\/div>","protected":false},"excerpt":{"rendered":"<p>Sunwill Kordhose modern fit gr\u00fcn.<\/p>\n<p>KORDHOSE IN MODERNER PASSFORM<br \/>\nSind Sie auf der Suche nach einer bequemen Cordhose von Sunwill, in der Sie sich den ganzen Tag lang wohlf\u00fchlen? Dann ist diese Baumwollhose mit Superstretch-Material und elastischem Bund die perfekte Wahl f\u00fcr Sie. Die Baumwollhose ist extrem weich zu tragen und ideal f\u00fcr alle, die Wert auf Komfort und Aussehen legen. Die Details der Hose sind sorgf\u00e4ltig ausgew\u00e4hlt. Das Innenfutter der Ges\u00e4\u00dftaschen ist in einer Kontrastfarbe gehalten, die auf die Farbe der Hose abgestimmt ist. Auf der Vorderseite befinden sich zwei Taschen und eine M\u00fcnztasche, wo die Kontrastfarbe fortgesetzt wird. Tragen Sie die Hose zu formellen Anl\u00e4ssen, bei der Arbeit oder zu einem legeren Ausgehabend. Die Hose bietet einen hohen Tragekomfort, so dass Sie sich den ganzen Tag \u00fcber wohlf\u00fchlen k\u00f6nnen.<br \/>\nSind Sie auf der Suche nach einer bequemen Hose, die Sie den ganzen Tag \u00fcber warm h\u00e4lt? Dann ist diese Baumwollhose mit Superstretch-Material und elastischem Bund die perfekte Wahl f\u00fcr Sie.<br \/>\nModerne Passform<br \/>\nSuper stretch<br \/>\nHosen aus Baumwolle<br \/>\nElastischer Bund<\/p>\n<p>Feinw\u00e4sche, max. 40 \u00b0C<\/p>\n<p>Nicht bleichen<\/p>\n<p>Kein Trocknen im W\u00e4schetrockner<\/p>\n<p>H\u00e4ngetrockner<\/p>\n<p>B\u00fcgeln bei niedriger Temperatur, max. 110\u00b0C<\/p>\n<p>Widersteht der Reinigung<\/p>\n<p>98% Baumwolle \/ 2% Elastan<\/p>\n<p>Kostenloser Versand bei einem Einkauf \u00fcber \u20ac100,-<\/p>","protected":false},"featured_media":9493,"comment_status":"open","ping_status":"closed","template":"","meta":{"postBodyCss":"","postBodyMargin":[],"postBodyPadding":[],"postBodyBackground":{"backgroundType":"classic","gradient":""},"site-sidebar-layout":"default","site-content-layout":"default","ast-site-content-layout":"default","site-content-style":"default","site-sidebar-style":"default","ast-global-header-display":"","ast-banner-title-visibility":"","ast-main-header-display":"","ast-hfb-above-header-display":"","ast-hfb-below-header-display":"","ast-hfb-mobile-header-display":"","site-post-title":"","ast-breadcrumbs-content":"","ast-featured-img":"","footer-sml-layout":"","ast-disable-related-posts":"","theme-transparent-header-meta":"default","adv-header-id-meta":"","stick-header-meta":"","header-above-stick-meta":"","header-main-stick-meta":"","header-below-stick-meta":"","astra-migrate-meta-layouts":"set","ast-page-background-enabled":"default","ast-page-background-meta":{"desktop":{"background-color":"var(--ast-global-color-5)","background-image":"","background-repeat":"repeat","background-position":"center center","background-size":"auto","background-attachment":"scroll","background-type":"","background-media":"","overlay-type":"","overlay-color":"","overlay-opacity":"","overlay-gradient":""},"tablet":{"background-color":"","background-image":"","background-repeat":"repeat","background-position":"center center","background-size":"auto","background-attachment":"scroll","background-type":"","background-media":"","overlay-type":"","overlay-color":"","overlay-opacity":"","overlay-gradient":""},"mobile":{"background-color":"","background-image":"","background-repeat":"repeat","background-position":"center center","background-size":"auto","background-attachment":"scroll","background-type":"","background-media":"","overlay-type":"","overlay-color":"","overlay-opacity":"","overlay-gradient":""}},"ast-content-background-meta":{"desktop":{"background-color":"var(--ast-global-color-4)","background-image":"","background-repeat":"repeat","background-position":"center center","background-size":"auto","background-attachment":"scroll","background-type":"","background-media":"","overlay-type":"","overlay-color":"","overlay-opacity":"","overlay-gradient":""},"tablet":{"background-color":"var(--ast-global-color-4)","background-image":"","background-repeat":"repeat","background-position":"center center","background-size":"auto","background-attachment":"scroll","background-type":"","background-media":"","overlay-type":"","overlay-color":"","overlay-opacity":"","overlay-gradient":""},"mobile":{"background-color":"var(--ast-global-color-4)","background-image":"","background-repeat":"repeat","background-position":"center center","background-size":"auto","background-attachment":"scroll","background-type":"","background-media":"","overlay-type":"","overlay-color":"","overlay-opacity":"","overlay-gradient":""}}},"product_brand":[],"product_cat":[21,41,43],"product_tag":[],"class_list":{"0":"post-9477","1":"product","2":"type-product","3":"status-publish","4":"has-post-thumbnail","6":"product_cat-alle-varer","7":"product_cat-bukser","8":"product_cat-sunwill","9":"desktop-align-center","10":"tablet-align-left","11":"mobile-align-left","12":"ast-product-gallery-layout-horizontal-slider","13":"ast-product-single-variable","14":"ast-product-tabs-layout-horizontal","16":"first","17":"instock","18":"taxable","19":"shipping-taxable","20":"purchasable","21":"product-type-variable"},"_links":{"self":[{"href":"https:\/\/hosbirger.dk\/de\/wp-json\/wp\/v2\/product\/9477","targetHints":{"allow":["GET"]}}],"collection":[{"href":"https:\/\/hosbirger.dk\/de\/wp-json\/wp\/v2\/product"}],"about":[{"href":"https:\/\/hosbirger.dk\/de\/wp-json\/wp\/v2\/types\/product"}],"replies":[{"embeddable":true,"href":"https:\/\/hosbirger.dk\/de\/wp-json\/wp\/v2\/comments?post=9477"}],"wp:featuredmedia":[{"embeddable":true,"href":"https:\/\/hosbirger.dk\/de\/wp-json\/wp\/v2\/media\/9493"}],"wp:attachment":[{"href":"https:\/\/hosbirger.dk\/de\/wp-json\/wp\/v2\/media?parent=9477"}],"wp:term":[{"taxonomy":"product_brand","embeddable":true,"href":"https:\/\/hosbirger.dk\/de\/wp-json\/wp\/v2\/product_brand?post=9477"},{"taxonomy":"product_cat","embeddable":true,"href":"https:\/\/hosbirger.dk\/de\/wp-json\/wp\/v2\/product_cat?post=9477"},{"taxonomy":"product_tag","embeddable":true,"href":"https:\/\/hosbirger.dk\/de\/wp-json\/wp\/v2\/product_tag?post=9477"}],"curies":[{"name":"wp","href":"https:\/\/api.w.org\/{rel}","templated":true}]}}