{"id":9696,"date":"2025-07-03T16:29:22","date_gmt":"2025-07-03T14:29:22","guid":{"rendered":"https:\/\/hosbirger.dk\/?post_type=product&#038;p=9696"},"modified":"2026-01-18T06:44:40","modified_gmt":"2026-01-18T05:44:40","slug":"roberto-jeans-t-shirt-mit-streifen-olivgrun","status":"publish","type":"product","link":"https:\/\/hosbirger.dk\/de\/produkt\/roberto-jeans-t-shirt-mit-streifen-olivgrun\/","title":{"rendered":"Roberto Jeans T-Shirt mit Streifen olivgr\u00fcn"},"content":{"rendered":"<div class=\"xs_social_share_widget xs_share_url after_content \t\tmain_content  wslu-style-1 wslu-share-box-shaped wslu-fill-colored wslu-none wslu-share-horizontal wslu-theme-font-no wslu-main_content\">\n\n\t\t\n        <ul>\n\t\t\t        <\/ul>\n    <\/div>","protected":false},"excerpt":{"rendered":"<p>Roberto Jeans T-Shirt mit Streifen olivgr\u00fcn.<\/p>\n<p data-start=\"60\" data-end=\"396\">Roberto Jeans gestreiftes T-Shirt in Olivgr\u00fcn - ein modernes und vielseitiges T-Shirt, das Komfort, Qualit\u00e4t und ein stilvolles Design vereint. Das T-Shirt aus der Finesmakker-Reihe von Roberto Jeans ist aus einer weichen Baumwollqualit\u00e4t mit leichtem Stretchanteil gefertigt, die f\u00fcr eine bequeme Passform und Bewegungsfreiheit den ganzen Tag \u00fcber sorgt.<\/p>\n<p data-start=\"398\" data-end=\"701\">Das klassische olivgr\u00fcne Streifenmuster sorgt f\u00fcr einen frischen und maskulinen Look, der das T-Shirt sowohl f\u00fcr den Alltag als auch f\u00fcr festliche Anl\u00e4sse geeignet macht. Tragen Sie es unter einem Pullover oder einer Strickjacke f\u00fcr einen l\u00e4ssigen Look oder kombinieren Sie es mit einem Blazer f\u00fcr ein raffiniertes und ausgefeiltes Outfit.<\/p>\n<p data-start=\"703\" data-end=\"945\">Dieses Modell ist in den Gr\u00f6\u00dfen M bis 6XL erh\u00e4ltlich und damit f\u00fcr alle M\u00e4nner, unabh\u00e4ngig von ihrer Statur, geeignet. Die leichte Stretch-Qualit\u00e4t und die gute Passform sorgen daf\u00fcr, dass das T-Shirt immer gut sitzt und sich bequem anf\u00fchlt - auch nach mehreren W\u00e4schen.<\/p>\n<p data-start=\"947\" data-end=\"1196\">Ein gestreiftes T-Shirt von Roberto Jeans ist eine offensichtliche Wahl, wenn Sie ein flexibles und stilvolles Basic-Teil in Ihrem Kleiderschrank haben m\u00f6chten, das sowohl zu l\u00e4ssigen als auch zu formellen Anl\u00e4ssen getragen werden kann. Eine Neuheit von Hos Birger, die schnell zu einem Favoriten f\u00fcr die Outfits dieser Saison werden wird.<\/p>\n<p>95% Baumwolle 5% Elastan<\/p>\n<p>Waschen: 40\u00b0.<\/p>\n<p>Kostenloser Versand bei einem Einkauf \u00fcber \u20ac100,-<\/p>","protected":false},"featured_media":9704,"comment_status":"open","ping_status":"closed","template":"","meta":{"postBodyCss":"","postBodyMargin":[],"postBodyPadding":[],"postBodyBackground":{"backgroundType":"classic","gradient":""},"site-sidebar-layout":"default","site-content-layout":"default","ast-site-content-layout":"default","site-content-style":"default","site-sidebar-style":"default","ast-global-header-display":"","ast-banner-title-visibility":"","ast-main-header-display":"","ast-hfb-above-header-display":"","ast-hfb-below-header-display":"","ast-hfb-mobile-header-display":"","site-post-title":"","ast-breadcrumbs-content":"","ast-featured-img":"","footer-sml-layout":"","ast-disable-related-posts":"","theme-transparent-header-meta":"default","adv-header-id-meta":"","stick-header-meta":"","header-above-stick-meta":"","header-main-stick-meta":"","header-below-stick-meta":"","astra-migrate-meta-layouts":"set","ast-page-background-enabled":"default","ast-page-background-meta":{"desktop":{"background-color":"var(--ast-global-color-5)","background-image":"","background-repeat":"repeat","background-position":"center center","background-size":"auto","background-attachment":"scroll","background-type":"","background-media":"","overlay-type":"","overlay-color":"","overlay-opacity":"","overlay-gradient":""},"tablet":{"background-color":"","background-image":"","background-repeat":"repeat","background-position":"center center","background-size":"auto","background-attachment":"scroll","background-type":"","background-media":"","overlay-type":"","overlay-color":"","overlay-opacity":"","overlay-gradient":""},"mobile":{"background-color":"","background-image":"","background-repeat":"repeat","background-position":"center center","background-size":"auto","background-attachment":"scroll","background-type":"","background-media":"","overlay-type":"","overlay-color":"","overlay-opacity":"","overlay-gradient":""}},"ast-content-background-meta":{"desktop":{"background-color":"var(--ast-global-color-4)","background-image":"","background-repeat":"repeat","background-position":"center center","background-size":"auto","background-attachment":"scroll","background-type":"","background-media":"","overlay-type":"","overlay-color":"","overlay-opacity":"","overlay-gradient":""},"tablet":{"background-color":"var(--ast-global-color-4)","background-image":"","background-repeat":"repeat","background-position":"center center","background-size":"auto","background-attachment":"scroll","background-type":"","background-media":"","overlay-type":"","overlay-color":"","overlay-opacity":"","overlay-gradient":""},"mobile":{"background-color":"var(--ast-global-color-4)","background-image":"","background-repeat":"repeat","background-position":"center center","background-size":"auto","background-attachment":"scroll","background-type":"","background-media":"","overlay-type":"","overlay-color":"","overlay-opacity":"","overlay-gradient":""}}},"product_brand":[],"product_cat":[20],"product_tag":[],"class_list":{"0":"post-9696","1":"product","2":"type-product","3":"status-publish","4":"has-post-thumbnail","6":"product_cat-outlet","7":"desktop-align-center","8":"tablet-align-left","9":"mobile-align-left","10":"ast-product-gallery-layout-horizontal-slider","11":"ast-product-gallery-with-no-image","12":"ast-product-single-variable","13":"ast-product-tabs-layout-horizontal","15":"first","16":"instock","17":"sale","18":"taxable","19":"shipping-taxable","20":"purchasable","21":"product-type-variable"},"_links":{"self":[{"href":"https:\/\/hosbirger.dk\/de\/wp-json\/wp\/v2\/product\/9696","targetHints":{"allow":["GET"]}}],"collection":[{"href":"https:\/\/hosbirger.dk\/de\/wp-json\/wp\/v2\/product"}],"about":[{"href":"https:\/\/hosbirger.dk\/de\/wp-json\/wp\/v2\/types\/product"}],"replies":[{"embeddable":true,"href":"https:\/\/hosbirger.dk\/de\/wp-json\/wp\/v2\/comments?post=9696"}],"wp:featuredmedia":[{"embeddable":true,"href":"https:\/\/hosbirger.dk\/de\/wp-json\/wp\/v2\/media\/9704"}],"wp:attachment":[{"href":"https:\/\/hosbirger.dk\/de\/wp-json\/wp\/v2\/media?parent=9696"}],"wp:term":[{"taxonomy":"product_brand","embeddable":true,"href":"https:\/\/hosbirger.dk\/de\/wp-json\/wp\/v2\/product_brand?post=9696"},{"taxonomy":"product_cat","embeddable":true,"href":"https:\/\/hosbirger.dk\/de\/wp-json\/wp\/v2\/product_cat?post=9696"},{"taxonomy":"product_tag","embeddable":true,"href":"https:\/\/hosbirger.dk\/de\/wp-json\/wp\/v2\/product_tag?post=9696"}],"curies":[{"name":"wp","href":"https:\/\/api.w.org\/{rel}","templated":true}]}}