{"id":9821,"date":"2025-07-03T16:29:45","date_gmt":"2025-07-03T14:29:45","guid":{"rendered":"https:\/\/hosbirger.dk\/?post_type=product&#038;p=9821"},"modified":"2026-01-18T06:44:31","modified_gmt":"2026-01-18T05:44:31","slug":"sunwill-taillierte-stretch-jeans-navy-blau","status":"publish","type":"product","link":"https:\/\/hosbirger.dk\/de\/produkt\/sunwill-taillierte-stretch-jeans-navy-blau\/","title":{"rendered":"Sunwill taillierte Stretch-Jeans navy Blue"},"content":{"rendered":"<div class=\"xs_social_share_widget xs_share_url after_content \t\tmain_content  wslu-style-1 wslu-share-box-shaped wslu-fill-colored wslu-none wslu-share-horizontal wslu-theme-font-no wslu-main_content\">\n\n\t\t\n        <ul>\n\t\t\t        <\/ul>\n    <\/div>","protected":false},"excerpt":{"rendered":"<p>Sunwill taillierte Stretch-Jeans navy blau.<\/p>\n<p>SUPER STRETCH-JEANS VON SUNWILL IN TAILLIERTER PASSFORM<br \/>\nWenn Sie zu den Menschen geh\u00f6ren, die nur eine einzige Jeans brauchen, sind unsere klassischen Jeans mit taillierter Passform die perfekte Wahl. Sie sind strapazierf\u00e4hig, anspruchsvoll und sehr angenehm zu tragen. Sie haben alles, was Sie von einer Jeans erwarten. Sie sind in einer breiten Farbpalette erh\u00e4ltlich, so dass Sie die Farbe w\u00e4hlen k\u00f6nnen, die Ihnen steht, und den Look kreieren k\u00f6nnen, den Sie wollen. Dank des eingearbeiteten Super-Stretch-Materials sind diese Jeans den ganzen Tag \u00fcber tragbar und bieten maximalen Komfort. Obwohl sie eine schickere Alternative zu normalen Jeans sind, haben sie dennoch alle Details, die Sie erwarten: klassische Jeanstaschen, M\u00fcnztasche und Rei\u00dfverschluss.<br \/>\nSunwill Wenn Sie nur eine einzige Jeans brauchen, dann ist es unsere klassische Fitted Jeans.<br \/>\nAngepasste Passform<br \/>\nModischer Superstretch-Stoff.<br \/>\nDie Jeans sind in verschiedenen Waschungen erh\u00e4ltlich.<br \/>\nDer Superstretch sorgt f\u00fcr Komfort und eine perfekte Passform.<br \/>\nVorderseite mit Jeanstaschen und einer M\u00fcnztasche<br \/>\nKlassische aufgesetzte Taschen auf der R\u00fcckseite der Jeans.<br \/>\nDie Hose wird mit einem Rei\u00dfverschluss geschlossen.<\/p>\n<p>99% Baumwolle \/ 1% Elastan<\/p>\n<p>Waschen: 40\u00b0.<\/p>\n<p>Kostenloser Versand bei einem Einkauf \u00fcber \u20ac100,-<\/p>","protected":false},"featured_media":9844,"comment_status":"open","ping_status":"closed","template":"","meta":{"postBodyCss":"","postBodyMargin":[],"postBodyPadding":[],"postBodyBackground":{"backgroundType":"classic","gradient":""},"site-sidebar-layout":"default","site-content-layout":"default","ast-site-content-layout":"default","site-content-style":"default","site-sidebar-style":"default","ast-global-header-display":"","ast-banner-title-visibility":"","ast-main-header-display":"","ast-hfb-above-header-display":"","ast-hfb-below-header-display":"","ast-hfb-mobile-header-display":"","site-post-title":"","ast-breadcrumbs-content":"","ast-featured-img":"","footer-sml-layout":"","ast-disable-related-posts":"","theme-transparent-header-meta":"default","adv-header-id-meta":"","stick-header-meta":"","header-above-stick-meta":"","header-main-stick-meta":"","header-below-stick-meta":"","astra-migrate-meta-layouts":"set","ast-page-background-enabled":"default","ast-page-background-meta":{"desktop":{"background-color":"var(--ast-global-color-5)","background-image":"","background-repeat":"repeat","background-position":"center center","background-size":"auto","background-attachment":"scroll","background-type":"","background-media":"","overlay-type":"","overlay-color":"","overlay-opacity":"","overlay-gradient":""},"tablet":{"background-color":"","background-image":"","background-repeat":"repeat","background-position":"center center","background-size":"auto","background-attachment":"scroll","background-type":"","background-media":"","overlay-type":"","overlay-color":"","overlay-opacity":"","overlay-gradient":""},"mobile":{"background-color":"","background-image":"","background-repeat":"repeat","background-position":"center center","background-size":"auto","background-attachment":"scroll","background-type":"","background-media":"","overlay-type":"","overlay-color":"","overlay-opacity":"","overlay-gradient":""}},"ast-content-background-meta":{"desktop":{"background-color":"var(--ast-global-color-4)","background-image":"","background-repeat":"repeat","background-position":"center center","background-size":"auto","background-attachment":"scroll","background-type":"","background-media":"","overlay-type":"","overlay-color":"","overlay-opacity":"","overlay-gradient":""},"tablet":{"background-color":"var(--ast-global-color-4)","background-image":"","background-repeat":"repeat","background-position":"center center","background-size":"auto","background-attachment":"scroll","background-type":"","background-media":"","overlay-type":"","overlay-color":"","overlay-opacity":"","overlay-gradient":""},"mobile":{"background-color":"var(--ast-global-color-4)","background-image":"","background-repeat":"repeat","background-position":"center center","background-size":"auto","background-attachment":"scroll","background-type":"","background-media":"","overlay-type":"","overlay-color":"","overlay-opacity":"","overlay-gradient":""}}},"product_brand":[],"product_cat":[21,41,43],"product_tag":[],"class_list":{"0":"post-9821","1":"product","2":"type-product","3":"status-publish","4":"has-post-thumbnail","6":"product_cat-alle-varer","7":"product_cat-bukser","8":"product_cat-sunwill","9":"desktop-align-center","10":"tablet-align-left","11":"mobile-align-left","12":"ast-product-gallery-layout-horizontal-slider","13":"ast-product-single-variable","14":"ast-product-tabs-layout-horizontal","16":"first","17":"instock","18":"taxable","19":"shipping-taxable","20":"purchasable","21":"product-type-variable"},"_links":{"self":[{"href":"https:\/\/hosbirger.dk\/de\/wp-json\/wp\/v2\/product\/9821","targetHints":{"allow":["GET"]}}],"collection":[{"href":"https:\/\/hosbirger.dk\/de\/wp-json\/wp\/v2\/product"}],"about":[{"href":"https:\/\/hosbirger.dk\/de\/wp-json\/wp\/v2\/types\/product"}],"replies":[{"embeddable":true,"href":"https:\/\/hosbirger.dk\/de\/wp-json\/wp\/v2\/comments?post=9821"}],"wp:featuredmedia":[{"embeddable":true,"href":"https:\/\/hosbirger.dk\/de\/wp-json\/wp\/v2\/media\/9844"}],"wp:attachment":[{"href":"https:\/\/hosbirger.dk\/de\/wp-json\/wp\/v2\/media?parent=9821"}],"wp:term":[{"taxonomy":"product_brand","embeddable":true,"href":"https:\/\/hosbirger.dk\/de\/wp-json\/wp\/v2\/product_brand?post=9821"},{"taxonomy":"product_cat","embeddable":true,"href":"https:\/\/hosbirger.dk\/de\/wp-json\/wp\/v2\/product_cat?post=9821"},{"taxonomy":"product_tag","embeddable":true,"href":"https:\/\/hosbirger.dk\/de\/wp-json\/wp\/v2\/product_tag?post=9821"}],"curies":[{"name":"wp","href":"https:\/\/api.w.org\/{rel}","templated":true}]}}