{"id":9956,"date":"2025-07-03T16:30:11","date_gmt":"2025-07-03T14:30:11","guid":{"rendered":"https:\/\/hosbirger.dk\/?post_type=product&#038;p=9956"},"modified":"2026-01-18T06:39:49","modified_gmt":"2026-01-18T05:39:49","slug":"nord-56-4-denim-jogginghose-marineblau-gros","status":"publish","type":"product","link":"https:\/\/hosbirger.dk\/de\/produkt\/nord-56-4-denim-jogginghose-marineblau-gros\/","title":{"rendered":"North 56\u00b0 4 Denim-Sweatpants marineblau TALL"},"content":{"rendered":"<div class=\"xs_social_share_widget xs_share_url after_content \t\tmain_content  wslu-style-1 wslu-share-box-shaped wslu-fill-colored wslu-none wslu-share-horizontal wslu-theme-font-no wslu-main_content\">\n\n\t\t\n        <ul>\n\t\t\t        <\/ul>\n    <\/div>","protected":false},"excerpt":{"rendered":"<p data-start=\"60\" data-end=\"492\">North 56\u00b0 4 Denim Jogginghose navy blau TALL Modell. Diese Hose ist die perfekte Wahl f\u00fcr alle, die Komfort, einen modernen Look und eine f\u00fcr gro\u00dfe M\u00e4nner ma\u00dfgeschneiderte Passform suchen. Die Jogginghose ist mit einem Gummizug und einem Kordelzug in der Taille ausgestattet, der f\u00fcr eine flexible und verstellbare Passform sorgt, damit sie den ganzen Tag \u00fcber perfekt sitzt. Sie hat zwei praktische Vordertaschen und eine Ges\u00e4\u00dftasche mit dezentem Aufdruck f\u00fcr einen sportlichen und urbanen Look.<\/p>\n<p data-start=\"494\" data-end=\"820\">Die Hose ist aus einer weichen, nicht geb\u00fcrsteten Schlingenfrottee-Qualit\u00e4t gefertigt, die sich weich und leicht auf der Haut anf\u00fchlt. Das macht sie ideal f\u00fcr entspannte und legere Alltagskleidung, bei der Komfort eine gro\u00dfe Rolle spielt. Die gerippten Kanten am Beinausschnitt sorgen f\u00fcr einen guten Sitz der Hose und geben dem Look ein stilvolles Finish.<\/p>\n<p data-start=\"822\" data-end=\"1175\">North 56\u00b04 Denim ist eine komplette Jeans- und Freizeitkollektion f\u00fcr M\u00e4nner, die dem Bed\u00fcrfnis des modernen Mannes nach Qualit\u00e4t und einem entspannten, aber stilvollen Look Rechnung tr\u00e4gt. Speziell f\u00fcr gro\u00dfe M\u00e4nner entwickelt, bietet die TALL-Kollektion eine h\u00f6here und etwas schmalere Passform, die sicherstellt, dass das Kleidungsst\u00fcck richtig sitzt, ohne die Bewegungsfreiheit zu beeintr\u00e4chtigen.<\/p>\n<p data-start=\"1177\" data-end=\"1448\">Die North 56\u00b04 Denim-Sweatpants navy blue TALL sind eine gute Wahl f\u00fcr Freizeit, Reisen und legere Tage. Sie kombiniert ein l\u00e4ssiges Design mit strapazierf\u00e4higen Materialien und einem urbanen Look und ist damit ein Favorit im Kleiderschrank von M\u00e4nnern, die sportlich und dennoch gut gekleidet sein wollen.<\/p>\n<p>100% Baumwolle<\/p>\n<p>Waschen: 40\u00b0.<\/p>\n<p>Kostenloser Versand bei einem Einkauf \u00fcber \u20ac100,-<\/p>","protected":false},"featured_media":9974,"comment_status":"open","ping_status":"closed","template":"","meta":{"postBodyCss":"","postBodyMargin":[],"postBodyPadding":[],"postBodyBackground":{"backgroundType":"classic","gradient":""},"site-sidebar-layout":"default","site-content-layout":"default","ast-site-content-layout":"default","site-content-style":"default","site-sidebar-style":"default","ast-global-header-display":"","ast-banner-title-visibility":"","ast-main-header-display":"","ast-hfb-above-header-display":"","ast-hfb-below-header-display":"","ast-hfb-mobile-header-display":"","site-post-title":"","ast-breadcrumbs-content":"","ast-featured-img":"","footer-sml-layout":"","ast-disable-related-posts":"","theme-transparent-header-meta":"default","adv-header-id-meta":"","stick-header-meta":"","header-above-stick-meta":"","header-main-stick-meta":"","header-below-stick-meta":"","astra-migrate-meta-layouts":"set","ast-page-background-enabled":"default","ast-page-background-meta":{"desktop":{"background-color":"var(--ast-global-color-5)","background-image":"","background-repeat":"repeat","background-position":"center center","background-size":"auto","background-attachment":"scroll","background-type":"","background-media":"","overlay-type":"","overlay-color":"","overlay-opacity":"","overlay-gradient":""},"tablet":{"background-color":"","background-image":"","background-repeat":"repeat","background-position":"center center","background-size":"auto","background-attachment":"scroll","background-type":"","background-media":"","overlay-type":"","overlay-color":"","overlay-opacity":"","overlay-gradient":""},"mobile":{"background-color":"","background-image":"","background-repeat":"repeat","background-position":"center center","background-size":"auto","background-attachment":"scroll","background-type":"","background-media":"","overlay-type":"","overlay-color":"","overlay-opacity":"","overlay-gradient":""}},"ast-content-background-meta":{"desktop":{"background-color":"var(--ast-global-color-4)","background-image":"","background-repeat":"repeat","background-position":"center center","background-size":"auto","background-attachment":"scroll","background-type":"","background-media":"","overlay-type":"","overlay-color":"","overlay-opacity":"","overlay-gradient":""},"tablet":{"background-color":"var(--ast-global-color-4)","background-image":"","background-repeat":"repeat","background-position":"center center","background-size":"auto","background-attachment":"scroll","background-type":"","background-media":"","overlay-type":"","overlay-color":"","overlay-opacity":"","overlay-gradient":""},"mobile":{"background-color":"var(--ast-global-color-4)","background-image":"","background-repeat":"repeat","background-position":"center center","background-size":"auto","background-attachment":"scroll","background-type":"","background-media":"","overlay-type":"","overlay-color":"","overlay-opacity":"","overlay-gradient":""}}},"product_brand":[],"product_cat":[123,27,85],"product_tag":[],"class_list":{"0":"post-9956","1":"product","2":"type-product","3":"status-publish","4":"has-post-thumbnail","6":"product_cat-bukser-tall","7":"product_cat-north-latitude","8":"product_cat-tall","9":"desktop-align-center","10":"tablet-align-left","11":"mobile-align-left","12":"ast-product-gallery-layout-horizontal-slider","13":"ast-product-gallery-with-no-image","14":"ast-product-single-variable","15":"ast-product-tabs-layout-horizontal","17":"first","18":"instock","19":"taxable","20":"shipping-taxable","21":"purchasable","22":"product-type-variable"},"_links":{"self":[{"href":"https:\/\/hosbirger.dk\/de\/wp-json\/wp\/v2\/product\/9956","targetHints":{"allow":["GET"]}}],"collection":[{"href":"https:\/\/hosbirger.dk\/de\/wp-json\/wp\/v2\/product"}],"about":[{"href":"https:\/\/hosbirger.dk\/de\/wp-json\/wp\/v2\/types\/product"}],"replies":[{"embeddable":true,"href":"https:\/\/hosbirger.dk\/de\/wp-json\/wp\/v2\/comments?post=9956"}],"wp:featuredmedia":[{"embeddable":true,"href":"https:\/\/hosbirger.dk\/de\/wp-json\/wp\/v2\/media\/9974"}],"wp:attachment":[{"href":"https:\/\/hosbirger.dk\/de\/wp-json\/wp\/v2\/media?parent=9956"}],"wp:term":[{"taxonomy":"product_brand","embeddable":true,"href":"https:\/\/hosbirger.dk\/de\/wp-json\/wp\/v2\/product_brand?post=9956"},{"taxonomy":"product_cat","embeddable":true,"href":"https:\/\/hosbirger.dk\/de\/wp-json\/wp\/v2\/product_cat?post=9956"},{"taxonomy":"product_tag","embeddable":true,"href":"https:\/\/hosbirger.dk\/de\/wp-json\/wp\/v2\/product_tag?post=9956"}],"curies":[{"name":"wp","href":"https:\/\/api.w.org\/{rel}","templated":true}]}}